{"id":84834,"date":"2026-04-30T12:56:10","date_gmt":"2026-04-30T10:56:10","guid":{"rendered":"https:\/\/cristelstudio.com\/?post_type=product&#038;p=84834"},"modified":"2026-05-13T17:40:17","modified_gmt":"2026-05-13T15:40:17","slug":"hybrid-glueless-silikonimuotit","status":"publish","type":"product","link":"https:\/\/cristelstudio.com\/et\/toode\/hybrid-glueless-silikonimuotit\/","title":{"rendered":"Hybrid Glueless Silikonimuotit"},"content":{"rendered":"<div>\n<div class=\"standard-markdown grid-cols-1 grid [&amp;_&gt;_*]:min-w-0 gap-3\">\n<p class=\"font-claude-response-body break-words whitespace-normal leading-[1.7]\">Muotti seuraa luomen luonnollista kaarta, kiinnittyy paikalleen ilman liimaa ja luo lopputuloksen, joka avaa katseen kauniisti ja luonnollisesti.<\/p>\n<\/div>\n<\/div>\n<div>\n<div class=\"standard-markdown grid-cols-1 grid [&amp;_&gt;_*]:min-w-0 gap-3\">\n<p class=\"font-claude-response-body break-words whitespace-normal leading-[1.7]\"><strong>Sama efekti kuin M-kaari ripsipidennyksiss\u00e4<\/strong><\/p>\n<\/div>\n<\/div>\n<div>\n<div class=\"standard-markdown grid-cols-1 grid [&amp;_&gt;_*]:min-w-0 gap-3\">\n<p class=\"font-claude-response-body break-words whitespace-normal leading-[1.7]\">Hybridi-muotti antaa ripsille saman vaikutelman kuin <strong>M-kaari ripsipidennyksiss\u00e4<\/strong>. Muotin jalka vie ripsen tyve\u00e4 hieman eteenp\u00e4in, mink\u00e4 j\u00e4lkeen ripsi nousee sujuvasti suoraan yl\u00f6sp\u00e4in, t\u00e4m\u00e4 nostaa ja avaa katsetta n\u00e4tisti, ilman ett\u00e4 ripset k\u00e4\u00e4ntyv\u00e4t takaisin luomea kohti.<\/p>\n<\/div>\n<\/div>\n<div>\n<div class=\"standard-markdown grid-cols-1 grid [&amp;_&gt;_*]:min-w-0 gap-3\">\n<p class=\"font-claude-response-body break-words whitespace-normal leading-[1.7]\"><strong>T\u00e4ydellinen valinta\u00a0<\/strong><\/p>\n<\/div>\n<\/div>\n<div>\n<div class=\"standard-markdown grid-cols-1 grid [&amp;_&gt;_*]:min-w-0 gap-3\">\n<p class=\"font-claude-response-body break-words whitespace-normal leading-[1.7]\">Juuri t\u00e4m\u00e4 ominaisuus tekee hybrid-muotista ihanteellisen valinnan, kun asiakkaalla on <strong>raskaat luomet tai syv\u00e4ll\u00e4 olevat silm\u00e4t<\/strong>. Py\u00f6re\u00e4t muotit taivuttaa ripset usein liian voimakkaasti, jolloin ripset osuvat luomeen, hybrid-muotti ratkaisee t\u00e4m\u00e4n ongelman luonnostaan.<\/p>\n<\/div>\n<\/div>\n<div>\n<div class=\"standard-markdown grid-cols-1 grid [&amp;_&gt;_*]:min-w-0 gap-3\">\n<p class=\"font-claude-response-body break-words whitespace-normal leading-[1.7]\"><strong>Pomminvarma valinta ep\u00e4selviss\u00e4 tilanteissa<\/strong><\/p>\n<\/div>\n<\/div>\n<div>\n<div class=\"standard-markdown grid-cols-1 grid [&amp;_&gt;_*]:min-w-0 gap-3\">\n<p class=\"font-claude-response-body break-words whitespace-normal leading-[1.7]\">Jos ep\u00e4r\u00f6it muottivalintaa tai asiakkaan silm\u00e4muoto ei sovi selke\u00e4sti mihink\u00e4\u00e4n kategoriaan, <strong>hybrid-muotti on pomminvarma valinta<\/strong>. Anatominen muoto seuraa luomen kaarta luonnollisesti, joten muotti asettuu helposti paikalleen ilman liimaa.<\/p>\n<\/div>\n<\/div>\n<div>\n<div class=\"standard-markdown grid-cols-1 grid [&amp;_&gt;_*]:min-w-0 gap-3\">\n<p class=\"font-claude-response-body break-words whitespace-normal leading-[1.7]\"><strong>Liimaton kiinnitys, nopeampi k\u00e4sittely<\/strong><\/p>\n<\/div>\n<\/div>\n<div>\n<div class=\"standard-markdown grid-cols-1 grid [&amp;_&gt;_*]:min-w-0 gap-3\">\n<p class=\"font-claude-response-body break-words whitespace-normal leading-[1.7]\">Pehme\u00e4, tarttuva silikoni kiinnittyy luomelle ilman erillist\u00e4 lash lift -liimaa. T\u00e4m\u00e4 nopeuttaa ty\u00f6skentely\u00e4, v\u00e4hent\u00e4\u00e4 tuotteiden kulutusta ja tekee asiakaskokemuksesta miellytt\u00e4v\u00e4mm\u00e4n, ei kirist\u00e4v\u00e4\u00e4 liimaa luomella.<\/p>\n<\/div>\n<\/div>\n<div>\n<div class=\"standard-markdown grid-cols-1 grid [&amp;_&gt;_*]:min-w-0 gap-3\">\n<p class=\"font-claude-response-body break-words whitespace-normal leading-[1.7]\"><strong>Ominaisuudet:<\/strong><\/p>\n<\/div>\n<\/div>\n<div>\n<div class=\"standard-markdown grid-cols-1 grid [&amp;_&gt;_*]:min-w-0 gap-3\">\n<ul class=\"[li_&amp;]:mb-0 [li_&amp;]:mt-1 [li_&amp;]:gap-1 [&amp;:not(:last-child)_ul]:pb-1 [&amp;:not(:last-child)_ol]:pb-1 list-disc flex flex-col gap-1 pl-8 mb-3\">\n<li class=\"whitespace-normal break-words pl-2\">Anatominen hybrid-muoto, sama efekti kuin M-kaari ripsipidennyksiss\u00e4<\/li>\n<li class=\"whitespace-normal break-words pl-2\">Nostaa ripsen tyven eteenp\u00e4in ja k\u00e4rjen suoraan yl\u00f6s \u2192 avaa katseen<\/li>\n<li class=\"whitespace-normal break-words pl-2\">Est\u00e4\u00e4 ripsi\u00e4 k\u00e4\u00e4ntym\u00e4st\u00e4 takaisin luomea kohti<\/li>\n<li class=\"whitespace-normal break-words pl-2\">Ihanteellinen raskaille ja roikkuville luomille sek\u00e4 syv\u00e4ll\u00e4 oleville silmille<\/li>\n<li class=\"whitespace-normal break-words pl-2\">Pomminvarma valinta ep\u00e4selviss\u00e4 muottivalinnoissa<\/li>\n<li class=\"whitespace-normal break-words pl-2\">Uudelleenk\u00e4ytett\u00e4v\u00e4: pest\u00e4\u00e4n miedolla saippualla ja desinfioidaan jokaisen k\u00e4yt\u00f6n j\u00e4lkeen<\/li>\n<li class=\"whitespace-normal break-words pl-2\"><strong>Pakkauksessa: 4 paria yl\u00e4ripsien anatomisia hybrid-muotteja + 3 paria alaripsien muotteja<\/strong><\/li>\n<\/ul>\n<\/div>\n<\/div>\n<div>\n<div class=\"standard-markdown grid-cols-1 grid [&amp;_&gt;_*]:min-w-0 gap-3\">\n<p class=\"font-claude-response-body break-words whitespace-normal leading-[1.7]\">\n<\/div>\n<\/div>\n","protected":false},"excerpt":{"rendered":"<p>Muotti seuraa luomen luonnollista kaarta, kiinnittyy paikalleen ilman liimaa ja luo lopputuloksen, joka avaa katseen kauniisti ja luonnollisesti. Sama efekti kuin M-kaari ripsipidennyksiss\u00e4 Hybridi-muotti antaa ripsille saman vaikutelman kuin M-kaari [&hellip;]<\/p>\n","protected":false},"featured_media":84835,"comment_status":"closed","ping_status":"closed","template":"","meta":[],"product_brand":[],"product_cat":[204,168],"product_tag":[],"giftcard-category":[],"class_list":{"0":"post-84834","1":"product","2":"type-product","3":"status-publish","4":"has-post-thumbnail","6":"product_cat-korean-lash-lift","7":"product_cat-inlei","9":"first","10":"instock","11":"taxable","12":"shipping-taxable","13":"purchasable","14":"product-type-simple"},"supplier_id":null,"supplier_sku":"","barcode":null,"atum_controlled":true,"out_stock_date":null,"out_stock_threshold":null,"inheritable":false,"inbound_stock":0,"stock_on_hold":1,"sold_today":1,"sales_last_days":5,"reserved_stock":0,"customer_returns":0,"warehouse_damage":0,"lost_in_post":0,"other_logs":0,"out_stock_days":0,"lost_sales":0,"has_location":false,"update_date":"2026-05-13T15:48:53","atum_locations":[],"atum_stock_status":"instock","restock_status":false,"low_stock_amount":"","sales_update_date":"2026-05-13T15:48:51","calc_backorders":null,"acf":[],"_links":{"self":[{"href":"https:\/\/cristelstudio.com\/et\/wp-json\/wp\/v2\/product\/84834","targetHints":{"allow":["GET"]}}],"collection":[{"href":"https:\/\/cristelstudio.com\/et\/wp-json\/wp\/v2\/product"}],"about":[{"href":"https:\/\/cristelstudio.com\/et\/wp-json\/wp\/v2\/types\/product"}],"replies":[{"embeddable":true,"href":"https:\/\/cristelstudio.com\/et\/wp-json\/wp\/v2\/comments?post=84834"}],"wp:featuredmedia":[{"embeddable":true,"href":"https:\/\/cristelstudio.com\/et\/wp-json\/wp\/v2\/media\/84835"}],"wp:attachment":[{"href":"https:\/\/cristelstudio.com\/et\/wp-json\/wp\/v2\/media?parent=84834"}],"wp:term":[{"taxonomy":"product_brand","embeddable":true,"href":"https:\/\/cristelstudio.com\/et\/wp-json\/wp\/v2\/product_brand?post=84834"},{"taxonomy":"product_cat","embeddable":true,"href":"https:\/\/cristelstudio.com\/et\/wp-json\/wp\/v2\/product_cat?post=84834"},{"taxonomy":"product_tag","embeddable":true,"href":"https:\/\/cristelstudio.com\/et\/wp-json\/wp\/v2\/product_tag?post=84834"},{"taxonomy":"giftcard-category","embeddable":true,"href":"https:\/\/cristelstudio.com\/et\/wp-json\/wp\/v2\/giftcard-category?post=84834"}],"curies":[{"name":"wp","href":"https:\/\/api.w.org\/{rel}","templated":true}]}}