{"id":84805,"date":"2026-04-29T10:48:18","date_gmt":"2026-04-29T08:48:18","guid":{"rendered":"https:\/\/cristelstudio.com\/?post_type=product&#038;p=84805"},"modified":"2026-05-13T13:26:13","modified_gmt":"2026-05-13T11:26:13","slug":"nutri-fastfix-5g","status":"publish","type":"product","link":"https:\/\/cristelstudio.com\/et\/toode\/nutri-fastfix-5g\/","title":{"rendered":"Nutri FastFix 5g"},"content":{"rendered":"<div>\n<div class=\"standard-markdown grid-cols-1 grid [&amp;_&gt;_*]:min-w-0 gap-3\">\n<p class=\"font-claude-response-body break-words whitespace-normal leading-[1.7]\"><strong>Hoitava jauhe, joka muuttaa lifti aineiden koostumuksen\u00a0<\/strong><\/p>\n<\/div>\n<\/div>\n<div>\n<div class=\"standard-markdown grid-cols-1 grid [&amp;_&gt;_*]:min-w-0 gap-3\">\n<p class=\"font-claude-response-body break-words whitespace-normal leading-[1.7]\">Nutri FastFix on monik\u00e4ytt\u00f6inen jauhe, joka antaa sinulle t\u00e4yden hallinnan lash lift aineiden koostumukselle, samalla kun se hoitaa ripsi\u00e4 \u00a0k\u00e4sittelyn ajan. Yhdell\u00e4 tuotteella muutat juoksevan aineen paksuksi geeliksi, tahmeaksi liimattomaksi aineeksi.<\/p>\n<\/div>\n<\/div>\n<div>\n<div class=\"standard-markdown grid-cols-1 grid [&amp;_&gt;_*]:min-w-0 gap-3\">\n<h3 class=\"text-text-100 mt-3 -mb-1 text-[1.125rem] font-bold\">Mihin Nutri FastFix on tarkoitettu<\/h3>\n<\/div>\n<\/div>\n<div>\n<div class=\"standard-markdown grid-cols-1 grid [&amp;_&gt;_*]:min-w-0 gap-3\">\n<p class=\"font-claude-response-body break-words whitespace-normal leading-[1.7]\">Nutri FastFix on <strong>jauhe<\/strong>, jota sekoitetaan suoraan lift- tai fixing aineseen juuri ennen k\u00e4ytt\u00f6\u00e4. Sen avulla voit:<\/p>\n<\/div>\n<\/div>\n<div>\n<div class=\"standard-markdown grid-cols-1 grid [&amp;_&gt;_*]:min-w-0 gap-3\">\n<ul class=\"[li_&amp;]:mb-0 [li_&amp;]:mt-1 [li_&amp;]:gap-1 [&amp;:not(:last-child)_ul]:pb-1 [&amp;:not(:last-child)_ol]:pb-1 list-disc flex flex-col gap-1 pl-8 mb-3\">\n<li class=\"whitespace-normal break-words pl-2\">Luoda <strong>liimattoman korealaisen lift-tekniikan<\/strong> ilman erillist\u00e4 liimaa, ripset tarttuvat suoraan muottiin tahmean koostumuksen ansiosta<\/li>\n<li class=\"whitespace-normal break-words pl-2\">Paksuntaa <strong>liian juoksevia aineita<\/strong>, jotka valuvat luomelle tai liikkuvat k\u00e4sittelyn aikana<\/li>\n<li class=\"whitespace-normal break-words pl-2\"><strong>Vakauttaa fix-vaihetta<\/strong> ja varmistaa, ett\u00e4 muoto pysyy paikoillaan oksidaation aikana<\/li>\n<li class=\"whitespace-normal break-words pl-2\">Lis\u00e4t\u00e4 <strong>hoitavia ainesosia<\/strong> k\u00e4sittelyyn<\/li>\n<\/ul>\n<\/div>\n<p>&nbsp;<\/p>\n<h3 class=\"text-text-100 mt-3 -mb-1 text-[1.125rem] font-bold\">Hoitavat ainesosat<\/h3>\n<p class=\"font-claude-response-body break-words whitespace-normal leading-[1.7]\">Nutri FastFix on <strong>hoitava lis\u00e4, ei pelkk\u00e4 koostumuksen muokkaaja<\/strong>. Sen formula sis\u00e4lt\u00e4\u00e4 aktiivisia ainesosia, jotka tukevat ripsen rakennetta juuri silloin, kun se on kemiallisesti herkimmill\u00e4\u00e4n:<\/p>\n<p class=\"font-claude-response-body break-words whitespace-normal leading-[1.7]\">\ud83c\udf3f <strong>Biotinoyl Tripeptide-1<\/strong> \u2014 peptidi, joka tukee ripsen kasvua ja \u00a0vahvistumista<\/p>\n<p class=\"font-claude-response-body break-words whitespace-normal leading-[1.7]\">\ud83d\udca7 <strong>Panthenol (Pro-vitamiini B5)<\/strong> \u2014 kosteuttaa ja palauttaa joustavuutta<\/p>\n<p class=\"font-claude-response-body break-words whitespace-normal leading-[1.7]\">\ud83c\udf30 <strong>Manteli\u00f6ljy (Prunus Amygdalus Dulcis)<\/strong> \u2014 rikas rasvahapoissa, hoitaa ja pehment\u00e4\u00e4<\/p>\n<p class=\"font-claude-response-body break-words whitespace-normal leading-[1.7]\">\ud83c\udf31 <strong>Jojoba-\u00f6ljy (Simmondsia Chinensis)<\/strong> \u2014 tasapainottaa ja vahvistaa karvan rakennetta<\/p>\n<p class=\"font-claude-response-body break-words whitespace-normal leading-[1.7]\">\u2728 <strong>E-vitamiini (Tocopheryl Acetate)<\/strong> \u2014 antioksidantti, suojaa hapettumiselta k\u00e4sittelyn aikana<\/p>\n<p class=\"font-claude-response-body break-words whitespace-normal leading-[1.7]\">\ud83d\udc8e <strong>Glyseriini<\/strong> \u2014 sitoo kosteuden ripsen sis\u00e4lle<\/p>\n<h3 class=\"text-text-100 mt-3 -mb-1 text-[1.125rem] font-bold\">Miksi Nutri FastFix erottuu<\/h3>\n<p class=\"font-claude-response-body break-words whitespace-normal leading-[1.7]\">Useimmat lift-jauheet ovat <strong>pelkki\u00e4 paksuntajia, <\/strong>ne muuttavat koostumusta, mutta eiv\u00e4t tee mit\u00e4\u00e4n ripselle. Nutri FastFix on muotoiltu osaksi Cristel Studion <strong>Nutri-perhett\u00e4<\/strong>, jossa jokainen tuote on suunniteltu <em>hoitamaan ripsi\u00e4 k\u00e4sittelyn aikana, ei pelk\u00e4st\u00e4\u00e4n muokkaamaan sit\u00e4<\/em>. Voit yhdist\u00e4\u00e4 Nutri FastFixin NutriLift-, NutriFix- ja NutriFill-tuotteisiin, koko tuotesarja toimii yhdess\u00e4.<\/p>\n<h3 class=\"text-text-100 mt-3 -mb-1 text-[1.125rem] font-bold\">Pakkaus &amp; valmistus<\/h3>\n<ul class=\"[li_&amp;]:mb-0 [li_&amp;]:mt-1 [li_&amp;]:gap-1 [&amp;:not(:last-child)_ul]:pb-1 [&amp;:not(:last-child)_ol]:pb-1 list-disc flex flex-col gap-1 pl-8 mb-3\">\n<li class=\"whitespace-normal break-words pl-2\">Sis\u00e4lt\u00f6: 5g<\/li>\n<li class=\"whitespace-normal break-words pl-2\">Valmistettu Italiassa<\/li>\n<li class=\"whitespace-normal break-words pl-2\">S\u00e4ilytys: viile\u00e4ss\u00e4, valolta suojattuna<\/li>\n<li class=\"whitespace-normal break-words pl-2\">K\u00e4ytt\u00f6ik\u00e4 avaamisen j\u00e4lkeen: 6 kk<\/li>\n<\/ul>\n<\/div>\n","protected":false},"excerpt":{"rendered":"<p>Hoitava jauhe, joka muuttaa lifti aineiden koostumuksen\u00a0 Nutri FastFix on monik\u00e4ytt\u00f6inen jauhe, joka antaa sinulle t\u00e4yden hallinnan lash lift aineiden koostumukselle, samalla kun se hoitaa ripsi\u00e4 \u00a0k\u00e4sittelyn ajan. Yhdell\u00e4 tuotteella [&hellip;]<\/p>\n","protected":false},"featured_media":84830,"comment_status":"closed","ping_status":"closed","template":"","meta":[],"product_brand":[],"product_cat":[204,168],"product_tag":[],"giftcard-category":[],"class_list":{"0":"post-84805","1":"product","2":"type-product","3":"status-publish","4":"has-post-thumbnail","6":"product_cat-korean-lash-lift","7":"product_cat-inlei","9":"first","10":"instock","11":"taxable","12":"shipping-taxable","13":"purchasable","14":"product-type-simple"},"supplier_id":null,"supplier_sku":"","barcode":null,"atum_controlled":true,"out_stock_date":null,"out_stock_threshold":null,"inheritable":false,"inbound_stock":0,"stock_on_hold":0,"sold_today":1,"sales_last_days":5,"reserved_stock":0,"customer_returns":0,"warehouse_damage":0,"lost_in_post":0,"other_logs":0,"out_stock_days":0,"lost_sales":0,"has_location":false,"update_date":"2026-05-13T12:12:29","atum_locations":[],"atum_stock_status":"instock","restock_status":false,"low_stock_amount":"","sales_update_date":"2026-05-13T12:12:27","calc_backorders":null,"acf":[],"_links":{"self":[{"href":"https:\/\/cristelstudio.com\/et\/wp-json\/wp\/v2\/product\/84805","targetHints":{"allow":["GET"]}}],"collection":[{"href":"https:\/\/cristelstudio.com\/et\/wp-json\/wp\/v2\/product"}],"about":[{"href":"https:\/\/cristelstudio.com\/et\/wp-json\/wp\/v2\/types\/product"}],"replies":[{"embeddable":true,"href":"https:\/\/cristelstudio.com\/et\/wp-json\/wp\/v2\/comments?post=84805"}],"wp:featuredmedia":[{"embeddable":true,"href":"https:\/\/cristelstudio.com\/et\/wp-json\/wp\/v2\/media\/84830"}],"wp:attachment":[{"href":"https:\/\/cristelstudio.com\/et\/wp-json\/wp\/v2\/media?parent=84805"}],"wp:term":[{"taxonomy":"product_brand","embeddable":true,"href":"https:\/\/cristelstudio.com\/et\/wp-json\/wp\/v2\/product_brand?post=84805"},{"taxonomy":"product_cat","embeddable":true,"href":"https:\/\/cristelstudio.com\/et\/wp-json\/wp\/v2\/product_cat?post=84805"},{"taxonomy":"product_tag","embeddable":true,"href":"https:\/\/cristelstudio.com\/et\/wp-json\/wp\/v2\/product_tag?post=84805"},{"taxonomy":"giftcard-category","embeddable":true,"href":"https:\/\/cristelstudio.com\/et\/wp-json\/wp\/v2\/giftcard-category?post=84805"}],"curies":[{"name":"wp","href":"https:\/\/api.w.org\/{rel}","templated":true}]}}