{"id":83407,"date":"2026-02-12T08:08:52","date_gmt":"2026-02-12T06:08:52","guid":{"rendered":"https:\/\/cristelstudio.com\/?post_type=product&#038;p=83407"},"modified":"2026-04-06T18:39:40","modified_gmt":"2026-04-06T16:39:40","slug":"ultra-ohut-flat-shield","status":"publish","type":"product","link":"https:\/\/cristelstudio.com\/et\/toode\/ultra-ohut-flat-shield\/","title":{"rendered":"Ultra ohut flat shield"},"content":{"rendered":"<p>Superohut flat shield, joka asettuu luomelle vaivattomasti. Suunniteltu erityisesti Korean Lash Lift -tekniikkaan, t\u00e4ydellinen lyhyille ja alasp\u00e4in kasvaville ripsille.<\/p>\n<p class=\"font-claude-response-body break-words whitespace-normal leading-[1.7]\">Oletko kamppaillut perinteisten flat shieldien kanssa? Tavallisissa muoteissa alareunan paksu, kaareva kohta tekee ripsien asettelusta monesti hankalamman, erityisesti lyhyill\u00e4 ja vahvoilla, alasp\u00e4in kasvavilla ripsill\u00e4.<\/p>\n<p class=\"font-claude-response-body break-words whitespace-normal leading-[1.7]\">Ultra Thin Flat Shield on suunniteltu ratkaisemaan juuri t\u00e4m\u00e4n ongelman. Superohut materiaali asettuu luomelle tasaisesti, joten ripset on helppo nostaa ja asetella muotille alusta asti siististi.<\/p>\n<p class=\"font-claude-response-body break-words whitespace-normal leading-[1.7]\"><strong>Kenelle sopii erityisen hyvin:<\/strong><\/p>\n<p class=\"font-claude-response-body break-words whitespace-pre-wrap leading-[1.7]\">\u2013 Asiakkaille, joilla on hyvin lyhyet ripset<\/p>\n<p class=\"font-claude-response-body break-words whitespace-pre-wrap leading-[1.7]\">\u2013 Vahvoille, alasp\u00e4in kasvaville ripsille<\/p>\n<p class=\"font-claude-response-body break-words whitespace-pre-wrap leading-[1.7]\">\u2013 Tekij\u00f6ille, jotka haluavat nopeamman ja tarkemman asettelun<\/p>\n","protected":false},"excerpt":{"rendered":"<p>Superohut flat shield, joka asettuu luomelle vaivattomasti. Suunniteltu erityisesti Korean Lash Lift -tekniikkaan, t\u00e4ydellinen lyhyille ja alasp\u00e4in kasvaville ripsille. Oletko kamppaillut perinteisten flat shieldien kanssa? Tavallisissa muoteissa alareunan paksu, kaareva [&hellip;]<\/p>\n","protected":false},"featured_media":83538,"comment_status":"closed","ping_status":"closed","template":"","meta":[],"product_brand":[],"product_cat":[204,168],"product_tag":[],"giftcard-category":[],"class_list":{"0":"post-83407","1":"product","2":"type-product","3":"status-publish","4":"has-post-thumbnail","6":"product_cat-korean-lash-lift","7":"product_cat-inlei","9":"first","10":"instock","11":"taxable","12":"shipping-taxable","13":"purchasable","14":"product-type-variable"},"supplier_id":null,"supplier_sku":"","barcode":null,"atum_controlled":true,"out_stock_date":null,"out_stock_threshold":null,"inheritable":true,"inbound_stock":0,"stock_on_hold":0,"sold_today":0,"sales_last_days":5,"reserved_stock":0,"customer_returns":0,"warehouse_damage":0,"lost_in_post":0,"other_logs":0,"out_stock_days":0,"lost_sales":0,"has_location":false,"update_date":"2026-04-17T08:42:57","atum_locations":[],"atum_stock_status":"instock","restock_status":false,"low_stock_amount":"","sales_update_date":"2026-04-17T08:42:57","calc_backorders":null,"acf":[],"_links":{"self":[{"href":"https:\/\/cristelstudio.com\/et\/wp-json\/wp\/v2\/product\/83407","targetHints":{"allow":["GET"]}}],"collection":[{"href":"https:\/\/cristelstudio.com\/et\/wp-json\/wp\/v2\/product"}],"about":[{"href":"https:\/\/cristelstudio.com\/et\/wp-json\/wp\/v2\/types\/product"}],"replies":[{"embeddable":true,"href":"https:\/\/cristelstudio.com\/et\/wp-json\/wp\/v2\/comments?post=83407"}],"wp:featuredmedia":[{"embeddable":true,"href":"https:\/\/cristelstudio.com\/et\/wp-json\/wp\/v2\/media\/83538"}],"wp:attachment":[{"href":"https:\/\/cristelstudio.com\/et\/wp-json\/wp\/v2\/media?parent=83407"}],"wp:term":[{"taxonomy":"product_brand","embeddable":true,"href":"https:\/\/cristelstudio.com\/et\/wp-json\/wp\/v2\/product_brand?post=83407"},{"taxonomy":"product_cat","embeddable":true,"href":"https:\/\/cristelstudio.com\/et\/wp-json\/wp\/v2\/product_cat?post=83407"},{"taxonomy":"product_tag","embeddable":true,"href":"https:\/\/cristelstudio.com\/et\/wp-json\/wp\/v2\/product_tag?post=83407"},{"taxonomy":"giftcard-category","embeddable":true,"href":"https:\/\/cristelstudio.com\/et\/wp-json\/wp\/v2\/giftcard-category?post=83407"}],"curies":[{"name":"wp","href":"https:\/\/api.w.org\/{rel}","templated":true}]}}