{"id":82721,"date":"2026-01-04T13:00:00","date_gmt":"2026-01-04T11:00:00","guid":{"rendered":"https:\/\/cristelstudio.com\/?post_type=product&#038;p=82721"},"modified":"2026-04-16T06:41:15","modified_gmt":"2026-04-16T04:41:15","slug":"nutrifill-premium-hoitava-ja-korjaava-laminointi-voide-10ml","status":"publish","type":"product","link":"https:\/\/cristelstudio.com\/et\/toode\/nutrifill-premium-hoitava-ja-korjaava-laminointi-voide-10ml\/","title":{"rendered":"NutriFill premium hoitava ja korjaava laminointi voide"},"content":{"rendered":"<p data-start=\"343\" data-end=\"693\"><strong>Ammattilaisk\u00e4ytt\u00f6\u00f6n tarkoitettu ravitseva hoitovoide ripsien ja kulmien laminointiin.<\/strong><\/p>\n<p data-start=\"343\" data-end=\"693\"><strong data-start=\"343\" data-end=\"363\"><br \/>\nNutriFill <\/strong>on hoitava ja korjaava laminointivoide, joka on suunniteltu k\u00e4ytett\u00e4v\u00e4ksi sek\u00e4 ripsien ett\u00e4 kulmien laminoinnin yhteydess\u00e4. Se ravitsee, vahvistaa ja t\u00e4ydent\u00e4\u00e4 karvan rakennetta heti k\u00e4sittelyn j\u00e4lkeen. Tuote on kehitetty tarjoamaan maksimaalista hoitoa \u2013 juuri sit\u00e4, mit\u00e4 kemiallisen k\u00e4sittelyn j\u00e4lkeen tarvitaan.<\/p>\n<p data-start=\"695\" data-end=\"938\">Koostumus yhdist\u00e4\u00e4 korkealuokkaiset \u00f6ljyt, proteiinit ja kasviuutteet, jotka tekev\u00e4t ripsist\u00e4 ja kulmista pehme\u00e4t, vahvat ja selv\u00e4sti hyvinvoivat. NutriFill on tehokas, mutta hell\u00e4varainen hoitovaihe, joka nostaa lopputuloksen uudelle tasolle.<\/p>\n<h2 data-start=\"945\" data-end=\"972\"><strong data-start=\"948\" data-end=\"972\">Kenelle tuote sopii?<\/strong><\/h2>\n<ul data-start=\"973\" data-end=\"1175\">\n<li data-start=\"973\" data-end=\"1007\">\n<p data-start=\"975\" data-end=\"1007\">Ripsien laminaatio \/ lash lift<\/p>\n<\/li>\n<li data-start=\"1008\" data-end=\"1042\">\n<p data-start=\"1010\" data-end=\"1042\">Kulmien laminaatio \/ brow lift<\/p>\n<\/li>\n<li data-start=\"1043\" data-end=\"1107\">\n<p data-start=\"1045\" data-end=\"1107\">Kuivat, hauraat tai kemiallisesti k\u00e4sitellyt ripset &amp; kulmat<\/p>\n<h1 data-start=\"2358\" data-end=\"2385\"><strong data-start=\"2360\" data-end=\"2385\">Mit\u00e4 NutriFill tekee?<\/strong><\/h1>\n<ul data-start=\"2386\" data-end=\"2681\">\n<li data-start=\"2386\" data-end=\"2425\">\n<p data-start=\"2388\" data-end=\"2425\">Korjaa ripsen ja kulman rakennetta<\/p>\n<\/li>\n<li data-start=\"2426\" data-end=\"2458\">\n<p data-start=\"2428\" data-end=\"2458\">Vahvistaa k\u00e4sittelyn j\u00e4lkeen<\/p>\n<\/li>\n<li data-start=\"2459\" data-end=\"2494\">\n<p data-start=\"2461\" data-end=\"2494\">Pehment\u00e4\u00e4, kosteuttaa ja suojaa<\/p>\n<\/li>\n<li data-start=\"2495\" data-end=\"2554\">\n<p data-start=\"2497\" data-end=\"2554\">Lis\u00e4\u00e4 paksuutta, t\u00e4ytel\u00e4isyytt\u00e4 ja luonnollista kiiltoa<\/p>\n<\/li>\n<li data-start=\"2555\" data-end=\"2596\">\n<p data-start=\"2557\" data-end=\"2596\">Rauhoittaa ihoa ja ehk\u00e4isee \u00e4rsytyst\u00e4<\/p>\n<\/li>\n<li data-start=\"2597\" data-end=\"2630\">\n<p data-start=\"2599\" data-end=\"2630\">Parantaa lopputuloksen kestoa<\/p>\n<\/li>\n<li data-start=\"2631\" data-end=\"2681\">\n<p data-start=\"2633\" data-end=\"2681\">Tukee karvan hyvinvointia pitk\u00e4ll\u00e4 aikav\u00e4lill\u00e4<\/p>\n<\/li>\n<\/ul>\n<\/li>\n<\/ul>\n<h1 data-start=\"1182\" data-end=\"1222\"><strong data-start=\"1184\" data-end=\"1222\">Vaikuttavat aineet &amp; niiden hy\u00f6dyt<\/strong><\/h1>\n<h3 data-start=\"1224\" data-end=\"1262\"><strong data-start=\"1228\" data-end=\"1260\">Ahnfeltiopsis Concinna -uute<\/strong><\/h3>\n<p data-start=\"1263\" data-end=\"1411\">Punaisen merilev\u00e4n uute, joka rauhoittaa, kosteuttaa ja suojaa.<br data-start=\"1326\" data-end=\"1329\" \/>Auttaa yll\u00e4pit\u00e4m\u00e4\u00e4n karvan joustavuutta ja pehmeytt\u00e4, samalla v\u00e4hent\u00e4en \u00e4rsytyst\u00e4.<\/p>\n<h3 data-start=\"1413\" data-end=\"1445\"><strong data-start=\"1417\" data-end=\"1443\">Malva Sylvestris -uute<\/strong><\/h3>\n<p data-start=\"1446\" data-end=\"1604\">Syv\u00e4kosteuttava kasviuute, joka hoitaa karvan juurta ja pehment\u00e4\u00e4 karvan pintaa.<br data-start=\"1526\" data-end=\"1529\" \/>V\u00e4hent\u00e4\u00e4 k\u00e4sittelyn aiheuttamaa kuivuutta ja suojaa ymp\u00e4rist\u00f6n rasitteilta.<\/p>\n<h3 data-start=\"1606\" data-end=\"1638\"><strong data-start=\"1610\" data-end=\"1636\">Hydrolysoitu keratiini<\/strong><\/h3>\n<p data-start=\"1639\" data-end=\"1749\">T\u00e4ydent\u00e4\u00e4 ja vahvistaa ripsi- ja kulmakarvoja.<br data-start=\"1684\" data-end=\"1687\" \/>Auttaa paikkaamaan vaurioita ja tekee karvasta t\u00e4ytel\u00e4isemm\u00e4n.<\/p>\n<h3 data-start=\"1751\" data-end=\"1785\"><strong data-start=\"1755\" data-end=\"1783\">Panthenol (B5-vitamiini)<\/strong><\/h3>\n<p data-start=\"1786\" data-end=\"1889\">Sitoo kosteutta, lis\u00e4\u00e4 kiiltoa ja tekee karvasta joustavan.<br data-start=\"1845\" data-end=\"1848\" \/>Kosteuttaa syv\u00e4lt\u00e4 ja ehk\u00e4isee katkeilua.<\/p>\n<h3 data-start=\"1891\" data-end=\"1912\"><strong data-start=\"1895\" data-end=\"1910\">Risiini\u00f6ljy<\/strong><\/h3>\n<p data-start=\"1913\" data-end=\"2005\">Ravitseva ja pehment\u00e4v\u00e4 \u00f6ljy, joka tukee karvan luonnollista kasvua ja vahvistaa rakennetta.<\/p>\n<h3 data-start=\"2007\" data-end=\"2036\"><strong data-start=\"2011\" data-end=\"2034\">Hydrolysoitu silkki<\/strong><\/h3>\n<p data-start=\"2037\" data-end=\"2125\">Silottaa ja lis\u00e4\u00e4 kiiltoa. Parantaa ripsen\/karvan kampautuvuutta ja ehk\u00e4isee kuivumista.<\/p>\n<h3 data-start=\"2127\" data-end=\"2147\"><strong data-start=\"2131\" data-end=\"2145\">Kollageeni<\/strong><\/h3>\n<p data-start=\"2148\" data-end=\"2226\">Antaa rakennetta, parantaa kimmoisuutta ja tekee karvasta paksumman tuntuisen.<\/p>\n<h3 data-start=\"2228\" data-end=\"2260\"><strong data-start=\"2232\" data-end=\"2258\">Argan\u00f6ljy &amp; jojoba\u00f6ljy<\/strong><\/h3>\n<p data-start=\"2261\" data-end=\"2351\">Syv\u00e4hoitavat, pehment\u00e4v\u00e4t ja ravitsevat \u00f6ljyt, jotka palauttavat karvan kosteustasapainon.<\/p>\n<p data-start=\"2261\" data-end=\"2351\"><a href=\"https:\/\/cristelstudio.com\/et\/nutrifill-vai-hydrashield\/\">NutriFill vai HydraShield?<\/a><\/p>","protected":false},"excerpt":{"rendered":"<p>Ammattilaisk\u00e4ytt\u00f6\u00f6n tarkoitettu ravitseva hoitovoide ripsien ja kulmien laminointiin. NutriFill on hoitava ja korjaava laminointivoide, joka on suunniteltu k\u00e4ytett\u00e4v\u00e4ksi sek\u00e4 ripsien ett\u00e4 kulmien laminoinnin yhteydess\u00e4. Se ravitsee, vahvistaa ja t\u00e4ydent\u00e4\u00e4 karvan [&hellip;]<\/p>\n","protected":false},"featured_media":82962,"comment_status":"closed","ping_status":"closed","template":"","meta":[],"product_brand":[],"product_cat":[204,168],"product_tag":[],"giftcard-category":[],"class_list":{"0":"post-82721","1":"product","2":"type-product","3":"status-publish","4":"has-post-thumbnail","6":"product_cat-korean-lash-lift","7":"product_cat-inlei","9":"first","10":"instock","11":"taxable","12":"shipping-taxable","13":"purchasable","14":"product-type-variable"},"supplier_id":null,"supplier_sku":"","barcode":null,"atum_controlled":true,"out_stock_date":null,"out_stock_threshold":null,"inheritable":true,"inbound_stock":0,"stock_on_hold":0,"sold_today":1,"sales_last_days":4,"reserved_stock":0,"customer_returns":0,"warehouse_damage":0,"lost_in_post":0,"other_logs":0,"out_stock_days":0,"lost_sales":0,"has_location":false,"update_date":"2026-04-17T14:10:10","atum_locations":[],"atum_stock_status":"instock","restock_status":false,"low_stock_amount":"","sales_update_date":"2026-04-17T14:10:10","calc_backorders":null,"acf":[],"_links":{"self":[{"href":"https:\/\/cristelstudio.com\/et\/wp-json\/wp\/v2\/product\/82721","targetHints":{"allow":["GET"]}}],"collection":[{"href":"https:\/\/cristelstudio.com\/et\/wp-json\/wp\/v2\/product"}],"about":[{"href":"https:\/\/cristelstudio.com\/et\/wp-json\/wp\/v2\/types\/product"}],"replies":[{"embeddable":true,"href":"https:\/\/cristelstudio.com\/et\/wp-json\/wp\/v2\/comments?post=82721"}],"wp:featuredmedia":[{"embeddable":true,"href":"https:\/\/cristelstudio.com\/et\/wp-json\/wp\/v2\/media\/82962"}],"wp:attachment":[{"href":"https:\/\/cristelstudio.com\/et\/wp-json\/wp\/v2\/media?parent=82721"}],"wp:term":[{"taxonomy":"product_brand","embeddable":true,"href":"https:\/\/cristelstudio.com\/et\/wp-json\/wp\/v2\/product_brand?post=82721"},{"taxonomy":"product_cat","embeddable":true,"href":"https:\/\/cristelstudio.com\/et\/wp-json\/wp\/v2\/product_cat?post=82721"},{"taxonomy":"product_tag","embeddable":true,"href":"https:\/\/cristelstudio.com\/et\/wp-json\/wp\/v2\/product_tag?post=82721"},{"taxonomy":"giftcard-category","embeddable":true,"href":"https:\/\/cristelstudio.com\/et\/wp-json\/wp\/v2\/giftcard-category?post=82721"}],"curies":[{"name":"wp","href":"https:\/\/api.w.org\/{rel}","templated":true}]}}