{"id":82717,"date":"2026-01-04T12:42:27","date_gmt":"2026-01-04T10:42:27","guid":{"rendered":"https:\/\/cristelstudio.com\/?post_type=product&#038;p=82717"},"modified":"2026-04-17T13:28:47","modified_gmt":"2026-04-17T11:28:47","slug":"aurora-hearts-lash-lift-muotit-4-paria","status":"publish","type":"product","link":"https:\/\/cristelstudio.com\/et\/toode\/aurora-hearts-lash-lift-muotit-4-paria\/","title":{"rendered":"Aurora hearts Lash Lift muotit 4 paria"},"content":{"rendered":"<p>Superpehme\u00e4t, itsekiinnittyv\u00e4t silikonimuotit erityisesti Korean-tyyliseen ja liimattomaan lash liftiin.<\/p>\n<p data-start=\"273\" data-end=\"304\"><strong data-start=\"273\" data-end=\"304\">Miksi Aurora Hearts toimii:<\/strong><\/p>\n<ul data-start=\"305\" data-end=\"695\">\n<li data-start=\"305\" data-end=\"358\">\n<p data-start=\"307\" data-end=\"358\"><strong data-start=\"307\" data-end=\"324\">Self-adhesive<\/strong> \u2013 pysyy paikallaan ilman liimaa<\/p>\n<\/li>\n<li data-start=\"359\" data-end=\"429\">\n<p data-start=\"361\" data-end=\"429\"><strong data-start=\"361\" data-end=\"390\">Ultra soft jelly-silikoni<\/strong> \u2013 mukava asiakkaalle, helppo ty\u00f6st\u00e4\u00e4<\/p>\n<\/li>\n<li data-start=\"430\" data-end=\"517\">\n<p data-start=\"432\" data-end=\"517\"><strong data-start=\"432\" data-end=\"448\">Hybridimuoto<\/strong> \u2013 antaa kauniin, modernin liftin. Universaali muoto l\u00e4hes jokaiselle silm\u00e4muotolle<\/p>\n<\/li>\n<li data-start=\"518\" data-end=\"624\">\n<p data-start=\"520\" data-end=\"624\"><strong data-start=\"520\" data-end=\"544\">Ei v\u00e4rj\u00e4ydy helposti<\/strong> \u2013 pinta s\u00e4ilyy siistin\u00e4 ja uudenveroisena my\u00f6s useiden k\u00e4ytt\u00f6kertojen j\u00e4lkeen<\/p>\n<\/li>\n<li data-start=\"625\" data-end=\"695\">\n<p data-start=\"627\" data-end=\"695\"><strong data-start=\"627\" data-end=\"661\">Glueless-tekniikkaan optimoitu<\/strong> \u2013 t\u00e4ydellinen Korean lash liftiin<\/p>\n<\/li>\n<\/ul>\n<p data-start=\"697\" data-end=\"727\"><strong data-start=\"697\" data-end=\"727\">Kenelle n\u00e4m\u00e4 ovat parhaat:<\/strong><\/p>\n<ul data-start=\"728\" data-end=\"863\">\n<li data-start=\"728\" data-end=\"754\">\n<p data-start=\"730\" data-end=\"754\">Korean-style lash lift<\/p>\n<\/li>\n<li data-start=\"755\" data-end=\"788\">\n<p data-start=\"757\" data-end=\"788\">Glueless lash lift -tekniikat<\/p>\n<\/li>\n<li data-start=\"789\" data-end=\"863\">\n<p data-start=\"791\" data-end=\"863\">Ripsiteknikolle, joka haluaa nopeamman ty\u00f6skentelyn<\/p>\n<\/li>\n<\/ul>\n<p data-start=\"865\" data-end=\"886\"><strong data-start=\"865\" data-end=\"886\">Pakkaus sis\u00e4lt\u00e4\u00e4:<\/strong><\/p>\n<ul data-start=\"887\" data-end=\"928\">\n<li data-start=\"887\" data-end=\"928\">\n<p data-start=\"889\" data-end=\"928\">4 paria eri kokoisia muotteja, muotit on merkattu R (right) oikealle silm\u00e4lle ja L(left) vasemmalle silm\u00e4lle<\/p>\n<\/li>\n<\/ul>","protected":false},"excerpt":{"rendered":"<p>Superpehme\u00e4t, itsekiinnittyv\u00e4t silikonimuotit erityisesti Korean-tyyliseen ja liimattomaan lash liftiin. Miksi Aurora Hearts toimii: Self-adhesive \u2013 pysyy paikallaan ilman liimaa Ultra soft jelly-silikoni \u2013 mukava asiakkaalle, helppo ty\u00f6st\u00e4\u00e4 Hybridimuoto \u2013 antaa [&hellip;]<\/p>\n","protected":false},"featured_media":82708,"comment_status":"closed","ping_status":"closed","template":"","meta":[],"product_brand":[],"product_cat":[204,168],"product_tag":[],"giftcard-category":[],"class_list":{"0":"post-82717","1":"product","2":"type-product","3":"status-publish","4":"has-post-thumbnail","6":"product_cat-korean-lash-lift","7":"product_cat-inlei","9":"first","10":"instock","11":"taxable","12":"shipping-taxable","13":"purchasable","14":"product-type-simple"},"supplier_id":null,"supplier_sku":"","barcode":null,"atum_controlled":true,"out_stock_date":null,"out_stock_threshold":null,"inheritable":false,"inbound_stock":0,"stock_on_hold":1,"sold_today":1,"sales_last_days":7,"reserved_stock":0,"customer_returns":0,"warehouse_damage":0,"lost_in_post":0,"other_logs":0,"out_stock_days":0,"lost_sales":0,"has_location":false,"update_date":"2026-04-17T11:28:56","atum_locations":[],"atum_stock_status":"instock","restock_status":true,"low_stock_amount":"","sales_update_date":"2026-04-17T11:28:53","calc_backorders":null,"acf":[],"_links":{"self":[{"href":"https:\/\/cristelstudio.com\/et\/wp-json\/wp\/v2\/product\/82717","targetHints":{"allow":["GET"]}}],"collection":[{"href":"https:\/\/cristelstudio.com\/et\/wp-json\/wp\/v2\/product"}],"about":[{"href":"https:\/\/cristelstudio.com\/et\/wp-json\/wp\/v2\/types\/product"}],"replies":[{"embeddable":true,"href":"https:\/\/cristelstudio.com\/et\/wp-json\/wp\/v2\/comments?post=82717"}],"wp:featuredmedia":[{"embeddable":true,"href":"https:\/\/cristelstudio.com\/et\/wp-json\/wp\/v2\/media\/82708"}],"wp:attachment":[{"href":"https:\/\/cristelstudio.com\/et\/wp-json\/wp\/v2\/media?parent=82717"}],"wp:term":[{"taxonomy":"product_brand","embeddable":true,"href":"https:\/\/cristelstudio.com\/et\/wp-json\/wp\/v2\/product_brand?post=82717"},{"taxonomy":"product_cat","embeddable":true,"href":"https:\/\/cristelstudio.com\/et\/wp-json\/wp\/v2\/product_cat?post=82717"},{"taxonomy":"product_tag","embeddable":true,"href":"https:\/\/cristelstudio.com\/et\/wp-json\/wp\/v2\/product_tag?post=82717"},{"taxonomy":"giftcard-category","embeddable":true,"href":"https:\/\/cristelstudio.com\/et\/wp-json\/wp\/v2\/giftcard-category?post=82717"}],"curies":[{"name":"wp","href":"https:\/\/api.w.org\/{rel}","templated":true}]}}