{"id":82536,"date":"2025-12-23T11:15:17","date_gmt":"2025-12-23T09:15:17","guid":{"rendered":"https:\/\/cristelstudio.com\/?post_type=product&#038;p=82536"},"modified":"2026-03-31T11:41:28","modified_gmt":"2026-03-31T09:41:28","slug":"glueless-anime-lash-lift-muotit-4-paria","status":"publish","type":"product","link":"https:\/\/cristelstudio.com\/et\/toode\/glueless-anime-lash-lift-muotit-4-paria\/","title":{"rendered":"Glueless Anime Lash Lift -muotit 4 paria"},"content":{"rendered":"<p data-start=\"266\" data-end=\"501\">Muotit on valmistettu eritt\u00e4in joustavasta, itsekiinnittyv\u00e4st\u00e4 elintarvikelaatuisesta silikonista. Ne tarttuvat ihoon itsest\u00e4\u00e4n, joten <strong data-start=\"401\" data-end=\"442\">et tarvitse liimaa tai balm-tuotteita<\/strong>. Ty\u00f6skentely on nopeampaa, siistimp\u00e4\u00e4 ja stressitt\u00f6m\u00e4mp\u00e4\u00e4.<\/p>\n<p data-start=\"503\" data-end=\"684\">Pehme\u00e4 silikoni on turvallinen my\u00f6s herk\u00e4lle iholle. Muotit ovat kest\u00e4vi\u00e4 ja uudelleenk\u00e4ytett\u00e4vi\u00e4 \u2013 huuhtele ja desinfioi k\u00e4yt\u00f6n j\u00e4lkeen, ja ne ovat valmiit seuraavaan asiakkaaseen.<\/p>\n<p data-start=\"686\" data-end=\"828\">Muoteissa on <strong data-start=\"699\" data-end=\"717\">uritettu pinta<\/strong>, joka pit\u00e4\u00e4 yksitt\u00e4iset luonnonripset hyvin paikallaan ja auttaa luomaan kauniin, erottuvan <strong data-start=\"810\" data-end=\"827\">anime-efektin<\/strong>.<\/p>\n<p data-start=\"830\" data-end=\"948\">Mukana nelj\u00e4 kokoa: <strong data-start=\"850\" data-end=\"867\">S, M, L ja XL<\/strong>, joten l\u00f6yd\u00e4t sopivan vaihtoehdon eri pituisille ja muotoisille luonnonripsille.<\/p>\n<p data-start=\"950\" data-end=\"996\"><strong data-start=\"950\" data-end=\"994\">Miksi n\u00e4m\u00e4 muotit ovat loistava valinta:<\/strong><\/p>\n<ul data-start=\"997\" data-end=\"1291\">\n<li data-start=\"997\" data-end=\"1021\">\n<p data-start=\"999\" data-end=\"1021\">Ei liimaa, ei balmia<\/p>\n<\/li>\n<li data-start=\"1022\" data-end=\"1060\">\n<p data-start=\"1024\" data-end=\"1060\">Itsekiinnittyv\u00e4 silikonimateriaali<\/p>\n<\/li>\n<li data-start=\"1103\" data-end=\"1159\">\n<p data-start=\"1105\" data-end=\"1159\">Uritettu pinta pit\u00e4\u00e4 luonnonripset hyvin paikoillaan<\/p>\n<\/li>\n<li data-start=\"1160\" data-end=\"1214\">\n<p data-start=\"1162\" data-end=\"1214\">Luo selke\u00e4 ja n\u00e4ytt\u00e4v\u00e4 anime lash lift -lopputulos<\/p>\n<\/li>\n<li data-start=\"1215\" data-end=\"1256\">\n<p data-start=\"1217\" data-end=\"1256\">Helppo puhdistaa ja k\u00e4ytt\u00e4\u00e4 uudelleen<\/p>\n<\/li>\n<li data-start=\"1257\" data-end=\"1291\">\n<p data-start=\"1259\" data-end=\"1291\">Nelj\u00e4 kokoa eri ripsityypeille<\/p>\n<\/li>\n<\/ul>","protected":false},"excerpt":{"rendered":"<p>Muotit on valmistettu eritt\u00e4in joustavasta, itsekiinnittyv\u00e4st\u00e4 elintarvikelaatuisesta silikonista. Ne tarttuvat ihoon itsest\u00e4\u00e4n, joten et tarvitse liimaa tai balm-tuotteita. Ty\u00f6skentely on nopeampaa, siistimp\u00e4\u00e4 ja stressitt\u00f6m\u00e4mp\u00e4\u00e4. Pehme\u00e4 silikoni on turvallinen my\u00f6s herk\u00e4lle [&hellip;]<\/p>\n","protected":false},"featured_media":82518,"comment_status":"closed","ping_status":"closed","template":"","meta":[],"product_brand":[],"product_cat":[204,168],"product_tag":[],"giftcard-category":[],"class_list":{"0":"post-82536","1":"product","2":"type-product","3":"status-publish","4":"has-post-thumbnail","6":"product_cat-korean-lash-lift","7":"product_cat-inlei","9":"first","10":"instock","11":"taxable","12":"shipping-taxable","13":"purchasable","14":"product-type-simple"},"supplier_id":null,"supplier_sku":"","barcode":null,"atum_controlled":true,"out_stock_date":null,"out_stock_threshold":null,"inheritable":false,"inbound_stock":0,"stock_on_hold":0,"sold_today":0,"sales_last_days":0,"reserved_stock":0,"customer_returns":0,"warehouse_damage":0,"lost_in_post":0,"other_logs":0,"out_stock_days":0,"lost_sales":0,"has_location":false,"update_date":"2026-04-15T00:14:17","atum_locations":[],"atum_stock_status":"instock","restock_status":false,"low_stock_amount":"","sales_update_date":"2026-04-15T00:14:16","calc_backorders":null,"acf":[],"_links":{"self":[{"href":"https:\/\/cristelstudio.com\/et\/wp-json\/wp\/v2\/product\/82536","targetHints":{"allow":["GET"]}}],"collection":[{"href":"https:\/\/cristelstudio.com\/et\/wp-json\/wp\/v2\/product"}],"about":[{"href":"https:\/\/cristelstudio.com\/et\/wp-json\/wp\/v2\/types\/product"}],"replies":[{"embeddable":true,"href":"https:\/\/cristelstudio.com\/et\/wp-json\/wp\/v2\/comments?post=82536"}],"wp:featuredmedia":[{"embeddable":true,"href":"https:\/\/cristelstudio.com\/et\/wp-json\/wp\/v2\/media\/82518"}],"wp:attachment":[{"href":"https:\/\/cristelstudio.com\/et\/wp-json\/wp\/v2\/media?parent=82536"}],"wp:term":[{"taxonomy":"product_brand","embeddable":true,"href":"https:\/\/cristelstudio.com\/et\/wp-json\/wp\/v2\/product_brand?post=82536"},{"taxonomy":"product_cat","embeddable":true,"href":"https:\/\/cristelstudio.com\/et\/wp-json\/wp\/v2\/product_cat?post=82536"},{"taxonomy":"product_tag","embeddable":true,"href":"https:\/\/cristelstudio.com\/et\/wp-json\/wp\/v2\/product_tag?post=82536"},{"taxonomy":"giftcard-category","embeddable":true,"href":"https:\/\/cristelstudio.com\/et\/wp-json\/wp\/v2\/giftcard-category?post=82536"}],"curies":[{"name":"wp","href":"https:\/\/api.w.org\/{rel}","templated":true}]}}