{"id":82535,"date":"2025-12-23T11:07:41","date_gmt":"2025-12-23T09:07:41","guid":{"rendered":"https:\/\/cristelstudio.com\/?post_type=product&#038;p=82535"},"modified":"2026-04-08T17:53:54","modified_gmt":"2026-04-08T15:53:54","slug":"silikoninen-harja","status":"publish","type":"product","link":"https:\/\/cristelstudio.com\/et\/toode\/silikoninen-harja\/","title":{"rendered":"Silikoninen harja"},"content":{"rendered":"<p data-start=\"150\" data-end=\"339\">Cristel Studio silikoninen levitysharja on tarkka ja helppok\u00e4ytt\u00f6inen ty\u00f6kalu ripsi- ja kulmahoitoihin. Se sopii erityisesti <strong data-start=\"275\" data-end=\"324\">lash ja brow lift -aineiden \u00a0ja v\u00e4rien<\/strong> levitt\u00e4miseen.<\/p>\n<p data-start=\"341\" data-end=\"533\">Viistottu silikonip\u00e4\u00e4 auttaa levitt\u00e4m\u00e4\u00e4n tuotteen tasaisesti ja hallitusti ilman sotkua. Silikoni ei ime tuotetta itseens\u00e4, joten aine menee sinne minne pit\u00e4\u00e4 \u2013 <strong data-start=\"502\" data-end=\"520\">luonnonripsiin<\/strong>, ei harjaan.<\/p>\n<p data-start=\"535\" data-end=\"558\"><strong data-start=\"535\" data-end=\"556\">Mihin t\u00e4m\u00e4 sopii:<\/strong><\/p>\n<ul data-start=\"559\" data-end=\"651\">\n<li data-start=\"559\" data-end=\"572\">\n<p data-start=\"561\" data-end=\"572\">Lash lift<\/p>\n<\/li>\n<li data-start=\"573\" data-end=\"586\">\n<p data-start=\"575\" data-end=\"586\">Brow lift<\/p>\n<\/li>\n<li data-start=\"587\" data-end=\"617\">\n<p data-start=\"589\" data-end=\"617\">Ripsien ja kulmien v\u00e4rj\u00e4ys<\/p>\n<\/li>\n<li data-start=\"618\" data-end=\"651\">\n<p data-start=\"620\" data-end=\"651\">Hoitonesteiden tarkka levitys<\/p>\n<\/li>\n<\/ul>\n<p data-start=\"653\" data-end=\"678\"><strong data-start=\"653\" data-end=\"676\">Miksi t\u00e4m\u00e4 on hyv\u00e4:<\/strong><\/p>\n<ul data-start=\"679\" data-end=\"860\">\n<li data-start=\"679\" data-end=\"707\">\n<p data-start=\"681\" data-end=\"707\">Silikoni ei ime tuotetta<\/p>\n<\/li>\n<li data-start=\"708\" data-end=\"743\">\n<p data-start=\"710\" data-end=\"743\">Helppo puhdistaa ja desinfioida<\/p>\n<\/li>\n<li data-start=\"744\" data-end=\"777\">\n<p data-start=\"746\" data-end=\"777\">Tarkka ja siisti levitysj\u00e4lki<\/p>\n<\/li>\n<li data-start=\"778\" data-end=\"812\">\n<p data-start=\"780\" data-end=\"812\">Kest\u00e4v\u00e4 ja uudelleenk\u00e4ytett\u00e4v\u00e4<\/p>\n<\/li>\n<\/ul>","protected":false},"excerpt":{"rendered":"<p>Cristel Studio silikoninen levitysharja on tarkka ja helppok\u00e4ytt\u00f6inen ty\u00f6kalu ripsi- ja kulmahoitoihin. Se sopii erityisesti lash ja brow lift -aineiden \u00a0ja v\u00e4rien levitt\u00e4miseen. Viistottu silikonip\u00e4\u00e4 auttaa levitt\u00e4m\u00e4\u00e4n tuotteen tasaisesti ja [&hellip;]<\/p>\n","protected":false},"featured_media":82522,"comment_status":"closed","ping_status":"closed","template":"","meta":[],"product_brand":[],"product_cat":[204,168],"product_tag":[],"giftcard-category":[],"class_list":{"0":"post-82535","1":"product","2":"type-product","3":"status-publish","4":"has-post-thumbnail","6":"product_cat-korean-lash-lift","7":"product_cat-inlei","9":"first","10":"instock","11":"taxable","12":"shipping-taxable","13":"purchasable","14":"product-type-variable"},"supplier_id":null,"supplier_sku":"","barcode":null,"atum_controlled":true,"out_stock_date":null,"out_stock_threshold":null,"inheritable":true,"inbound_stock":0,"stock_on_hold":0,"sold_today":0,"sales_last_days":0,"reserved_stock":0,"customer_returns":0,"warehouse_damage":0,"lost_in_post":0,"other_logs":0,"out_stock_days":0,"lost_sales":0,"has_location":false,"update_date":"2026-04-17T08:42:57","atum_locations":[],"atum_stock_status":"instock","restock_status":false,"low_stock_amount":"","sales_update_date":"2026-04-17T08:42:57","calc_backorders":null,"acf":[],"_links":{"self":[{"href":"https:\/\/cristelstudio.com\/et\/wp-json\/wp\/v2\/product\/82535","targetHints":{"allow":["GET"]}}],"collection":[{"href":"https:\/\/cristelstudio.com\/et\/wp-json\/wp\/v2\/product"}],"about":[{"href":"https:\/\/cristelstudio.com\/et\/wp-json\/wp\/v2\/types\/product"}],"replies":[{"embeddable":true,"href":"https:\/\/cristelstudio.com\/et\/wp-json\/wp\/v2\/comments?post=82535"}],"wp:featuredmedia":[{"embeddable":true,"href":"https:\/\/cristelstudio.com\/et\/wp-json\/wp\/v2\/media\/82522"}],"wp:attachment":[{"href":"https:\/\/cristelstudio.com\/et\/wp-json\/wp\/v2\/media?parent=82535"}],"wp:term":[{"taxonomy":"product_brand","embeddable":true,"href":"https:\/\/cristelstudio.com\/et\/wp-json\/wp\/v2\/product_brand?post=82535"},{"taxonomy":"product_cat","embeddable":true,"href":"https:\/\/cristelstudio.com\/et\/wp-json\/wp\/v2\/product_cat?post=82535"},{"taxonomy":"product_tag","embeddable":true,"href":"https:\/\/cristelstudio.com\/et\/wp-json\/wp\/v2\/product_tag?post=82535"},{"taxonomy":"giftcard-category","embeddable":true,"href":"https:\/\/cristelstudio.com\/et\/wp-json\/wp\/v2\/giftcard-category?post=82535"}],"curies":[{"name":"wp","href":"https:\/\/api.w.org\/{rel}","templated":true}]}}