{"id":82534,"date":"2025-12-23T11:04:38","date_gmt":"2025-12-23T09:04:38","guid":{"rendered":"https:\/\/cristelstudio.com\/?post_type=product&#038;p=82534"},"modified":"2026-04-13T21:55:16","modified_gmt":"2026-04-13T19:55:16","slug":"silikoninen-tyoalusta-brow-ja-lash-lift-hoitoihin","status":"publish","type":"product","link":"https:\/\/cristelstudio.com\/et\/toode\/silikoninen-tyoalusta-brow-ja-lash-lift-hoitoihin\/","title":{"rendered":"Silikoninen ty\u00f6alusta brow- ja lash lift -hoitoihin"},"content":{"rendered":"<p data-start=\"174\" data-end=\"364\">Cristel Studio silikoninen ty\u00f6alusta tekee ty\u00f6skentelyst\u00e4 siistimp\u00e4\u00e4 ja nopeampaa. Alustassa on useita syvennyksi\u00e4, joihin voit laittaa <strong data-start=\"310\" data-end=\"349\">liimat, hoitoaineet ja muut nesteet<\/strong> hoidon ajaksi.<\/p>\n<p data-start=\"366\" data-end=\"559\">Joustava silikoni est\u00e4\u00e4 tuotteita valumasta ja pit\u00e4\u00e4 ne helposti k\u00e4den ulottuvilla. L\u00e4pin\u00e4kyv\u00e4 materiaali n\u00e4ytt\u00e4\u00e4 puhtaalta ja ammattimaiselta sek\u00e4 helpottaa oikean tuotteen n\u00e4kemist\u00e4 nopeasti.<\/p>\n<p data-start=\"561\" data-end=\"584\"><strong data-start=\"561\" data-end=\"582\">Mihin t\u00e4m\u00e4 sopii:<\/strong><\/p>\n<ul data-start=\"585\" data-end=\"705\">\n<li data-start=\"608\" data-end=\"634\">\n<p data-start=\"610\" data-end=\"634\">Lash lift ja brow lift<\/p>\n<\/li>\n<li data-start=\"635\" data-end=\"705\">\n<p data-start=\"637\" data-end=\"705\">Kulmien v\u00e4rj\u00e4ys<\/p>\n<\/li>\n<\/ul>\n<p data-start=\"707\" data-end=\"734\"><strong data-start=\"707\" data-end=\"732\">Miksi t\u00e4m\u00e4 on k\u00e4tev\u00e4:<\/strong><\/p>\n<ul data-start=\"735\" data-end=\"928\">\n<li data-start=\"735\" data-end=\"770\">\n<p data-start=\"737\" data-end=\"770\">Useita lokeroita eri tuotteille<\/p>\n<\/li>\n<li data-start=\"771\" data-end=\"809\">\n<p data-start=\"773\" data-end=\"809\">Silikoni ei ime tuotteita itseens\u00e4<\/p>\n<\/li>\n<li data-start=\"810\" data-end=\"845\">\n<p data-start=\"812\" data-end=\"845\">Helppo puhdistaa ja desinfioida<\/p>\n<\/li>\n<li data-start=\"846\" data-end=\"880\">\n<p data-start=\"848\" data-end=\"880\">Uudelleenk\u00e4ytett\u00e4v\u00e4 ja kest\u00e4v\u00e4<\/p>\n<\/li>\n<li data-start=\"881\" data-end=\"928\">\n<p data-start=\"883\" data-end=\"928\">Pit\u00e4\u00e4 ty\u00f6pisteen siistin\u00e4 ja j\u00e4rjestyksess\u00e4<\/p>\n<\/li>\n<\/ul>","protected":false},"excerpt":{"rendered":"<p>Cristel Studio silikoninen ty\u00f6alusta tekee ty\u00f6skentelyst\u00e4 siistimp\u00e4\u00e4 ja nopeampaa. Alustassa on useita syvennyksi\u00e4, joihin voit laittaa liimat, hoitoaineet ja muut nesteet hoidon ajaksi. Joustava silikoni est\u00e4\u00e4 tuotteita valumasta ja pit\u00e4\u00e4 [&hellip;]<\/p>\n","protected":false},"featured_media":82521,"comment_status":"closed","ping_status":"closed","template":"","meta":[],"product_brand":[],"product_cat":[204,168],"product_tag":[],"giftcard-category":[],"class_list":{"0":"post-82534","1":"product","2":"type-product","3":"status-publish","4":"has-post-thumbnail","6":"product_cat-korean-lash-lift","7":"product_cat-inlei","9":"first","10":"instock","11":"taxable","12":"shipping-taxable","13":"purchasable","14":"product-type-simple"},"supplier_id":null,"supplier_sku":"","barcode":null,"atum_controlled":true,"out_stock_date":null,"out_stock_threshold":null,"inheritable":false,"inbound_stock":0,"stock_on_hold":0,"sold_today":0,"sales_last_days":2,"reserved_stock":0,"customer_returns":0,"warehouse_damage":0,"lost_in_post":0,"other_logs":0,"out_stock_days":0,"lost_sales":0,"has_location":false,"update_date":"2026-04-16T15:27:33","atum_locations":[],"atum_stock_status":"instock","restock_status":true,"low_stock_amount":"","sales_update_date":"2026-04-16T15:27:33","calc_backorders":null,"acf":[],"_links":{"self":[{"href":"https:\/\/cristelstudio.com\/et\/wp-json\/wp\/v2\/product\/82534","targetHints":{"allow":["GET"]}}],"collection":[{"href":"https:\/\/cristelstudio.com\/et\/wp-json\/wp\/v2\/product"}],"about":[{"href":"https:\/\/cristelstudio.com\/et\/wp-json\/wp\/v2\/types\/product"}],"replies":[{"embeddable":true,"href":"https:\/\/cristelstudio.com\/et\/wp-json\/wp\/v2\/comments?post=82534"}],"wp:featuredmedia":[{"embeddable":true,"href":"https:\/\/cristelstudio.com\/et\/wp-json\/wp\/v2\/media\/82521"}],"wp:attachment":[{"href":"https:\/\/cristelstudio.com\/et\/wp-json\/wp\/v2\/media?parent=82534"}],"wp:term":[{"taxonomy":"product_brand","embeddable":true,"href":"https:\/\/cristelstudio.com\/et\/wp-json\/wp\/v2\/product_brand?post=82534"},{"taxonomy":"product_cat","embeddable":true,"href":"https:\/\/cristelstudio.com\/et\/wp-json\/wp\/v2\/product_cat?post=82534"},{"taxonomy":"product_tag","embeddable":true,"href":"https:\/\/cristelstudio.com\/et\/wp-json\/wp\/v2\/product_tag?post=82534"},{"taxonomy":"giftcard-category","embeddable":true,"href":"https:\/\/cristelstudio.com\/et\/wp-json\/wp\/v2\/giftcard-category?post=82534"}],"curies":[{"name":"wp","href":"https:\/\/api.w.org\/{rel}","templated":true}]}}