{"id":82511,"date":"2025-12-23T10:44:11","date_gmt":"2025-12-23T08:44:11","guid":{"rendered":"https:\/\/cristelstudio.com\/?post_type=product&#038;p=82511"},"modified":"2026-04-04T12:26:59","modified_gmt":"2026-04-04T10:26:59","slug":"uudelleenkaytettavat-silikoniset-silmanaluslaput","status":"publish","type":"product","link":"https:\/\/cristelstudio.com\/et\/toode\/uudelleenkaytettavat-silikoniset-silmanaluslaput\/","title":{"rendered":"Uudelleenk\u00e4ytett\u00e4v\u00e4t silikoniset silm\u00e4naluslaput"},"content":{"rendered":"<p>Silikonimateriaali asettuu napakasti silm\u00e4n alle, suojaa alaripset k\u00e4sittelyn aikana ja pysyy kauniisti paikoillaan koko hoidon ajan.<\/p>\n<p data-start=\"625\" data-end=\"667\"><strong data-start=\"625\" data-end=\"665\">Miksi Cristel Studio -silikonilaput:<\/strong><\/p>\n<ul data-start=\"668\" data-end=\"941\">\n<li data-start=\"668\" data-end=\"733\">\n<p data-start=\"670\" data-end=\"733\">Uudelleenk\u00e4ytett\u00e4v\u00e4t \u2192 ekologinen ja kustannustehokas valinta<\/p>\n<\/li>\n<li data-start=\"734\" data-end=\"788\">\n<p data-start=\"736\" data-end=\"788\">Erinomainen istuvuus ja k\u00e4ytt\u00f6mukavuus asiakkaalle<\/p>\n<\/li>\n<li data-start=\"789\" data-end=\"822\">\n<p data-start=\"791\" data-end=\"822\">Ei rypisty, ei kuivu, ei valu<\/p>\n<\/li>\n<li data-start=\"823\" data-end=\"868\">\n<p data-start=\"825\" data-end=\"868\">Helppo puhdistaa ja k\u00e4ytt\u00e4\u00e4 yh\u00e4 uudelleen<\/p>\n<\/li>\n<li data-start=\"869\" data-end=\"941\">\n<p data-start=\"871\" data-end=\"941\">T\u00e4ydelliset some videoiten ja kuvien kuvaamisen<\/p>\n<\/li>\n<li data-start=\"869\" data-end=\"941\">Vahva visuaalinen ilme<\/li>\n<\/ul>","protected":false},"excerpt":{"rendered":"<p>Silikonimateriaali asettuu napakasti silm\u00e4n alle, suojaa alaripset k\u00e4sittelyn aikana ja pysyy kauniisti paikoillaan koko hoidon ajan. Miksi Cristel Studio -silikonilaput: Uudelleenk\u00e4ytett\u00e4v\u00e4t \u2192 ekologinen ja kustannustehokas valinta Erinomainen istuvuus ja k\u00e4ytt\u00f6mukavuus [&hellip;]<\/p>\n","protected":false},"featured_media":82524,"comment_status":"closed","ping_status":"closed","template":"","meta":[],"product_brand":[],"product_cat":[204,168,95],"product_tag":[],"giftcard-category":[],"class_list":{"0":"post-82511","1":"product","2":"type-product","3":"status-publish","4":"has-post-thumbnail","6":"product_cat-korean-lash-lift","7":"product_cat-inlei","8":"product_cat-teipit","10":"first","11":"instock","12":"taxable","13":"shipping-taxable","14":"purchasable","15":"product-type-variable"},"supplier_id":null,"supplier_sku":"","barcode":null,"atum_controlled":true,"out_stock_date":null,"out_stock_threshold":null,"inheritable":true,"inbound_stock":0,"stock_on_hold":0,"sold_today":0,"sales_last_days":2,"reserved_stock":0,"customer_returns":0,"warehouse_damage":0,"lost_in_post":0,"other_logs":0,"out_stock_days":0,"lost_sales":0,"has_location":false,"update_date":"2026-04-17T08:42:57","atum_locations":[],"atum_stock_status":"instock","restock_status":false,"low_stock_amount":"","sales_update_date":"2026-04-17T08:42:57","calc_backorders":null,"acf":[],"_links":{"self":[{"href":"https:\/\/cristelstudio.com\/et\/wp-json\/wp\/v2\/product\/82511","targetHints":{"allow":["GET"]}}],"collection":[{"href":"https:\/\/cristelstudio.com\/et\/wp-json\/wp\/v2\/product"}],"about":[{"href":"https:\/\/cristelstudio.com\/et\/wp-json\/wp\/v2\/types\/product"}],"replies":[{"embeddable":true,"href":"https:\/\/cristelstudio.com\/et\/wp-json\/wp\/v2\/comments?post=82511"}],"wp:featuredmedia":[{"embeddable":true,"href":"https:\/\/cristelstudio.com\/et\/wp-json\/wp\/v2\/media\/82524"}],"wp:attachment":[{"href":"https:\/\/cristelstudio.com\/et\/wp-json\/wp\/v2\/media?parent=82511"}],"wp:term":[{"taxonomy":"product_brand","embeddable":true,"href":"https:\/\/cristelstudio.com\/et\/wp-json\/wp\/v2\/product_brand?post=82511"},{"taxonomy":"product_cat","embeddable":true,"href":"https:\/\/cristelstudio.com\/et\/wp-json\/wp\/v2\/product_cat?post=82511"},{"taxonomy":"product_tag","embeddable":true,"href":"https:\/\/cristelstudio.com\/et\/wp-json\/wp\/v2\/product_tag?post=82511"},{"taxonomy":"giftcard-category","embeddable":true,"href":"https:\/\/cristelstudio.com\/et\/wp-json\/wp\/v2\/giftcard-category?post=82511"}],"curies":[{"name":"wp","href":"https:\/\/api.w.org\/{rel}","templated":true}]}}