{"id":81447,"date":"2025-11-13T15:39:20","date_gmt":"2025-11-13T13:39:20","guid":{"rendered":"https:\/\/cristelstudio.com\/?post_type=product&#038;p=81447"},"modified":"2026-04-07T21:32:04","modified_gmt":"2026-04-07T19:32:04","slug":"nutrilift-setti-3x-5ml","status":"publish","type":"product","link":"https:\/\/cristelstudio.com\/et\/toode\/nutrilift-setti-3x-5ml\/","title":{"rendered":"Nutrilift setti 3x 5ml"},"content":{"rendered":"<p>T\u00e4m\u00e4 setti sis\u00e4lt\u00e4\u00e4:<\/p>\n<p><a href=\"https:\/\/cristelstudio.com\/et\/toode\/nutrilift-1-kulmien-ja-ripsien-cysteamine-lifti-aine-5ml\/\">NutriLift 1 Kulmien ja ripsien cysteamine lifti aine 5ml<\/a><\/p>\n<p><a href=\"https:\/\/cristelstudio.com\/et\/toode\/nutrifix-2-ripsien-ja-kulmien-lock-aine-5ml\/\">NutriFix 2 ripsien ja kulmien lock aine 5ml<\/a><\/p>\n<p><a href=\"https:\/\/cristelstudio.com\/et\/toode\/hydrashield-3-repair-shine-serum-ripsille-ja-kulmille-5ml\/\">HydraShield 3 Repair &amp;#038; Shine Serum ripsille ja kulmille 5ml<\/a><\/p>","protected":false},"excerpt":{"rendered":"<p>T\u00e4m\u00e4 setti sis\u00e4lt\u00e4\u00e4: NutriLift 1 Kulmien ja ripsien cysteamine lifti aine 5ml NutriFix 2 ripsien ja kulmien lock aine 5ml HydraShield 3 Repair &amp;#038; Shine Serum ripsille ja kulmille 5ml<\/p>","protected":false},"featured_media":81479,"comment_status":"closed","ping_status":"closed","template":"","meta":[],"product_brand":[],"product_cat":[204],"product_tag":[],"giftcard-category":[],"class_list":{"0":"post-81447","1":"product","2":"type-product","3":"status-publish","4":"has-post-thumbnail","6":"product_cat-korean-lash-lift","8":"first","9":"instock","10":"taxable","11":"shipping-taxable","12":"purchasable","13":"product-type-simple"},"supplier_id":null,"supplier_sku":"","barcode":null,"atum_controlled":true,"out_stock_date":null,"out_stock_threshold":null,"inheritable":false,"inbound_stock":0,"stock_on_hold":0,"sold_today":0,"sales_last_days":1,"reserved_stock":0,"customer_returns":0,"warehouse_damage":0,"lost_in_post":0,"other_logs":0,"out_stock_days":0,"lost_sales":0,"has_location":false,"update_date":"2026-04-17T08:43:01","atum_locations":[],"atum_stock_status":"instock","restock_status":false,"low_stock_amount":"","sales_update_date":"2026-04-17T08:43:01","calc_backorders":null,"acf":[],"_links":{"self":[{"href":"https:\/\/cristelstudio.com\/et\/wp-json\/wp\/v2\/product\/81447","targetHints":{"allow":["GET"]}}],"collection":[{"href":"https:\/\/cristelstudio.com\/et\/wp-json\/wp\/v2\/product"}],"about":[{"href":"https:\/\/cristelstudio.com\/et\/wp-json\/wp\/v2\/types\/product"}],"replies":[{"embeddable":true,"href":"https:\/\/cristelstudio.com\/et\/wp-json\/wp\/v2\/comments?post=81447"}],"wp:featuredmedia":[{"embeddable":true,"href":"https:\/\/cristelstudio.com\/et\/wp-json\/wp\/v2\/media\/81479"}],"wp:attachment":[{"href":"https:\/\/cristelstudio.com\/et\/wp-json\/wp\/v2\/media?parent=81447"}],"wp:term":[{"taxonomy":"product_brand","embeddable":true,"href":"https:\/\/cristelstudio.com\/et\/wp-json\/wp\/v2\/product_brand?post=81447"},{"taxonomy":"product_cat","embeddable":true,"href":"https:\/\/cristelstudio.com\/et\/wp-json\/wp\/v2\/product_cat?post=81447"},{"taxonomy":"product_tag","embeddable":true,"href":"https:\/\/cristelstudio.com\/et\/wp-json\/wp\/v2\/product_tag?post=81447"},{"taxonomy":"giftcard-category","embeddable":true,"href":"https:\/\/cristelstudio.com\/et\/wp-json\/wp\/v2\/giftcard-category?post=81447"}],"curies":[{"name":"wp","href":"https:\/\/api.w.org\/{rel}","templated":true}]}}