{"id":81437,"date":"2025-11-13T14:41:13","date_gmt":"2025-11-13T12:41:13","guid":{"rendered":"https:\/\/cristelstudio.com\/?post_type=product&#038;p=81437"},"modified":"2026-04-08T12:55:46","modified_gmt":"2026-04-08T10:55:46","slug":"nutrifix-2-ripsien-ja-kulmien-lock-aine-5ml","status":"publish","type":"product","link":"https:\/\/cristelstudio.com\/et\/toode\/nutrifix-2-ripsien-ja-kulmien-lock-aine-5ml\/","title":{"rendered":"NutriFix 2 ripsien ja kulmien lock aine 5ml"},"content":{"rendered":"<p data-start=\"926\" data-end=\"1052\"><strong data-start=\"976\" data-end=\"1052\">Vahvistaa taivutuksen ja hoitaa karvaa silloin, kun se on herkimmill\u00e4\u00e4n.<\/strong><\/p>\n<p data-start=\"1054\" data-end=\"1303\">Step 1:n j\u00e4lkeen karva on hetkellisesti kaikkein alttiimmassa tilassa. Siksi NutriFix 2 on kehitetty niin, ett\u00e4 se ei ainoastaan kiinnit\u00e4 taivutusta, vaan my\u00f6s <strong data-start=\"1214\" data-end=\"1258\">kosteuttaa, vahvistaa ja ravitsee karvaa<\/strong> juuri silloin, kun se sit\u00e4 eniten tarvitsee.<\/p>\n<p data-start=\"1305\" data-end=\"1521\">Koostumuksessa yhdistyv\u00e4t peroksidineutralointi ja runsas hoitava kokonaisuus: aloe, kollageeni, vehn\u00e4proteiini, panthenol, peptidej\u00e4 ja fermenttiuutteita, jotka auttavat tukemaan karvan rakennetta k\u00e4sittelyn aikana.<\/p>\n<h3 data-start=\"702\" data-end=\"739\"><strong data-start=\"706\" data-end=\"737\">Miksi t\u00e4m\u00e4 :<\/strong><\/h3>\n<ul data-start=\"740\" data-end=\"1001\">\n<li data-start=\"740\" data-end=\"810\">\n<p data-start=\"742\" data-end=\"810\">Sulkee rikkisidokset tasaisesti ja varmistaa pysyv\u00e4n lopputuloksen<\/p>\n<\/li>\n<li data-start=\"811\" data-end=\"864\">\n<p data-start=\"813\" data-end=\"864\">Kosteuttaa karvaa heti sen hauraimmassa vaiheessa<\/p>\n<\/li>\n<li data-start=\"865\" data-end=\"934\">\n<p data-start=\"867\" data-end=\"934\">V\u00e4hent\u00e4\u00e4 karheutta ja kuivumista hoitavien aktiiviaineiden avulla<\/p>\n<\/li>\n<\/ul>\n<p data-start=\"2889\" data-end=\"2919\">Hoitavat ainesosat Step 2:ssa:<\/p>\n<ul data-start=\"2921\" data-end=\"3429\">\n<li data-start=\"2921\" data-end=\"2985\">\n<p data-start=\"2923\" data-end=\"2985\"><strong data-start=\"2923\" data-end=\"2936\">Aloe vera<\/strong> kosteuttaa karvaa<\/p>\n<\/li>\n<li data-start=\"2986\" data-end=\"3046\">\n<p data-start=\"2988\" data-end=\"3046\"><strong data-start=\"2988\" data-end=\"3001\">Panthenol<\/strong> tukee karvan rakennetta ja lis\u00e4\u00e4 pehmeytt\u00e4<\/p>\n<\/li>\n<li data-start=\"3047\" data-end=\"3127\">\n<p data-start=\"3049\" data-end=\"3127\"><strong data-start=\"3049\" data-end=\"3094\">Hydrolysoitu kollageeni ja vehn\u00e4proteiini<\/strong> auttavat v\u00e4hent\u00e4m\u00e4\u00e4n karheutta<\/p>\n<\/li>\n<li data-start=\"3128\" data-end=\"3250\">\n<p data-start=\"3130\" data-end=\"3250\"><strong data-start=\"3130\" data-end=\"3195\">Biotinoyl Tripeptide-1, apigeniini, kofeiini ja oleanolihappo<\/strong> muodostavat kompleksin, joka tukee karvan elinvoimaa<\/p>\n<\/li>\n<li data-start=\"3251\" data-end=\"3311\">\n<p data-start=\"3253\" data-end=\"3311\"><strong data-start=\"3253\" data-end=\"3270\">Fermenttiuute<\/strong> tukee ihoa ja karvaa k\u00e4sittelyn aikana<\/p>\n<\/li>\n<li data-start=\"3312\" data-end=\"3429\">\n<p data-start=\"3314\" data-end=\"3429\">Pinta-aktiiviset ja hoitavat emulgaattorit tekev\u00e4t koostumuksesta tasaisesti levittyv\u00e4n ja miellytt\u00e4v\u00e4n tuntuisen<\/p>\n<\/li>\n<\/ul>\n<p data-start=\"1523\" data-end=\"1770\">Vegaaninen \u00b7 Cruelty-free<\/p>\n<p data-start=\"1523\" data-end=\"1770\">Sopii klassiseen lash liftiin, Korean lash liftiin ja brow liftiin<\/p>","protected":false},"excerpt":{"rendered":"<p>Vahvistaa taivutuksen ja hoitaa karvaa silloin, kun se on herkimmill\u00e4\u00e4n. Step 1:n j\u00e4lkeen karva on hetkellisesti kaikkein alttiimmassa tilassa. Siksi NutriFix 2 on kehitetty niin, ett\u00e4 se ei ainoastaan kiinnit\u00e4 [&hellip;]<\/p>\n","protected":false},"featured_media":81477,"comment_status":"closed","ping_status":"closed","template":"","meta":[],"product_brand":[],"product_cat":[204],"product_tag":[],"giftcard-category":[],"class_list":{"0":"post-81437","1":"product","2":"type-product","3":"status-publish","4":"has-post-thumbnail","6":"product_cat-korean-lash-lift","8":"first","9":"instock","10":"taxable","11":"shipping-taxable","12":"purchasable","13":"product-type-simple"},"supplier_id":null,"supplier_sku":"","barcode":null,"atum_controlled":true,"out_stock_date":null,"out_stock_threshold":null,"inheritable":false,"inbound_stock":0,"stock_on_hold":0,"sold_today":0,"sales_last_days":3,"reserved_stock":0,"customer_returns":0,"warehouse_damage":0,"lost_in_post":0,"other_logs":0,"out_stock_days":0,"lost_sales":0,"has_location":false,"update_date":"2026-04-17T08:43:02","atum_locations":[],"atum_stock_status":"instock","restock_status":false,"low_stock_amount":"","sales_update_date":"2026-04-17T08:43:02","calc_backorders":null,"acf":[],"_links":{"self":[{"href":"https:\/\/cristelstudio.com\/et\/wp-json\/wp\/v2\/product\/81437","targetHints":{"allow":["GET"]}}],"collection":[{"href":"https:\/\/cristelstudio.com\/et\/wp-json\/wp\/v2\/product"}],"about":[{"href":"https:\/\/cristelstudio.com\/et\/wp-json\/wp\/v2\/types\/product"}],"replies":[{"embeddable":true,"href":"https:\/\/cristelstudio.com\/et\/wp-json\/wp\/v2\/comments?post=81437"}],"wp:featuredmedia":[{"embeddable":true,"href":"https:\/\/cristelstudio.com\/et\/wp-json\/wp\/v2\/media\/81477"}],"wp:attachment":[{"href":"https:\/\/cristelstudio.com\/et\/wp-json\/wp\/v2\/media?parent=81437"}],"wp:term":[{"taxonomy":"product_brand","embeddable":true,"href":"https:\/\/cristelstudio.com\/et\/wp-json\/wp\/v2\/product_brand?post=81437"},{"taxonomy":"product_cat","embeddable":true,"href":"https:\/\/cristelstudio.com\/et\/wp-json\/wp\/v2\/product_cat?post=81437"},{"taxonomy":"product_tag","embeddable":true,"href":"https:\/\/cristelstudio.com\/et\/wp-json\/wp\/v2\/product_tag?post=81437"},{"taxonomy":"giftcard-category","embeddable":true,"href":"https:\/\/cristelstudio.com\/et\/wp-json\/wp\/v2\/giftcard-category?post=81437"}],"curies":[{"name":"wp","href":"https:\/\/api.w.org\/{rel}","templated":true}]}}