{"id":74124,"date":"2024-11-15T13:20:11","date_gmt":"2024-11-15T11:20:11","guid":{"rendered":"https:\/\/cristelstudio.com\/?post_type=product&#038;p=74124"},"modified":"2026-04-02T10:55:06","modified_gmt":"2026-04-02T08:55:06","slug":"fast-fix-7g","status":"publish","type":"product","link":"https:\/\/cristelstudio.com\/et\/toode\/fast-fix-7g\/","title":{"rendered":"Fast Fix lash lift powder"},"content":{"rendered":"<p><strong>Fast Fix<\/strong> -tuotteen monipuolisuus tekee siit\u00e4 t\u00e4ydellisen apuv\u00e4lineen kestotaivutusten helpottamiseen.<\/p>\n<ol>\n<li><strong>Koostumuksen parantaminen:<\/strong> Jos kestotaivutusaineesi ovat liian juoksevia ja niiden levitys ripsille on haastavaa, voit muuttaa niiden koostumusta turvallisesti Fast Fixin avulla.<\/li>\n<li><strong>Liimaton lash lift:<\/strong> K\u00e4yt\u00e4tk\u00f6 lash lift -aineita, joita voidaan levitt\u00e4\u00e4 koko luonnonripsien matkalta, kuten cysteamiini-pohjaisia tuotteita? Sekoittamalla Fast Fixia kestotaivutusaineiden kanssa voit luopua liiman k\u00e4yt\u00f6st\u00e4 kokonaan.<\/li>\n<\/ol>\n<p>Fast Fix tekee ty\u00f6skentelyst\u00e4si nopeampaa ja vaivattomampaa ilman kompromisseja laadussa.<\/p>\n<h3><strong><br \/>\nFast Fix -ominaisuudet ja -edut<\/strong><\/h3>\n<ul>\n<li><strong>Parantaa lifti aineen koostumusta<\/strong>: Paksuntaa kestotaivutusainetta ja tekee levityksest\u00e4 tarkempaa sek\u00e4 hallitumpaa.<\/li>\n<li><strong>Ei liimaj\u00e4\u00e4mi\u00e4<\/strong>: Nopeampi ja puhtaampi prosessi ilman ylim\u00e4\u00e4r\u00e4ist\u00e4 puhdistusty\u00f6t\u00e4.<\/li>\n<li><strong>Helpottaa ripsien erottelua<\/strong>: Pit\u00e4\u00e4 ripset turvallisesti ja siististi paikoillaan silikonityynyill\u00e4.<\/li>\n<li><strong>Yhteensopiva kaikkien merkkien kanssa<\/strong>\n<div class=\"flex-shrink-0 flex flex-col relative items-end\">\n<div>\n<div class=\"pt-0\">\n<div class=\"gizmo-bot-avatar flex h-8 w-8 items-center justify-center overflow-hidden rounded-full\">\n<div class=\"relative p-1 rounded-sm flex items-center justify-center bg-token-main-surface-primary text-token-text-primary h-8 w-8\"><\/div>\n<\/div>\n<\/div>\n<\/div>\n<\/div>\n<div class=\"group\/conversation-turn relative flex w-full min-w-0 flex-col agent-turn\">\n<div class=\"flex-col gap-1 md:gap-3\">\n<div class=\"flex max-w-full flex-col flex-grow\">\n<div class=\"min-h-8 text-message flex w-full flex-col items-end gap-2 whitespace-normal break-words [.text-message+&amp;]:mt-5\" dir=\"auto\" data-message-author-role=\"assistant\" data-message-id=\"e758d08f-0ca4-4e2d-9e55-62d4a45740c6\" data-client-thread-id=\"WEB:56a4f0e0-612d-4316-a8e0-7f91aea94ad5\" data-message-model-slug=\"gpt-4o\">\n<div class=\"flex w-full flex-col gap-1 empty:hidden first:pt-[3px]\">\n<div class=\"markdown prose w-full break-words dark:prose-invert light\">\n<p>&nbsp;<\/p>\n<\/div>\n<\/div>\n<\/div>\n<\/div>\n<\/div>\n<\/div>\n<\/li>\n<\/ul>\n","protected":false},"excerpt":{"rendered":"<p>Fast Fix -tuotteen monipuolisuus tekee siit\u00e4 t\u00e4ydellisen apuv\u00e4lineen kestotaivutusten helpottamiseen. Koostumuksen parantaminen: Jos kestotaivutusaineesi ovat liian juoksevia ja niiden levitys ripsille on haastavaa, voit muuttaa niiden koostumusta turvallisesti Fast Fixin [&hellip;]<\/p>\n","protected":false},"featured_media":74121,"comment_status":"closed","ping_status":"closed","template":"","meta":[],"product_brand":[],"product_cat":[204,168],"product_tag":[],"giftcard-category":[],"class_list":{"0":"post-74124","1":"product","2":"type-product","3":"status-publish","4":"has-post-thumbnail","6":"product_cat-korean-lash-lift","7":"product_cat-inlei","9":"first","10":"outofstock","11":"taxable","12":"shipping-taxable","13":"purchasable","14":"product-type-variable"},"supplier_id":null,"supplier_sku":"","barcode":null,"atum_controlled":true,"out_stock_date":"2026-01-19 13:14:37","out_stock_threshold":null,"inheritable":true,"inbound_stock":0,"stock_on_hold":0,"sold_today":0,"sales_last_days":5,"reserved_stock":0,"customer_returns":0,"warehouse_damage":0,"lost_in_post":0,"other_logs":0,"out_stock_days":82,"lost_sales":0,"has_location":false,"update_date":"2026-04-12T00:12:30","atum_locations":[],"atum_stock_status":"outofstock","restock_status":false,"low_stock_amount":"","sales_update_date":"2026-04-12T00:12:29","calc_backorders":null,"acf":[],"_links":{"self":[{"href":"https:\/\/cristelstudio.com\/et\/wp-json\/wp\/v2\/product\/74124","targetHints":{"allow":["GET"]}}],"collection":[{"href":"https:\/\/cristelstudio.com\/et\/wp-json\/wp\/v2\/product"}],"about":[{"href":"https:\/\/cristelstudio.com\/et\/wp-json\/wp\/v2\/types\/product"}],"replies":[{"embeddable":true,"href":"https:\/\/cristelstudio.com\/et\/wp-json\/wp\/v2\/comments?post=74124"}],"wp:featuredmedia":[{"embeddable":true,"href":"https:\/\/cristelstudio.com\/et\/wp-json\/wp\/v2\/media\/74121"}],"wp:attachment":[{"href":"https:\/\/cristelstudio.com\/et\/wp-json\/wp\/v2\/media?parent=74124"}],"wp:term":[{"taxonomy":"product_brand","embeddable":true,"href":"https:\/\/cristelstudio.com\/et\/wp-json\/wp\/v2\/product_brand?post=74124"},{"taxonomy":"product_cat","embeddable":true,"href":"https:\/\/cristelstudio.com\/et\/wp-json\/wp\/v2\/product_cat?post=74124"},{"taxonomy":"product_tag","embeddable":true,"href":"https:\/\/cristelstudio.com\/et\/wp-json\/wp\/v2\/product_tag?post=74124"},{"taxonomy":"giftcard-category","embeddable":true,"href":"https:\/\/cristelstudio.com\/et\/wp-json\/wp\/v2\/giftcard-category?post=74124"}],"curies":[{"name":"wp","href":"https:\/\/api.w.org\/{rel}","templated":true}]}}