{"id":72384,"date":"2024-09-04T09:37:46","date_gmt":"2024-09-04T07:37:46","guid":{"rendered":"https:\/\/cristelstudio.com\/?post_type=product&#038;p=72384"},"modified":"2025-06-18T14:10:26","modified_gmt":"2025-06-18T12:10:26","slug":"afforty-brown-selection-l-curl-2","status":"publish","type":"product","link":"https:\/\/cristelstudio.com\/et\/toode\/afforty-brown-selection-l-curl-2\/","title":{"rendered":"Afforty Brown Selection L+ curl"},"content":{"rendered":"<p>Uutuutena saatavilla 0,06 mix rasiat ja 0,06 D Dark Chocolate yksitt\u00e4ispituudet! &#8220;M\u00e4 testasin heti ekana niit\u00e4 dark chocolate CC kuituja ja ne oli kyll\u00e4 ihan super! T\u00e4ydellinen tumman ruskea s\u00e4vy ja kaarevuus menee kauniisti niiss\u00e4. S\u00e4vy on niin tumma ettei asiakkaat edes erota ett\u00e4 onko tumman ruskea vai musta <span class=\"pq6dq46d tbxw36s4 knj5qynh kvgmc6g5 ditlmg2l oygrvhab nvdbi5me sf5mxxl7 gl3lb2sf hhz5lgdu\"><img decoding=\"async\" src=\"https:\/\/static.xx.fbcdn.net\/images\/emoji.php\/v9\/t4\/1\/16\/1f60f.png\" alt=\"\ud83d\ude0f\" width=\"16\" height=\"16\" \/><\/span> Yhdistin niit\u00e4 dark chocoja dark brownin kans yhdess\u00e4 huollossa ja ne sulautu kesken\u00e4\u00e4n todella kauniisti <span class=\"pq6dq46d tbxw36s4 knj5qynh kvgmc6g5 ditlmg2l oygrvhab nvdbi5me sf5mxxl7 gl3lb2sf hhz5lgdu\"><img decoding=\"async\" src=\"https:\/\/static.xx.fbcdn.net\/images\/emoji.php\/v9\/t2\/1\/16\/1f60d.png\" alt=\"\ud83d\ude0d\" width=\"16\" height=\"16\" \/><\/span> Minimixit mustina 4-6mm oli ihan super hyv\u00e4laatuisia, jopa se nelj\u00e4 millinen. &#8221; -Tia Randelin. Instagram @winksalo<\/p>","protected":false},"excerpt":{"rendered":"<p>Uutuutena saatavilla 0,06 mix rasiat ja 0,06 D Dark Chocolate yksitt\u00e4ispituudet! &#8220;M\u00e4 testasin heti ekana niit\u00e4 dark chocolate CC kuituja ja ne oli kyll\u00e4 ihan super! T\u00e4ydellinen tumman ruskea s\u00e4vy [&hellip;]<\/p>\n","protected":false},"featured_media":71215,"comment_status":"closed","ping_status":"closed","template":"","meta":[],"product_brand":[],"product_cat":[182,180],"product_tag":[],"giftcard-category":[],"class_list":{"0":"post-72384","1":"product","2":"type-product","3":"status-publish","4":"has-post-thumbnail","6":"product_cat-afforty-lashes","7":"product_cat-ruskeat-kuidut","9":"first","10":"outofstock","11":"taxable","12":"shipping-taxable","13":"purchasable","14":"product-type-variable","15":"has-default-attributes"},"supplier_id":null,"supplier_sku":"","barcode":null,"atum_controlled":true,"out_stock_date":null,"out_stock_threshold":null,"inheritable":false,"inbound_stock":0,"stock_on_hold":0,"sold_today":0,"sales_last_days":0,"reserved_stock":0,"customer_returns":0,"warehouse_damage":0,"lost_in_post":0,"other_logs":0,"out_stock_days":0,"lost_sales":0,"has_location":false,"update_date":"2026-04-16T00:11:45","atum_locations":[],"atum_stock_status":"outofstock","restock_status":false,"low_stock_amount":"","sales_update_date":"2026-04-16T00:11:44","calc_backorders":null,"acf":[],"_links":{"self":[{"href":"https:\/\/cristelstudio.com\/et\/wp-json\/wp\/v2\/product\/72384","targetHints":{"allow":["GET"]}}],"collection":[{"href":"https:\/\/cristelstudio.com\/et\/wp-json\/wp\/v2\/product"}],"about":[{"href":"https:\/\/cristelstudio.com\/et\/wp-json\/wp\/v2\/types\/product"}],"replies":[{"embeddable":true,"href":"https:\/\/cristelstudio.com\/et\/wp-json\/wp\/v2\/comments?post=72384"}],"wp:featuredmedia":[{"embeddable":true,"href":"https:\/\/cristelstudio.com\/et\/wp-json\/wp\/v2\/media\/71215"}],"wp:attachment":[{"href":"https:\/\/cristelstudio.com\/et\/wp-json\/wp\/v2\/media?parent=72384"}],"wp:term":[{"taxonomy":"product_brand","embeddable":true,"href":"https:\/\/cristelstudio.com\/et\/wp-json\/wp\/v2\/product_brand?post=72384"},{"taxonomy":"product_cat","embeddable":true,"href":"https:\/\/cristelstudio.com\/et\/wp-json\/wp\/v2\/product_cat?post=72384"},{"taxonomy":"product_tag","embeddable":true,"href":"https:\/\/cristelstudio.com\/et\/wp-json\/wp\/v2\/product_tag?post=72384"},{"taxonomy":"giftcard-category","embeddable":true,"href":"https:\/\/cristelstudio.com\/et\/wp-json\/wp\/v2\/giftcard-category?post=72384"}],"curies":[{"name":"wp","href":"https:\/\/api.w.org\/{rel}","templated":true}]}}