{"id":65856,"date":"2024-01-17T13:41:57","date_gmt":"2024-01-17T11:41:57","guid":{"rendered":"https:\/\/cristelstudio.com\/?post_type=product&#038;p=65856"},"modified":"2025-05-15T17:07:35","modified_gmt":"2025-05-15T15:07:35","slug":"cristel-studio-kilpailu-helsinkissa-6-7-4-2024-cristel-studio-lash-competition-helsinki-6-7-4","status":"publish","type":"product","link":"https:\/\/cristelstudio.com\/et\/toode\/cristel-studio-kilpailu-helsinkissa-6-7-4-2024-cristel-studio-lash-competition-helsinki-6-7-4\/","title":{"rendered":"Cristel Studio RipsiKilpailu Vantaa 17.5.2025\/ Cristel Studio Lash Competition Vantaa 17.5.2025"},"content":{"rendered":"<p>Fin:<\/p>\n<p>Lipun oston yhteydess\u00e4 mainitse tilauksen viestin kohdalla, mihin haluat osallistua ja ilmoita my\u00f6s kokemus!<\/p>\n<p>Meill\u00e4 on klassiset 1:1 ripsienpidennykset, Light Volume 2-3D ripsienpidennykset, Dark Volume 5-6D ripsienpidennykset \u00a0ja viimeisen\u00e4 muttei v\u00e4h\u00e4isimp\u00e4n\u00e4 Wet\/Wispy effekti. Wet\/Wispy effektissa huomioidaan kaikenlaiset wet look -efektit, Kim K\/Wispy -efektit. Voit k\u00e4ytt\u00e4\u00e4 kaikenlaisia kaarevuuksia ja my\u00f6s v\u00e4rikuituja.<\/p>\n<p><strong>Kokemus<\/strong><\/p>\n<p>Juniori: alle 2 vuoden kokemus<\/p>\n<p>Expert: 2-4 vuoden kokemus<\/p>\n<p>Professional: yli 4 vuoden kokemus ja kouluttajat<\/p>\n<p>Wet\/Wipsy effektiss\u00e4 kaikki kilpailevat samalla tasolla!<\/p>\n<p>HUOM! Rekister\u00f6ity\u00e4ksesi sinun tulee l\u00e4hett\u00e4\u00e4 meille kuva ensimm\u00e4isest\u00e4 todistuksestasi ja sosiaalisen median tilist\u00e4si ty\u00f6kokemuksesi osoittamiseksi.<\/p>\n<p><strong>Live kilpailuissa voittaneet ripsiteknikot kilpaile yht\u00e4 tasoa korkeammalla. Esimerkiksi, sinun ty\u00f6kokemus on alle 2 vuotta, mutta oot voittanu aiemmissa live kilpailuissa 1. sijan, siirryt yht\u00e4 tasoa korkeammalle, eli kilpailet meid\u00e4n kilpailussa expert tasolla.<\/strong><\/p>\n<p>Ripsikouluttajat kilpailevat ammattilaisina kaikissa ripsienpidennyskategorioissa. Ei ole v\u00e4li\u00e4, koulutatko vain klassisia ripsia vai vain volyymej\u00e4. Sinua pidet\u00e4\u00e4n edelleen kouluttajana.<\/p>\n<p>Enemm\u00e4n infoa :\u00a0<a href=\"https:\/\/cristelstudio.com\/et\/cristel-studio-event-5-7-4-2024\/\">https:\/\/cristelstudio.com\/cristel-studio-event-5-7-4-2024\/<\/a><\/p>\n<p>ENG:<\/p>\n<p>When purchasing the ticket, please mention in the order message which category you want to participate in and also indicate your experience!<\/p>\n<p>We offer the following categories: Classic 1:1 eyelash extensions, Light Volume 2-3D eyelash extensions, Dark Volume 5-6D eyelash extensions, and last but not least, the Wet\/Wispy effect. In the Wet\/Wispy effect category, all kinds of wet-look effects, Kim K\/Wispy effects are considered. You can use any type of curl and also colored lashes.<\/p>\n<p><strong>Experience Levels:<\/strong><\/p>\n<ul>\n<li><strong>Junior:<\/strong> Less than 2 years of experience<\/li>\n<li><strong>Expert:<\/strong> 2-4 years of experience<\/li>\n<li><strong>Professional:<\/strong> More than 4 years of experience, including trainers<\/li>\n<\/ul>\n<p>In the Wet\/Wispy effect category, everyone competes at the same level!<\/p>\n<p><strong>NOTE:<\/strong> To register, you need to send us a photo of your first certificate and your social media account to verify your work experience.<\/p>\n<p>Lash technicians who have won in live competitions will compete at one level higher. For example, if your experience is less than 2 years but you have won 1st place in a previous live competition, you will move up one level and compete at the expert level in our competition.<\/p>\n<p>Lash trainers compete as professionals in all eyelash extension categories. It doesn&#8217;t matter if you only train in classic lashes or just volumes, you are still considered a trainer.<\/p>\n<p>&nbsp;<\/p>\n<p>More info: <a href=\"https:\/\/cristelstudio.com\/et\/cristel-studio-event-5-7-4-2024\/\">https:\/\/cristelstudio.com\/cristel-studio-event-5-7-4-2024\/<\/a><\/p>","protected":false},"excerpt":{"rendered":"<p>Fin: Lipun oston yhteydess\u00e4 mainitse tilauksen viestin kohdalla, mihin haluat osallistua ja ilmoita my\u00f6s kokemus! Meill\u00e4 on klassiset 1:1 ripsienpidennykset, Light Volume 2-3D ripsienpidennykset, Dark Volume 5-6D ripsienpidennykset \u00a0ja viimeisen\u00e4 [&hellip;]<\/p>\n","protected":false},"featured_media":65893,"comment_status":"closed","ping_status":"closed","template":"","meta":[],"product_brand":[],"product_cat":[173,199],"product_tag":[],"giftcard-category":[],"class_list":{"0":"post-65856","1":"product","2":"type-product","3":"status-publish","4":"has-post-thumbnail","6":"product_cat-competition","7":"product_cat-cristel-studio-event-2025","8":"product_shipping_class-lash-competition","10":"first","11":"instock","12":"taxable","13":"shipping-taxable","14":"purchasable","15":"product-type-variable"},"supplier_id":null,"supplier_sku":"","barcode":null,"atum_controlled":true,"out_stock_date":null,"out_stock_threshold":null,"inheritable":false,"inbound_stock":0,"stock_on_hold":0,"sold_today":0,"sales_last_days":0,"reserved_stock":0,"customer_returns":0,"warehouse_damage":0,"lost_in_post":0,"other_logs":0,"out_stock_days":0,"lost_sales":0,"has_location":false,"update_date":"2026-04-17T15:03:09","atum_locations":[],"atum_stock_status":"instock","restock_status":false,"low_stock_amount":"","sales_update_date":"2026-04-17T15:03:09","calc_backorders":null,"acf":[],"_links":{"self":[{"href":"https:\/\/cristelstudio.com\/et\/wp-json\/wp\/v2\/product\/65856","targetHints":{"allow":["GET"]}}],"collection":[{"href":"https:\/\/cristelstudio.com\/et\/wp-json\/wp\/v2\/product"}],"about":[{"href":"https:\/\/cristelstudio.com\/et\/wp-json\/wp\/v2\/types\/product"}],"replies":[{"embeddable":true,"href":"https:\/\/cristelstudio.com\/et\/wp-json\/wp\/v2\/comments?post=65856"}],"wp:featuredmedia":[{"embeddable":true,"href":"https:\/\/cristelstudio.com\/et\/wp-json\/wp\/v2\/media\/65893"}],"wp:attachment":[{"href":"https:\/\/cristelstudio.com\/et\/wp-json\/wp\/v2\/media?parent=65856"}],"wp:term":[{"taxonomy":"product_brand","embeddable":true,"href":"https:\/\/cristelstudio.com\/et\/wp-json\/wp\/v2\/product_brand?post=65856"},{"taxonomy":"product_cat","embeddable":true,"href":"https:\/\/cristelstudio.com\/et\/wp-json\/wp\/v2\/product_cat?post=65856"},{"taxonomy":"product_tag","embeddable":true,"href":"https:\/\/cristelstudio.com\/et\/wp-json\/wp\/v2\/product_tag?post=65856"},{"taxonomy":"giftcard-category","embeddable":true,"href":"https:\/\/cristelstudio.com\/et\/wp-json\/wp\/v2\/giftcard-category?post=65856"}],"curies":[{"name":"wp","href":"https:\/\/api.w.org\/{rel}","templated":true}]}}