{"id":5316,"date":"2018-10-29T18:26:14","date_gmt":"2018-10-29T16:26:14","guid":{"rendered":"https:\/\/cristelstudio.com\/?post_type=product&#038;p=5316"},"modified":"2026-04-08T16:30:19","modified_gmt":"2026-04-08T14:30:19","slug":"simple","status":"publish","type":"product","link":"https:\/\/cristelstudio.com\/et\/toode\/simple\/","title":{"rendered":"Simple"},"content":{"rendered":"","protected":false},"excerpt":{"rendered":"<p>Simple<br \/>\n&#8211; 5ml<br \/>\n&#8211; 1-2 sec liima<br \/>\n&#8211; Toimii hyvin matalassa sek\u00e4 korkeassa kosteudessa<br \/>\n&#8211; T\u00e4ydellinen 20-24 C asteen l\u00e4mp\u00f6tilassa<br \/>\n&#8211; Eritt\u00e4in v\u00e4h\u00e4n liimah\u00f6yryj\u00e4<br \/>\n\u2013 Avamata liim s\u00e4ilib 6 kuud<br \/>\n&#8211; Avattu liima on suositeltava vaihtaa 4 viikon j\u00e4lkeen.<\/p>","protected":false},"featured_media":71330,"comment_status":"open","ping_status":"closed","template":"","meta":[],"product_brand":[],"product_cat":[89],"product_tag":[],"giftcard-category":[],"class_list":{"0":"post-5316","1":"product","2":"type-product","3":"status-publish","4":"has-post-thumbnail","6":"product_cat-liimat","8":"first","9":"outofstock","10":"taxable","11":"shipping-taxable","12":"purchasable","13":"product-type-simple"},"supplier_id":null,"supplier_sku":"","barcode":null,"atum_controlled":true,"out_stock_date":"2026-04-08 16:30:19","out_stock_threshold":null,"inheritable":false,"inbound_stock":0,"stock_on_hold":10,"sold_today":4,"sales_last_days":47,"reserved_stock":0,"customer_returns":0,"warehouse_damage":0,"lost_in_post":0,"other_logs":0,"out_stock_days":0,"lost_sales":0,"has_location":false,"update_date":"2026-04-08T16:23:51","atum_locations":[],"atum_stock_status":"outofstock","restock_status":false,"low_stock_amount":"","sales_update_date":"2026-04-08T16:23:49","calc_backorders":null,"acf":[],"_links":{"self":[{"href":"https:\/\/cristelstudio.com\/et\/wp-json\/wp\/v2\/product\/5316","targetHints":{"allow":["GET"]}}],"collection":[{"href":"https:\/\/cristelstudio.com\/et\/wp-json\/wp\/v2\/product"}],"about":[{"href":"https:\/\/cristelstudio.com\/et\/wp-json\/wp\/v2\/types\/product"}],"replies":[{"embeddable":true,"href":"https:\/\/cristelstudio.com\/et\/wp-json\/wp\/v2\/comments?post=5316"}],"wp:featuredmedia":[{"embeddable":true,"href":"https:\/\/cristelstudio.com\/et\/wp-json\/wp\/v2\/media\/71330"}],"wp:attachment":[{"href":"https:\/\/cristelstudio.com\/et\/wp-json\/wp\/v2\/media?parent=5316"}],"wp:term":[{"taxonomy":"product_brand","embeddable":true,"href":"https:\/\/cristelstudio.com\/et\/wp-json\/wp\/v2\/product_brand?post=5316"},{"taxonomy":"product_cat","embeddable":true,"href":"https:\/\/cristelstudio.com\/et\/wp-json\/wp\/v2\/product_cat?post=5316"},{"taxonomy":"product_tag","embeddable":true,"href":"https:\/\/cristelstudio.com\/et\/wp-json\/wp\/v2\/product_tag?post=5316"},{"taxonomy":"giftcard-category","embeddable":true,"href":"https:\/\/cristelstudio.com\/et\/wp-json\/wp\/v2\/giftcard-category?post=5316"}],"curies":[{"name":"wp","href":"https:\/\/api.w.org\/{rel}","templated":true}]}}