{"id":31957,"date":"2020-12-11T21:09:57","date_gmt":"2020-12-11T19:09:57","guid":{"rendered":"https:\/\/cristelstudio.com\/?post_type=product&#038;p=31957"},"modified":"2026-04-17T18:28:53","modified_gmt":"2026-04-17T16:28:53","slug":"perfect-ph-lash-shampoo-150ml","status":"publish","type":"product","link":"https:\/\/cristelstudio.com\/et\/toode\/perfect-ph-lash-shampoo-150ml\/","title":{"rendered":"Perfect PH Lash Shampoo, 150ml"},"content":{"rendered":"","protected":false},"excerpt":{"rendered":"<p>12 vaahto pakettien kanssa saa ilmaiseksi halutessani meid\u00e4n upean julisteen. Julisten koko on A3. Kirjoittaa tilauksen viestin kohdalle &#8220;juliste&#8221; ja kerro mink\u00e4laisen n\u00e4ist\u00e4 kolmesta haluat! 1. Sinisella taustalla 2. Malli kahden vaahtopullon kanssa 3. Malli kukan ja vaahdon kanssa \ud83d\ude42<\/p>\n<p><strong>Luksuslik ja pehme ripsmevaht, mis eemaldab meigi, tolmu, bakterid ja muu ebapuhtuse. Sobib koduseks ja professionaalseks kasutamiseks. Ei kuivata nahka ja sobib kasutamiseks kogu n\u00e4ole. Toote PH on neutraalne. Enamiku ripsmete pesuvahtude pH on 4,5-5,5, mis p\u00f5hjustab silmades p\u00f5letust ja \u00e4rritust. PH 7-7,2 on ideaalne, ei kipita silmi (pisarate keskmine PH tase on 7) ja avab kergelt ripsmete katlakivikihti, siis haakub liim paremini ja parandab seel\u00e4bi ripsmeliliimi p\u00fcsivust.<\/strong><\/p>\n<p><strong>Perfect PH\u00a0<\/strong><\/p>\n<p>- v\u00e4rske, meeldiv l\u00f5hn.<\/p>\n<p>- Vaht PH tase 7-7,2<\/p>\n<p>- Disainitud ja toodetud Soomes<\/p>\n<p>- Vegan<\/p>\n<p>- S\u00e4ilib avatuna 12 kuud<\/p>\n<p>Koostisosad: Aqua, Cocamidopropyl Betaine,\u00a0Sodium Cocoamphoacetate,\u00a0Phenoxyethanol, Methylparaben,\u00a0Ethylparaben, Propylparaben, Citric Acid,\u00a0Parfum, Glycerin<\/p>\n<p><strong>T\u00e4iuslik PH l\u00f5hnatu<\/strong><\/p>\n<p>- Vaht PH tase 7-7,2<\/p>\n<p>- Disainitud ja toodetud Soomes<\/p>\n<p>- Vegan<\/p>\n<p>- S\u00e4ilib avatuna 12 kuud<\/p>\n<p>Koostisosad: Aqua, Cocamidopropyl Betaine,\u00a0Sodium Cocoamphoacetate,\u00a0Phenoxyethanol, Methylparaben,\u00a0Ethylparaben, Propylparaben, Citric Acid,\u00a0Glycerin<\/p>","protected":false},"featured_media":71193,"comment_status":"open","ping_status":"closed","template":"","meta":[],"product_brand":[],"product_cat":[152,96],"product_tag":[],"giftcard-category":[],"class_list":{"0":"post-31957","1":"product","2":"type-product","3":"status-publish","4":"has-post-thumbnail","6":"product_cat-kuluttaja-tuotteet","7":"product_cat-puhdistus","9":"first","10":"instock","11":"taxable","12":"shipping-taxable","13":"purchasable","14":"product-type-variable"},"supplier_id":null,"supplier_sku":"","barcode":null,"atum_controlled":true,"out_stock_date":null,"out_stock_threshold":null,"inheritable":true,"inbound_stock":0,"stock_on_hold":7,"sold_today":3,"sales_last_days":24,"reserved_stock":0,"customer_returns":0,"warehouse_damage":0,"lost_in_post":0,"other_logs":0,"out_stock_days":0,"lost_sales":0,"has_location":false,"update_date":"2026-04-18T00:18:43","atum_locations":[],"atum_stock_status":"instock","restock_status":false,"low_stock_amount":"","sales_update_date":"2026-04-16T09:40:57","calc_backorders":null,"acf":[],"_links":{"self":[{"href":"https:\/\/cristelstudio.com\/et\/wp-json\/wp\/v2\/product\/31957","targetHints":{"allow":["GET"]}}],"collection":[{"href":"https:\/\/cristelstudio.com\/et\/wp-json\/wp\/v2\/product"}],"about":[{"href":"https:\/\/cristelstudio.com\/et\/wp-json\/wp\/v2\/types\/product"}],"replies":[{"embeddable":true,"href":"https:\/\/cristelstudio.com\/et\/wp-json\/wp\/v2\/comments?post=31957"}],"wp:featuredmedia":[{"embeddable":true,"href":"https:\/\/cristelstudio.com\/et\/wp-json\/wp\/v2\/media\/71193"}],"wp:attachment":[{"href":"https:\/\/cristelstudio.com\/et\/wp-json\/wp\/v2\/media?parent=31957"}],"wp:term":[{"taxonomy":"product_brand","embeddable":true,"href":"https:\/\/cristelstudio.com\/et\/wp-json\/wp\/v2\/product_brand?post=31957"},{"taxonomy":"product_cat","embeddable":true,"href":"https:\/\/cristelstudio.com\/et\/wp-json\/wp\/v2\/product_cat?post=31957"},{"taxonomy":"product_tag","embeddable":true,"href":"https:\/\/cristelstudio.com\/et\/wp-json\/wp\/v2\/product_tag?post=31957"},{"taxonomy":"giftcard-category","embeddable":true,"href":"https:\/\/cristelstudio.com\/et\/wp-json\/wp\/v2\/giftcard-category?post=31957"}],"curies":[{"name":"wp","href":"https:\/\/api.w.org\/{rel}","templated":true}]}}