{"id":30637,"date":"2020-11-23T23:34:04","date_gmt":"2020-11-23T21:34:04","guid":{"rendered":"https:\/\/cristelstudio.com\/?post_type=product&#038;p=30637"},"modified":"2026-04-10T22:06:07","modified_gmt":"2026-04-10T20:06:07","slug":"melissa","status":"publish","type":"product","link":"https:\/\/cristelstudio.com\/et\/toode\/melissa\/","title":{"rendered":"Melissa. Ennakkomyynti, toimitukset alk 17.4"},"content":{"rendered":"","protected":false},"excerpt":{"rendered":"<p>- Kiirliim<\/p>\n<p>-must<\/p>\n<p>- ideaalsed tingimused 40-60%, 20-24%<\/p>\n<p>-madala viskoossusega (voolav liim)<\/p>\n<p>-k\u00f5venemisaeg 1-3 sekundit. Niiskus alla 40% 2 sekundi jooksul, 40-50% 1 sekundi jooksul, 50%-70% 0,5 sekundi jooksul. \u00dcle 70% soovitan \u00f5hukuivatit.<\/p>\n<p>Kliendi kogemus:<\/p>\n<p>\u00abMelissa on juba veidi kiirema ripsmetegija parim s\u00f5ber. Haardub h\u00e4sti, t\u00f6\u00f6tab nii vol\u00fc\u00fcmiliselt kui ka klassikaliselt. Vastupidavus t\u00f5esti hea. Kiire.\" \u2013 Emilia Neuvonen<\/p>","protected":false},"featured_media":74345,"comment_status":"open","ping_status":"closed","template":"","meta":[],"product_brand":[],"product_cat":[89],"product_tag":[],"giftcard-category":[],"class_list":{"0":"post-30637","1":"product","2":"type-product","3":"status-publish","4":"has-post-thumbnail","6":"product_cat-liimat","8":"first","9":"instock","10":"downloadable","11":"taxable","12":"shipping-taxable","13":"purchasable","14":"product-type-simple"},"supplier_id":null,"supplier_sku":"","barcode":null,"atum_controlled":true,"out_stock_date":null,"out_stock_threshold":null,"inheritable":false,"inbound_stock":0,"stock_on_hold":7,"sold_today":0,"sales_last_days":26,"reserved_stock":0,"customer_returns":0,"warehouse_damage":0,"lost_in_post":0,"other_logs":0,"out_stock_days":0,"lost_sales":0,"has_location":false,"update_date":"2026-04-11T06:37:09","atum_locations":[],"atum_stock_status":"instock","restock_status":true,"low_stock_amount":"","sales_update_date":"2026-04-11T06:37:06","calc_backorders":null,"acf":[],"_links":{"self":[{"href":"https:\/\/cristelstudio.com\/et\/wp-json\/wp\/v2\/product\/30637","targetHints":{"allow":["GET"]}}],"collection":[{"href":"https:\/\/cristelstudio.com\/et\/wp-json\/wp\/v2\/product"}],"about":[{"href":"https:\/\/cristelstudio.com\/et\/wp-json\/wp\/v2\/types\/product"}],"replies":[{"embeddable":true,"href":"https:\/\/cristelstudio.com\/et\/wp-json\/wp\/v2\/comments?post=30637"}],"wp:featuredmedia":[{"embeddable":true,"href":"https:\/\/cristelstudio.com\/et\/wp-json\/wp\/v2\/media\/74345"}],"wp:attachment":[{"href":"https:\/\/cristelstudio.com\/et\/wp-json\/wp\/v2\/media?parent=30637"}],"wp:term":[{"taxonomy":"product_brand","embeddable":true,"href":"https:\/\/cristelstudio.com\/et\/wp-json\/wp\/v2\/product_brand?post=30637"},{"taxonomy":"product_cat","embeddable":true,"href":"https:\/\/cristelstudio.com\/et\/wp-json\/wp\/v2\/product_cat?post=30637"},{"taxonomy":"product_tag","embeddable":true,"href":"https:\/\/cristelstudio.com\/et\/wp-json\/wp\/v2\/product_tag?post=30637"},{"taxonomy":"giftcard-category","embeddable":true,"href":"https:\/\/cristelstudio.com\/et\/wp-json\/wp\/v2\/giftcard-category?post=30637"}],"curies":[{"name":"wp","href":"https:\/\/api.w.org\/{rel}","templated":true}]}}