{"id":30508,"date":"2020-11-20T18:22:13","date_gmt":"2020-11-20T16:22:13","guid":{"rendered":"https:\/\/cristelstudio.com\/?post_type=product&#038;p=30508"},"modified":"2026-04-29T10:36:33","modified_gmt":"2026-04-29T08:36:33","slug":"formula-1","status":"publish","type":"product","link":"https:\/\/cristelstudio.com\/et\/toode\/formula-1\/","title":{"rendered":"Formula 1"},"content":{"rendered":"","protected":false},"excerpt":{"rendered":"<p>- Kiirliim<\/p>\n<p>-must<\/p>\n<p>-t\u00e4ydelliset olosuhteet 40-60%, 20-24C<\/p>\n<p>Kliendi kogemus:<\/p>\n<p>\u201eF1 on ripsmetehniku \u200b\u200bunistuste liim. V\u00e4rv must. Liimi vastupidavus on tippklassist. Selle liimi trumbiks on aga kiirus. Haarab h\u00e4sti koobasripsme ja kuivab kohe \u00e4ra. T\u00e4nu kiirusele on ripsmetest ripsmeeni tehnikaga t\u00f6\u00f6tamine v\u00f5imalik kuni \u00fche silma korraga, isegi 40% \u00f5huniiskuse korral.\" Mia-Maria Kerovaara-J\u00e4rvenp\u00e4\u00e4<\/p>","protected":false},"featured_media":74299,"comment_status":"open","ping_status":"closed","template":"","meta":[],"product_brand":[],"product_cat":[89],"product_tag":[],"giftcard-category":[],"class_list":{"0":"post-30508","1":"product","2":"type-product","3":"status-publish","4":"has-post-thumbnail","6":"product_cat-liimat","8":"first","9":"instock","10":"downloadable","11":"taxable","12":"shipping-taxable","13":"purchasable","14":"product-type-simple"},"supplier_id":null,"supplier_sku":"","barcode":null,"atum_controlled":true,"out_stock_date":null,"out_stock_threshold":null,"inheritable":false,"inbound_stock":0,"stock_on_hold":18,"sold_today":1,"sales_last_days":13,"reserved_stock":0,"customer_returns":0,"warehouse_damage":0,"lost_in_post":0,"other_logs":0,"out_stock_days":0,"lost_sales":0,"has_location":false,"update_date":"2026-04-29T09:26:45","atum_locations":[],"atum_stock_status":"instock","restock_status":false,"low_stock_amount":"","sales_update_date":"2026-04-29T09:26:43","calc_backorders":null,"acf":[],"_links":{"self":[{"href":"https:\/\/cristelstudio.com\/et\/wp-json\/wp\/v2\/product\/30508","targetHints":{"allow":["GET"]}}],"collection":[{"href":"https:\/\/cristelstudio.com\/et\/wp-json\/wp\/v2\/product"}],"about":[{"href":"https:\/\/cristelstudio.com\/et\/wp-json\/wp\/v2\/types\/product"}],"replies":[{"embeddable":true,"href":"https:\/\/cristelstudio.com\/et\/wp-json\/wp\/v2\/comments?post=30508"}],"wp:featuredmedia":[{"embeddable":true,"href":"https:\/\/cristelstudio.com\/et\/wp-json\/wp\/v2\/media\/74299"}],"wp:attachment":[{"href":"https:\/\/cristelstudio.com\/et\/wp-json\/wp\/v2\/media?parent=30508"}],"wp:term":[{"taxonomy":"product_brand","embeddable":true,"href":"https:\/\/cristelstudio.com\/et\/wp-json\/wp\/v2\/product_brand?post=30508"},{"taxonomy":"product_cat","embeddable":true,"href":"https:\/\/cristelstudio.com\/et\/wp-json\/wp\/v2\/product_cat?post=30508"},{"taxonomy":"product_tag","embeddable":true,"href":"https:\/\/cristelstudio.com\/et\/wp-json\/wp\/v2\/product_tag?post=30508"},{"taxonomy":"giftcard-category","embeddable":true,"href":"https:\/\/cristelstudio.com\/et\/wp-json\/wp\/v2\/giftcard-category?post=30508"}],"curies":[{"name":"wp","href":"https:\/\/api.w.org\/{rel}","templated":true}]}}