{"id":3004,"date":"2018-07-06T12:44:08","date_gmt":"2018-07-06T10:44:08","guid":{"rendered":"https:\/\/cristelstudio.com\/?post_type=product&#038;p=3004"},"modified":"2026-02-11T20:11:50","modified_gmt":"2026-02-11T18:11:50","slug":"globaclean-1l","status":"publish","type":"product","link":"https:\/\/cristelstudio.com\/et\/toode\/globaclean-1l\/","title":{"rendered":"GLOBACLEAN 1L tiiviste"},"content":{"rendered":"<p>GLOBACLEAN\u00ae<br \/>\nInstrumenttien puhdistus- ja desinfiointiaine<br \/>\ntiiviste<br \/>\nTuotteen ominaisuudet<br \/>\n\u2022 erinomaiset puhdistusominaisuudet<br \/>\n\u2022 laajavaikutteinen<br \/>\n\u2022 ei sis\u00e4ll\u00e4 aldehydej\u00e4, fenoleja eik\u00e4 klooria<br \/>\n\u2022 taloudellinen<br \/>\n\u2022 sopii k\u00e4ytett\u00e4v\u00e4ksi my\u00f6s pesukoneissa<br \/>\nGlobaclean\u00ae on taloudellinen, erinomaiset<br \/>\norgaanisen lian puhdistusominaisuudet omaava<br \/>\npuhdistus- ja desinfiointiaine instrumenttien<br \/>\nkorkeatasoista desinfektiota, sterilointia<br \/>\nedelt\u00e4v\u00e4\u00e4n pesuun ja desinfiointiin.<br \/>\nKoostumus<br \/>\nDidekyylidimetyyliammoniumkloridia,<br \/>\nnatriumkarbonaattia, isotridekanoli etoksylaatti,<br \/>\nisopropanoli<br \/>\nVaikutusspektri<br \/>\nValmisteella on laaja bakterisidinen, fungisidinen<br \/>\nja virusidinen vaikutus. Ei tuberkulosidista<br \/>\nvaikutusta!<br \/>\nK\u00e4ytt\u00f6<br \/>\nValmista tiivisteest\u00e4 ja puhtaasta vedest\u00e4<br \/>\nk\u00e4ytt\u00f6liuos vaikutusajan mukaan (ks. taulukko).<br \/>\nAseta osiin puretut instrumentit kannella<br \/>\nsuljettavaan k\u00e4ytt\u00f6liuoksella t\u00e4ytettyyn<br \/>\nliotusastiaan. Tarkista, ett\u00e4 koko v\u00e4lineist\u00f6 on<br \/>\nliuoksen peitossa. Vaikutusajan j\u00e4lkeen huuhdo<br \/>\ninstrumentit juoksevalla vedell\u00e4 (v\u00e4hint\u00e4\u00e4n<br \/>\njuomaveden laatuisella) tai steriilill\u00e4 vedell\u00e4 ja<br \/>\nkuivaa nukattomalla liinalla tai kertak\u00e4ytt\u00f6isill\u00e4<br \/>\npaperipyyhkeill\u00e4 (\u00e4l\u00e4 laita kuivumaan<br \/>\nilmaan). Instrumentteja\/tarvikkeita ei ole<br \/>\nsuositeltavaa pit\u00e4\u00e4 liuoksessa yli vaikutusajan.<br \/>\nSopii k\u00e4ytett\u00e4v\u00e4ksi sek\u00e4 ultra\u00e4\u00e4nialtaissa ett\u00e4<br \/>\nendoskooppien pesukoneissa. Pesukoneissa<br \/>\nk\u00e4ytett\u00e4ess\u00e4 k\u00e4ytt\u00f6liuokseen kannattaa lis\u00e4t\u00e4<br \/>\nvaahdonestoainetta.<br \/>\nHuom.! Hammashoidossa k\u00e4ytett\u00e4vi\u00e4 kulma- ja<br \/>\nk\u00e4sikappaleita ja turbiineja ei saa kastaa<\/p>\n<p>nesteeseen. Niiden ulkopinnat k\u00e4sitell\u00e4\u00e4n<br \/>\npyyhk\u00e4isem\u00e4ll\u00e4 pikadesinfektioaineella (esim.<br \/>\nVitasept\u00ae Wipes med).<br \/>\nK\u00e4ytt\u00f6liuoksen vaikutusajat<\/p>\n<p>Varoitus<br \/>\nHaitallista nieltyn\u00e4. Voimakkaasti ihoa<br \/>\nsy\u00f6vytt\u00e4v\u00e4\u00e4 ja silmi\u00e4 vaurioittavaa. Eritt\u00e4in<br \/>\nmyrkyllist\u00e4 vesieli\u00f6ille. K\u00e4yt\u00e4 suojak\u00e4sineit\u00e4\/<br \/>\nsilmiensuojainta. V\u00e4ltett\u00e4v\u00e4 p\u00e4\u00e4st\u00e4mist\u00e4<br \/>\nymp\u00e4rist\u00f6\u00f6n.<br \/>\nFysikaalis-kemialliset ominaisuudet<br \/>\nFysikaalinen olomuoto: v\u00e4riton neste<br \/>\nHaju: erityinen<br \/>\npH: ca 12 (20\u00b0C)<br \/>\nLiukenevuus: liukenee vedess\u00e4 kaikissa<\/p>\n<p>suhteissa<br \/>\nTiheys: 1,020 g\/cm3<br \/>\nS\u00e4ilytys<br \/>\nKs. pakkaukseen merkitty viimeinen<br \/>\nk\u00e4ytt\u00f6p\u00e4iv\u00e4. S\u00e4ilyt\u00e4 5\u201330\u00b0C:n l\u00e4mp\u00f6tilassa<br \/>\nsuojassa suoralta auringons\u00e4teilylt\u00e4.<br \/>\nKierr\u00e4tys<br \/>\nToimita tuotteen j\u00e4\u00e4nn\u00f6kset ja tyhj\u00e4t pakkaukset<br \/>\nj\u00e4tehuoltoyritykselle, jolla on asianmukainen<br \/>\ntoimilupa.<br \/>\nVastaavuus standardeihin<br \/>\nEN 1276, EN 1040, EN 14476, RKI\/DVV,<br \/>\nDGHM\/\u00d6GHMP, DVG, AFNOR NFT<br \/>\nPakkaus<br \/>\n1L pullo<\/p>\n<p>k\u00e4ytt\u00f6liuos vaikutusai<br \/>\nka<\/p>\n<p>v\u00e4h\u00e4n likaantuneet<br \/>\ninstrumentit:<\/p>\n<p>1%<br \/>\n(10ml\/l) 5min<\/p>\n<p>eritt\u00e4in likaantuneet<br \/>\ninstrumentit:<\/p>\n<p>3%<br \/>\n(30ml\/l) 5min<\/p>\n<p>eritt\u00e4in likaantuneet<br \/>\ninstrumentit HBV:<\/p>\n<p>3%<br \/>\n(30ml\/l)<\/p>","protected":false},"excerpt":{"rendered":"<p>-instrumenttien puhdistus- ja<br \/>\ndesinfiointiaine<br \/>\n-VAIKUTUSAIKA<br \/>\n3% 5 minuuttia 30ml\/l<\/p>","protected":false},"featured_media":48648,"comment_status":"open","ping_status":"closed","template":"","meta":[],"product_brand":[],"product_cat":[96],"product_tag":[],"giftcard-category":[],"class_list":{"0":"post-3004","1":"product","2":"type-product","3":"status-publish","4":"has-post-thumbnail","6":"product_cat-puhdistus","8":"first","9":"instock","10":"taxable","11":"shipping-taxable","12":"purchasable","13":"product-type-simple"},"supplier_id":null,"supplier_sku":"","barcode":null,"atum_controlled":true,"out_stock_date":null,"out_stock_threshold":null,"inheritable":false,"inbound_stock":0,"stock_on_hold":0,"sold_today":0,"sales_last_days":0,"reserved_stock":0,"customer_returns":0,"warehouse_damage":0,"lost_in_post":0,"other_logs":0,"out_stock_days":0,"lost_sales":0,"has_location":false,"update_date":"2026-04-19T00:18:20","atum_locations":[],"atum_stock_status":"instock","restock_status":false,"low_stock_amount":"","sales_update_date":"2026-04-19T00:18:17","calc_backorders":null,"acf":[],"_links":{"self":[{"href":"https:\/\/cristelstudio.com\/et\/wp-json\/wp\/v2\/product\/3004","targetHints":{"allow":["GET"]}}],"collection":[{"href":"https:\/\/cristelstudio.com\/et\/wp-json\/wp\/v2\/product"}],"about":[{"href":"https:\/\/cristelstudio.com\/et\/wp-json\/wp\/v2\/types\/product"}],"replies":[{"embeddable":true,"href":"https:\/\/cristelstudio.com\/et\/wp-json\/wp\/v2\/comments?post=3004"}],"wp:featuredmedia":[{"embeddable":true,"href":"https:\/\/cristelstudio.com\/et\/wp-json\/wp\/v2\/media\/48648"}],"wp:attachment":[{"href":"https:\/\/cristelstudio.com\/et\/wp-json\/wp\/v2\/media?parent=3004"}],"wp:term":[{"taxonomy":"product_brand","embeddable":true,"href":"https:\/\/cristelstudio.com\/et\/wp-json\/wp\/v2\/product_brand?post=3004"},{"taxonomy":"product_cat","embeddable":true,"href":"https:\/\/cristelstudio.com\/et\/wp-json\/wp\/v2\/product_cat?post=3004"},{"taxonomy":"product_tag","embeddable":true,"href":"https:\/\/cristelstudio.com\/et\/wp-json\/wp\/v2\/product_tag?post=3004"},{"taxonomy":"giftcard-category","embeddable":true,"href":"https:\/\/cristelstudio.com\/et\/wp-json\/wp\/v2\/giftcard-category?post=3004"}],"curies":[{"name":"wp","href":"https:\/\/api.w.org\/{rel}","templated":true}]}}