{"id":2881,"date":"2018-06-29T13:36:56","date_gmt":"2018-06-29T11:36:56","guid":{"rendered":"https:\/\/cristelstudio.com\/?post_type=product&#038;p=2881"},"modified":"2026-04-08T15:40:23","modified_gmt":"2026-04-08T13:40:23","slug":"brush-foam","status":"publish","type":"product","link":"https:\/\/cristelstudio.com\/et\/toode\/brush-foam\/","title":{"rendered":"Brush Foam 250ml"},"content":{"rendered":"","protected":false},"excerpt":{"rendered":"<p>-250ml<\/p>\n<p class=\"translation-block\">Pintsli vaht<br>\nBRUSH FOAM meigipintsli puhastusvaht<br>\nIgap\u00e4evaseks kasutamiseks sobiv meigipintsli puhastusvaht aitab eemaldada lihtsalt ja t\u00f5husalt<br>\nmeigipintslitele kogunenud meigij\u00e4\u00e4gid, rasu, surnud naharakud ja ebapuhtused.<br>\nPuhastusvaht h\u00e4vitab bakteritele ja seentele soodsa kasvukeskkonna ning takistab sellega<br>\npatogeenide \u00fclekandumine \u00fchelt kliendilt teisele. Fenoks\u00fcetanooli ja et\u00fc\u00fclheks\u00fc\u00fclgl\u00fctseriini garantii<br>\nkoos antimikroobse toimega.<br>\nVahule on lisatud palsamid, mis aitavad s\u00e4ilitada pintslite harjaste pehmust,<br>\npaindlikkus ja vastupidavus, mis on tundliku nahaga klientide jaoks v\u00e4ga oluline<br>\naadressil.<br>\nToode sobib naturaalsete, s\u00fcnteetiliste ja Toray pintslite puhastamiseks.<br>\nKASUTAGE<br>\nJaotage vaht leige veega niisutatud k\u00e4snale. H\u00f5\u00f5ruge pintslit vahuga k\u00e4snale<br>\net vaht jaotuks pintslile \u00fchtlaselt. Eemaldage vaht, loputades harja hoolikalt<br>\njooksva veega, pigistage pintslist liigne vesi v\u00e4lja ja asetage pintsel puhtale lapile kuivama.<br>\nKOOSTIS<br>\naqua purificata, tasakaalustatud Anioonsete ja mitteioonsete pindaktiivsete ainete segu, sidrunhape, met\u00fc\u00fclisotiasolinoon<br>\npH 4-6<\/p>","protected":false},"featured_media":48651,"comment_status":"open","ping_status":"closed","template":"","meta":[],"product_brand":[],"product_cat":[152,96,92],"product_tag":[],"giftcard-category":[],"class_list":{"0":"post-2881","1":"product","2":"type-product","3":"status-publish","4":"has-post-thumbnail","6":"product_cat-kuluttaja-tuotteet","7":"product_cat-puhdistus","8":"product_cat-tarvikkeet","10":"first","11":"instock","12":"taxable","13":"shipping-taxable","14":"purchasable","15":"product-type-simple"},"supplier_id":null,"supplier_sku":"","barcode":null,"atum_controlled":true,"out_stock_date":null,"out_stock_threshold":null,"inheritable":false,"inbound_stock":0,"stock_on_hold":0,"sold_today":0,"sales_last_days":1,"reserved_stock":0,"customer_returns":0,"warehouse_damage":0,"lost_in_post":0,"other_logs":0,"out_stock_days":0,"lost_sales":0,"has_location":false,"update_date":"2026-04-16T07:32:54","atum_locations":[],"atum_stock_status":"instock","restock_status":false,"low_stock_amount":"","sales_update_date":"2026-04-16T07:32:54","calc_backorders":null,"acf":[],"_links":{"self":[{"href":"https:\/\/cristelstudio.com\/et\/wp-json\/wp\/v2\/product\/2881","targetHints":{"allow":["GET"]}}],"collection":[{"href":"https:\/\/cristelstudio.com\/et\/wp-json\/wp\/v2\/product"}],"about":[{"href":"https:\/\/cristelstudio.com\/et\/wp-json\/wp\/v2\/types\/product"}],"replies":[{"embeddable":true,"href":"https:\/\/cristelstudio.com\/et\/wp-json\/wp\/v2\/comments?post=2881"}],"wp:featuredmedia":[{"embeddable":true,"href":"https:\/\/cristelstudio.com\/et\/wp-json\/wp\/v2\/media\/48651"}],"wp:attachment":[{"href":"https:\/\/cristelstudio.com\/et\/wp-json\/wp\/v2\/media?parent=2881"}],"wp:term":[{"taxonomy":"product_brand","embeddable":true,"href":"https:\/\/cristelstudio.com\/et\/wp-json\/wp\/v2\/product_brand?post=2881"},{"taxonomy":"product_cat","embeddable":true,"href":"https:\/\/cristelstudio.com\/et\/wp-json\/wp\/v2\/product_cat?post=2881"},{"taxonomy":"product_tag","embeddable":true,"href":"https:\/\/cristelstudio.com\/et\/wp-json\/wp\/v2\/product_tag?post=2881"},{"taxonomy":"giftcard-category","embeddable":true,"href":"https:\/\/cristelstudio.com\/et\/wp-json\/wp\/v2\/giftcard-category?post=2881"}],"curies":[{"name":"wp","href":"https:\/\/api.w.org\/{rel}","templated":true}]}}