{"id":2188,"date":"2018-05-06T19:49:54","date_gmt":"2018-05-06T17:49:54","guid":{"rendered":"https:\/\/cristelstudio.com\/?post_type=product&#038;p=2188"},"modified":"2026-04-16T13:49:31","modified_gmt":"2026-04-16T11:49:31","slug":"mikrotikut-100kpl","status":"publish","type":"product","link":"https:\/\/cristelstudio.com\/et\/toode\/mikrotikut-100kpl\/","title":{"rendered":"Mikroharjad 100tk"},"content":{"rendered":"<h3><strong>TOOTE KIRJELDUS<\/strong><\/h3>\n<h4><strong>KIRJELDUS<br \/>\n<\/strong><\/h4>\n<p>Sopi hyvin tarkkaan ty\u00f6skentelyyn, esim lash lift aineiden levitt\u00e4miseen, ripsien poistoon. Mikrotikulla p\u00e4\u00e4set helposti ripsi kerroksien v\u00e4liin, saat tarkasti poistettua meikkituotteiden\u00a0j\u00e4m\u00e4t\u00a0ja muun lian.<\/p>\n<div class=\"oSioSc\">\n<div id=\"tw-target\">\n<div id=\"tw-target-text-container\" class=\"tw-ta-container tw-nfl\">\n<h4><strong>DETAILID<\/strong><\/h4>\n<\/div>\n<\/div>\n<\/div>","protected":false},"excerpt":{"rendered":"<p>- Mikroharjapea laius on 2,5 mm<\/p>","protected":false},"featured_media":74369,"comment_status":"open","ping_status":"closed","template":"","meta":[],"product_brand":[],"product_cat":[91],"product_tag":[],"giftcard-category":[],"class_list":{"0":"post-2188","1":"product","2":"type-product","3":"status-publish","4":"has-post-thumbnail","6":"product_cat-ripsiharjat","8":"first","9":"instock","10":"taxable","11":"shipping-taxable","12":"purchasable","13":"product-type-variable"},"supplier_id":null,"supplier_sku":"","barcode":null,"atum_controlled":true,"out_stock_date":null,"out_stock_threshold":null,"inheritable":false,"inbound_stock":0,"stock_on_hold":8,"sold_today":1,"sales_last_days":14,"reserved_stock":0,"customer_returns":0,"warehouse_damage":0,"lost_in_post":0,"other_logs":0,"out_stock_days":0,"lost_sales":0,"has_location":false,"update_date":"2026-04-17T00:18:30","atum_locations":[],"atum_stock_status":"instock","restock_status":false,"low_stock_amount":"","sales_update_date":"2026-03-15T01:31:27","calc_backorders":null,"acf":[],"_links":{"self":[{"href":"https:\/\/cristelstudio.com\/et\/wp-json\/wp\/v2\/product\/2188","targetHints":{"allow":["GET"]}}],"collection":[{"href":"https:\/\/cristelstudio.com\/et\/wp-json\/wp\/v2\/product"}],"about":[{"href":"https:\/\/cristelstudio.com\/et\/wp-json\/wp\/v2\/types\/product"}],"replies":[{"embeddable":true,"href":"https:\/\/cristelstudio.com\/et\/wp-json\/wp\/v2\/comments?post=2188"}],"wp:featuredmedia":[{"embeddable":true,"href":"https:\/\/cristelstudio.com\/et\/wp-json\/wp\/v2\/media\/74369"}],"wp:attachment":[{"href":"https:\/\/cristelstudio.com\/et\/wp-json\/wp\/v2\/media?parent=2188"}],"wp:term":[{"taxonomy":"product_brand","embeddable":true,"href":"https:\/\/cristelstudio.com\/et\/wp-json\/wp\/v2\/product_brand?post=2188"},{"taxonomy":"product_cat","embeddable":true,"href":"https:\/\/cristelstudio.com\/et\/wp-json\/wp\/v2\/product_cat?post=2188"},{"taxonomy":"product_tag","embeddable":true,"href":"https:\/\/cristelstudio.com\/et\/wp-json\/wp\/v2\/product_tag?post=2188"},{"taxonomy":"giftcard-category","embeddable":true,"href":"https:\/\/cristelstudio.com\/et\/wp-json\/wp\/v2\/giftcard-category?post=2188"}],"curies":[{"name":"wp","href":"https:\/\/api.w.org\/{rel}","templated":true}]}}