{"id":20872,"date":"2020-03-24T15:30:09","date_gmt":"2020-03-24T13:30:09","guid":{"rendered":"https:\/\/cristelstudio.com\/?post_type=product&#038;p=20872"},"modified":"2026-04-09T21:01:17","modified_gmt":"2026-04-09T19:01:17","slug":"globacidaf-alkoholipohjainen-pikadesinfiointiaine-1l","status":"publish","type":"product","link":"https:\/\/cristelstudio.com\/et\/toode\/globacidaf-alkoholipohjainen-pikadesinfiointiaine-1l\/","title":{"rendered":"Globacid\u00aeAF alkoholipohjainen pikadesinfiointiaine 1L"},"content":{"rendered":"<div class=\"post-content woocommerce-product-details__short-description\">\n<p>GLOBACID\u00aeAF on pintojen nopeaan desinfiointiin tarkoitettu k\u00e4ytt\u00f6valmis desinfektioaine, joka sopii k\u00e4ytett\u00e4v\u00e4ksi kaikilla alkoholia kest\u00e4vill\u00e4 pinnoilla. Globacid\u00aeAF ei j\u00e4t\u00e4 k\u00e4yt\u00f6n j\u00e4lkeen pintoihin ainej\u00e4\u00e4mi\u00e4 ja sen vuoksi se sopii ihanteellisesti sellaisten pintojen desinfiointiin, jotka ovat kosketuksissa elintarvikkeiden ja ruoka-aineiden kanssa.<\/p>\n<p>&nbsp;<\/p>\n<p><strong>Tuotteen ominaisuudet <\/strong><\/p>\n<ul>\n<li>nopea vaikutusaika (30 sek)<\/li>\n<li>alkoholipohjainen<\/li>\n<li>ei sis\u00e4ll\u00e4 aldehydej\u00e4 tai kvatern\u00e4\u00e4risi\u00e4 ammoniumyhdisteit\u00e4<\/li>\n<li>ei j\u00e4t\u00e4 j\u00e4\u00e4mi\u00e4<\/li>\n<li>sopii erityisen hyvin vaikeasti saavutettaviin paikkoihin<\/li>\n<li>helppok\u00e4ytt\u00f6isess\u00e4 suihkepullossa<\/li>\n<\/ul>\n<p>Globacid\u00aeAF on pintojen nopeaan desinfiointiin tarkoitettu k\u00e4ytt\u00f6valmis desinfektantti, joka sopii k\u00e4ytett\u00e4v\u00e4ksi kaikille alkoholia kest\u00e4ville pinnoille. Aineesta ei j\u00e4\u00e4 k\u00e4yt\u00f6n j\u00e4lkeen pinnoille j\u00e4\u00e4mi\u00e4, mink\u00e4 vuoksi se sopii ihanteelilsesti my\u00f6s sellaisten pintojen desinfioimiseen, jotka ovat kosketuksissa ruokiin ja elintarvikkeisiin.<\/p>\n<\/div>","protected":false},"excerpt":{"rendered":"<p>GLOBACID\u00aeAF on pintojen nopeaan desinfiointiin tarkoitettu k\u00e4ytt\u00f6valmis desinfektioaine, joka sopii k\u00e4ytett\u00e4v\u00e4ksi kaikilla alkoholia kest\u00e4vill\u00e4 pinnoilla. Globacid\u00aeAF ei j\u00e4t\u00e4 k\u00e4yt\u00f6n j\u00e4lkeen pintoihin ainej\u00e4\u00e4mi\u00e4 ja sen vuoksi se sopii ihanteellisesti sellaisten pintojen [&hellip;]<\/p>\n","protected":false},"featured_media":20873,"comment_status":"open","ping_status":"closed","template":"","meta":[],"product_brand":[],"product_cat":[96],"product_tag":[],"giftcard-category":[],"class_list":{"0":"post-20872","1":"product","2":"type-product","3":"status-publish","4":"has-post-thumbnail","6":"product_cat-puhdistus","8":"first","9":"instock","10":"taxable","11":"shipping-taxable","12":"purchasable","13":"product-type-simple"},"supplier_id":null,"supplier_sku":"","barcode":null,"atum_controlled":true,"out_stock_date":null,"out_stock_threshold":null,"inheritable":false,"inbound_stock":0,"stock_on_hold":0,"sold_today":0,"sales_last_days":0,"reserved_stock":0,"customer_returns":0,"warehouse_damage":0,"lost_in_post":0,"other_logs":0,"out_stock_days":0,"lost_sales":0,"has_location":false,"update_date":"2026-04-19T00:17:37","atum_locations":[],"atum_stock_status":"instock","restock_status":false,"low_stock_amount":"","sales_update_date":"2026-04-19T00:17:35","calc_backorders":null,"acf":[],"_links":{"self":[{"href":"https:\/\/cristelstudio.com\/et\/wp-json\/wp\/v2\/product\/20872","targetHints":{"allow":["GET"]}}],"collection":[{"href":"https:\/\/cristelstudio.com\/et\/wp-json\/wp\/v2\/product"}],"about":[{"href":"https:\/\/cristelstudio.com\/et\/wp-json\/wp\/v2\/types\/product"}],"replies":[{"embeddable":true,"href":"https:\/\/cristelstudio.com\/et\/wp-json\/wp\/v2\/comments?post=20872"}],"wp:featuredmedia":[{"embeddable":true,"href":"https:\/\/cristelstudio.com\/et\/wp-json\/wp\/v2\/media\/20873"}],"wp:attachment":[{"href":"https:\/\/cristelstudio.com\/et\/wp-json\/wp\/v2\/media?parent=20872"}],"wp:term":[{"taxonomy":"product_brand","embeddable":true,"href":"https:\/\/cristelstudio.com\/et\/wp-json\/wp\/v2\/product_brand?post=20872"},{"taxonomy":"product_cat","embeddable":true,"href":"https:\/\/cristelstudio.com\/et\/wp-json\/wp\/v2\/product_cat?post=20872"},{"taxonomy":"product_tag","embeddable":true,"href":"https:\/\/cristelstudio.com\/et\/wp-json\/wp\/v2\/product_tag?post=20872"},{"taxonomy":"giftcard-category","embeddable":true,"href":"https:\/\/cristelstudio.com\/et\/wp-json\/wp\/v2\/giftcard-category?post=20872"}],"curies":[{"name":"wp","href":"https:\/\/api.w.org\/{rel}","templated":true}]}}