{"id":20178,"date":"2020-02-26T20:31:54","date_gmt":"2020-02-26T18:31:54","guid":{"rendered":"https:\/\/cristelstudio.com\/?post_type=product&#038;p=20178"},"modified":"2026-02-10T18:44:14","modified_gmt":"2026-02-10T16:44:14","slug":"fashion-lash","status":"publish","type":"product","link":"https:\/\/cristelstudio.com\/et\/toode\/fashion-lash\/","title":{"rendered":"InLei\u00ae Fashion Lash"},"content":{"rendered":"","protected":false},"excerpt":{"rendered":"<p>- Kandke ripsmetele enne ripsmetu\u0161\u0161i<\/p>\n<p>-Kasuta iga p\u00e4ev<\/p>\n<p>-Valmistatud Itaalias<\/p>\n<p>- Fashion Lash vormib ripsmed ja kulmud soovitud asendisse.<\/p>\n<p>-Kaitseb v\u00e4listegurite ja UV-kiirguse eest<\/p>\n<p>- Ravib ja niisutab t\u00f5husalt. Fashion Lash sisaldab pantenooli, aaloed ja kastoor\u00f5li, mis parandavad ripsmete ja kulmude struktuuri.<\/p>\n<p>- Sobib v\u00e4ga h\u00e4sti peale ripsmete koolutamist ja kulmude kujundamist<\/p>\n<p>- Ripsmed ja kulmud n\u00e4evad tervemad v\u00e4lja, on l\u00e4ikivamad ja pehmemad<\/p>\n<p>&nbsp;<\/p>\n<p>&nbsp;<\/p>","protected":false},"featured_media":20179,"comment_status":"open","ping_status":"closed","template":"","meta":[],"product_brand":[],"product_cat":[205,152,168],"product_tag":[],"giftcard-category":[],"class_list":{"0":"post-20178","1":"product","2":"type-product","3":"status-publish","4":"has-post-thumbnail","6":"product_cat-inlei-2","7":"product_cat-kuluttaja-tuotteet","8":"product_cat-inlei","10":"first","11":"instock","12":"taxable","13":"shipping-taxable","14":"purchasable","15":"product-type-variable"},"supplier_id":null,"supplier_sku":"","barcode":null,"atum_controlled":true,"out_stock_date":null,"out_stock_threshold":null,"inheritable":false,"inbound_stock":0,"stock_on_hold":0,"sold_today":0,"sales_last_days":0,"reserved_stock":0,"customer_returns":0,"warehouse_damage":0,"lost_in_post":0,"other_logs":0,"out_stock_days":0,"lost_sales":0,"has_location":false,"update_date":"2026-04-17T14:33:45","atum_locations":[],"atum_stock_status":"instock","restock_status":false,"low_stock_amount":"","sales_update_date":"2026-04-17T14:33:45","calc_backorders":null,"acf":[],"_links":{"self":[{"href":"https:\/\/cristelstudio.com\/et\/wp-json\/wp\/v2\/product\/20178","targetHints":{"allow":["GET"]}}],"collection":[{"href":"https:\/\/cristelstudio.com\/et\/wp-json\/wp\/v2\/product"}],"about":[{"href":"https:\/\/cristelstudio.com\/et\/wp-json\/wp\/v2\/types\/product"}],"replies":[{"embeddable":true,"href":"https:\/\/cristelstudio.com\/et\/wp-json\/wp\/v2\/comments?post=20178"}],"wp:featuredmedia":[{"embeddable":true,"href":"https:\/\/cristelstudio.com\/et\/wp-json\/wp\/v2\/media\/20179"}],"wp:attachment":[{"href":"https:\/\/cristelstudio.com\/et\/wp-json\/wp\/v2\/media?parent=20178"}],"wp:term":[{"taxonomy":"product_brand","embeddable":true,"href":"https:\/\/cristelstudio.com\/et\/wp-json\/wp\/v2\/product_brand?post=20178"},{"taxonomy":"product_cat","embeddable":true,"href":"https:\/\/cristelstudio.com\/et\/wp-json\/wp\/v2\/product_cat?post=20178"},{"taxonomy":"product_tag","embeddable":true,"href":"https:\/\/cristelstudio.com\/et\/wp-json\/wp\/v2\/product_tag?post=20178"},{"taxonomy":"giftcard-category","embeddable":true,"href":"https:\/\/cristelstudio.com\/et\/wp-json\/wp\/v2\/giftcard-category?post=20178"}],"curies":[{"name":"wp","href":"https:\/\/api.w.org\/{rel}","templated":true}]}}