{"id":17907,"date":"2019-12-09T18:31:10","date_gmt":"2019-12-09T16:31:10","guid":{"rendered":"https:\/\/cristelstudio.com\/?post_type=product&#038;p=17907"},"modified":"2026-04-13T10:24:07","modified_gmt":"2026-04-13T08:24:07","slug":"instant-wrap-15ml","status":"publish","type":"product","link":"https:\/\/cristelstudio.com\/et\/toode\/instant-wrap-15ml\/","title":{"rendered":"Instant wrap 15ml"},"content":{"rendered":"","protected":false},"excerpt":{"rendered":"<div class=\"_3_bl\">\n<div class=\"_5w1r _3_om _5wdf\">\n<div class=\"_4gx_\">\n<div class=\"_1aa6\">\n<div class=\"\">Instant wrap<br \/>\nInstant wrappiin rakastuu niin ripsiteknikot kuin asiakkaatkin! Instant wrap kovettaa liiman nopeasti ja<br \/>\nparantaa ripsien pysyvyytt\u00e4. Instant wrap kovettaa liiman t\u00e4ydellisesti parissa minuutissa ja v\u00e4hent\u00e4\u00e4<br \/>\nliimah\u00f6yryjen aiheuttamaa silmien \u00e4rsytyst\u00e4 ja liimalle herkistymist\u00e4.<\/div>\n<div><strong>Kasutamine:<\/strong><\/div>\n<div class=\"\">Odota 2-3 minuttia viimeisen pidennyksen laiton j\u00e4lkeen. Levit\u00e4 mikrotikulla ohut kerros<br \/>\nnestett\u00e4 liimasidoksille, mutta varo laittamasta liikaa! Anna kuivua hetken tai kuivaa tuulettimella. Odota 2-<br \/>\n3 minuuttia. T\u00e4m\u00e4n j\u00e4lkeen suositellaan silm\u00e4nymp\u00e4rysihon (halutessa my\u00f6s ripsien) pesu, mill\u00e4 voidaan<br \/>\nminimoida asiakkaan herkistyminen ripsiliimalle. Instant wrappia voi k\u00e4ytt\u00e4\u00e4 kaikkien liimojen kanssa.<br \/>\nValmistettu EUssa.<\/div>\n<\/div>\n<\/div>\n<\/div>\n<\/div>","protected":false},"featured_media":74336,"comment_status":"open","ping_status":"closed","template":"","meta":[],"product_brand":[],"product_cat":[202,89],"product_tag":[],"giftcard-category":[],"class_list":{"0":"post-17907","1":"product","2":"type-product","3":"status-publish","4":"has-post-thumbnail","6":"product_cat-liiman-kuivattajat","7":"product_cat-liimat","9":"first","10":"instock","11":"taxable","12":"shipping-taxable","13":"purchasable","14":"product-type-simple"},"supplier_id":null,"supplier_sku":"","barcode":null,"atum_controlled":true,"out_stock_date":null,"out_stock_threshold":null,"inheritable":false,"inbound_stock":0,"stock_on_hold":6,"sold_today":0,"sales_last_days":11,"reserved_stock":0,"customer_returns":0,"warehouse_damage":0,"lost_in_post":0,"other_logs":0,"out_stock_days":0,"lost_sales":0,"has_location":false,"update_date":"2026-04-15T12:37:59","atum_locations":[],"atum_stock_status":"instock","restock_status":false,"low_stock_amount":2,"sales_update_date":"2026-04-15T12:37:59","calc_backorders":null,"acf":[],"_links":{"self":[{"href":"https:\/\/cristelstudio.com\/et\/wp-json\/wp\/v2\/product\/17907","targetHints":{"allow":["GET"]}}],"collection":[{"href":"https:\/\/cristelstudio.com\/et\/wp-json\/wp\/v2\/product"}],"about":[{"href":"https:\/\/cristelstudio.com\/et\/wp-json\/wp\/v2\/types\/product"}],"replies":[{"embeddable":true,"href":"https:\/\/cristelstudio.com\/et\/wp-json\/wp\/v2\/comments?post=17907"}],"wp:featuredmedia":[{"embeddable":true,"href":"https:\/\/cristelstudio.com\/et\/wp-json\/wp\/v2\/media\/74336"}],"wp:attachment":[{"href":"https:\/\/cristelstudio.com\/et\/wp-json\/wp\/v2\/media?parent=17907"}],"wp:term":[{"taxonomy":"product_brand","embeddable":true,"href":"https:\/\/cristelstudio.com\/et\/wp-json\/wp\/v2\/product_brand?post=17907"},{"taxonomy":"product_cat","embeddable":true,"href":"https:\/\/cristelstudio.com\/et\/wp-json\/wp\/v2\/product_cat?post=17907"},{"taxonomy":"product_tag","embeddable":true,"href":"https:\/\/cristelstudio.com\/et\/wp-json\/wp\/v2\/product_tag?post=17907"},{"taxonomy":"giftcard-category","embeddable":true,"href":"https:\/\/cristelstudio.com\/et\/wp-json\/wp\/v2\/giftcard-category?post=17907"}],"curies":[{"name":"wp","href":"https:\/\/api.w.org\/{rel}","templated":true}]}}