{"id":16133,"date":"2019-10-14T20:42:37","date_gmt":"2019-10-14T18:42:37","guid":{"rendered":"https:\/\/cristelstudio.com\/?post_type=product&#038;p=16133"},"modified":"2026-04-17T10:15:06","modified_gmt":"2026-04-17T08:15:06","slug":"speed-up-pre-treatment-15ml","status":"publish","type":"product","link":"https:\/\/cristelstudio.com\/et\/toode\/speed-up-pre-treatment-15ml\/","title":{"rendered":"Speed up pre-treatment 15ml"},"content":{"rendered":"<p>INGREDIENTS (INCI): Aqua, Alcohol Denat., Panthenol,<br \/>\nBiotin, Sodium Hydroxide, Sodium Chloride, Sodium<br \/>\nSulfate, Parfum, Hexyl Cinnamal, Linalool,<br \/>\nCitronellol, Hydroxycitronellal, Alpha-Isomethyl<br \/>\nIonone, Limonene, Geraniol.<\/p>","protected":false},"excerpt":{"rendered":"<p class=\"translation-block\">Speed up pre-treatment<br>\r\nT\u00e4ydellinen sideaine ripsiliimalle, jonka ansiosta liiman pysyvyys paranee. Pre-Treatmentin avulla \u201cavataan\u201d<br>\r\nluonnonripsien suomukerrosta, ja t\u00e4ll\u00f6in ripsiliima kiinnittyy paremmin luonnonripsiin. Speed up pretreatment nopeuttaa liiman kovettumista, jolloin ty\u00f6si nopeutuu ja helpottuu!<br>\r\nK\u00e4ytt\u00f6:<br>\r\nPese ripset ripsivaahdolla. Sen j\u00e4lkeen levit\u00e4 yksi tippa pre-treatmentia mikroharjaan ja levit\u00e4<br>\r\nluonnonripsille.<br>\r\nAnna aineen kuivua hetken ennen laiton aloittamista.<br>\r\nValmistettu EUssa.<\/p>","protected":false},"featured_media":74338,"comment_status":"open","ping_status":"closed","template":"","meta":[],"product_brand":[],"product_cat":[89],"product_tag":[],"giftcard-category":[],"class_list":{"0":"post-16133","1":"product","2":"type-product","3":"status-publish","4":"has-post-thumbnail","6":"product_cat-liimat","8":"first","9":"instock","10":"taxable","11":"shipping-taxable","12":"purchasable","13":"product-type-simple"},"supplier_id":null,"supplier_sku":"","barcode":null,"atum_controlled":true,"out_stock_date":null,"out_stock_threshold":null,"inheritable":false,"inbound_stock":0,"stock_on_hold":12,"sold_today":0,"sales_last_days":9,"reserved_stock":0,"customer_returns":0,"warehouse_damage":0,"lost_in_post":0,"other_logs":0,"out_stock_days":0,"lost_sales":0,"has_location":false,"update_date":"2026-04-17T08:15:08","atum_locations":[],"atum_stock_status":"instock","restock_status":false,"low_stock_amount":2,"sales_update_date":"2026-04-17T06:37:50","calc_backorders":null,"acf":[],"_links":{"self":[{"href":"https:\/\/cristelstudio.com\/et\/wp-json\/wp\/v2\/product\/16133","targetHints":{"allow":["GET"]}}],"collection":[{"href":"https:\/\/cristelstudio.com\/et\/wp-json\/wp\/v2\/product"}],"about":[{"href":"https:\/\/cristelstudio.com\/et\/wp-json\/wp\/v2\/types\/product"}],"replies":[{"embeddable":true,"href":"https:\/\/cristelstudio.com\/et\/wp-json\/wp\/v2\/comments?post=16133"}],"wp:featuredmedia":[{"embeddable":true,"href":"https:\/\/cristelstudio.com\/et\/wp-json\/wp\/v2\/media\/74338"}],"wp:attachment":[{"href":"https:\/\/cristelstudio.com\/et\/wp-json\/wp\/v2\/media?parent=16133"}],"wp:term":[{"taxonomy":"product_brand","embeddable":true,"href":"https:\/\/cristelstudio.com\/et\/wp-json\/wp\/v2\/product_brand?post=16133"},{"taxonomy":"product_cat","embeddable":true,"href":"https:\/\/cristelstudio.com\/et\/wp-json\/wp\/v2\/product_cat?post=16133"},{"taxonomy":"product_tag","embeddable":true,"href":"https:\/\/cristelstudio.com\/et\/wp-json\/wp\/v2\/product_tag?post=16133"},{"taxonomy":"giftcard-category","embeddable":true,"href":"https:\/\/cristelstudio.com\/et\/wp-json\/wp\/v2\/giftcard-category?post=16133"}],"curies":[{"name":"wp","href":"https:\/\/api.w.org\/{rel}","templated":true}]}}