{"id":15591,"date":"2019-09-26T11:18:00","date_gmt":"2019-09-26T09:18:00","guid":{"rendered":"https:\/\/cristelstudio.com\/?post_type=product&#038;p=15591"},"modified":"2026-03-27T15:00:08","modified_gmt":"2026-03-27T13:00:08","slug":"tyovalo-ennakkomyynti","status":"publish","type":"product","link":"https:\/\/cristelstudio.com\/et\/toode\/tyovalo-ennakkomyynti\/","title":{"rendered":"Ty\u00f6valo ilman jalka, p\u00f6yt\u00e4 kiinnityksell\u00e4"},"content":{"rendered":"","protected":false},"excerpt":{"rendered":"<p>T\u00f6\u00f6valgustus<br \/>\n- 4 erinevat heledustaset<br \/>\n\u2013 Pehme, varjudeta valgus<br \/>\n- 1 aasta garantii<br \/>\n\u2013 117 LED-i, 24W<br \/>\n\u2013 Ideaalne valgus t\u00f6\u00f6fotode tegemiseks<br \/>\n\u2013 Tugev ja vastupidav raam<br \/>\n- Lambi ainulaadne kuju v\u00f5imaldab valgustada m\u00f5lemat silma korraga, valguse pikkus 50cm<br \/>\n\u2013 LM 2200 ja 5600-6000K<\/p>","protected":false},"featured_media":48618,"comment_status":"open","ping_status":"closed","template":"","meta":[],"product_brand":[],"product_cat":[92,172],"product_tag":[],"giftcard-category":[],"class_list":{"0":"post-15591","1":"product","2":"type-product","3":"status-publish","4":"has-post-thumbnail","6":"product_cat-tarvikkeet","7":"product_cat-valo","9":"first","10":"instock","11":"sale","12":"taxable","13":"shipping-taxable","14":"purchasable","15":"product-type-simple"},"supplier_id":null,"supplier_sku":"","barcode":null,"atum_controlled":true,"out_stock_date":null,"out_stock_threshold":null,"inheritable":false,"inbound_stock":0,"stock_on_hold":0,"sold_today":0,"sales_last_days":0,"reserved_stock":0,"customer_returns":0,"warehouse_damage":0,"lost_in_post":0,"other_logs":0,"out_stock_days":0,"lost_sales":0,"has_location":false,"update_date":"2026-04-18T00:17:58","atum_locations":[],"atum_stock_status":"instock","restock_status":false,"low_stock_amount":"","sales_update_date":"2026-04-18T00:17:57","calc_backorders":null,"acf":[],"_links":{"self":[{"href":"https:\/\/cristelstudio.com\/et\/wp-json\/wp\/v2\/product\/15591","targetHints":{"allow":["GET"]}}],"collection":[{"href":"https:\/\/cristelstudio.com\/et\/wp-json\/wp\/v2\/product"}],"about":[{"href":"https:\/\/cristelstudio.com\/et\/wp-json\/wp\/v2\/types\/product"}],"replies":[{"embeddable":true,"href":"https:\/\/cristelstudio.com\/et\/wp-json\/wp\/v2\/comments?post=15591"}],"wp:featuredmedia":[{"embeddable":true,"href":"https:\/\/cristelstudio.com\/et\/wp-json\/wp\/v2\/media\/48618"}],"wp:attachment":[{"href":"https:\/\/cristelstudio.com\/et\/wp-json\/wp\/v2\/media?parent=15591"}],"wp:term":[{"taxonomy":"product_brand","embeddable":true,"href":"https:\/\/cristelstudio.com\/et\/wp-json\/wp\/v2\/product_brand?post=15591"},{"taxonomy":"product_cat","embeddable":true,"href":"https:\/\/cristelstudio.com\/et\/wp-json\/wp\/v2\/product_cat?post=15591"},{"taxonomy":"product_tag","embeddable":true,"href":"https:\/\/cristelstudio.com\/et\/wp-json\/wp\/v2\/product_tag?post=15591"},{"taxonomy":"giftcard-category","embeddable":true,"href":"https:\/\/cristelstudio.com\/et\/wp-json\/wp\/v2\/giftcard-category?post=15591"}],"curies":[{"name":"wp","href":"https:\/\/api.w.org\/{rel}","templated":true}]}}