{"id":13987,"date":"2019-08-02T12:58:17","date_gmt":"2019-08-02T10:58:17","guid":{"rendered":"https:\/\/cristelstudio.com\/?post_type=product&#038;p=13987"},"modified":"2026-04-06T22:35:38","modified_gmt":"2026-04-06T20:35:38","slug":"lash-foam-sensitive-60ml-10kpl","status":"publish","type":"product","link":"https:\/\/cristelstudio.com\/et\/toode\/lash-foam-sensitive-60ml-10kpl\/","title":{"rendered":"Lash Foam"},"content":{"rendered":"","protected":false},"excerpt":{"rendered":"<p>- Valmistatud ette ripsmete pikendamiseks<br \/>\n-Eemaldab pingutuseta meigi ja mustuse<br \/>\n- \u00d5rn, kuid t\u00f5hus vaht<br \/>\n-Igap\u00e4evasel kasutamisel kestab see umbes 3 kuud<br \/>\n-Kaitse silmahaiguste eest, igap\u00e4evane kasutamine pikendab ripsmepikenduste p\u00fcsivust<br \/>\n-Sobib meigi eemaldamiseks kogu n\u00e4olt<br \/>\n-T\u00e4nu valitud koostisainetele m\u00f5jub \u0161ampoon ka tundlikule silma\u00fcmbrusele rahustavalt<br \/>\nnt kummel<br \/>\n- Avatuna s\u00e4ilib 12 kuud<br \/>\n-Saksamaal valmistatud, ohutu puhastusvaht<\/p>\n<p>- Tundlik vaht on l\u00f5hnavaba<\/p>","protected":false},"featured_media":51532,"comment_status":"open","ping_status":"closed","template":"","meta":[],"product_brand":[],"product_cat":[104,152,96],"product_tag":[],"giftcard-category":[],"class_list":{"0":"post-13987","1":"product","2":"type-product","3":"status-publish","4":"has-post-thumbnail","6":"product_cat-effortless-collection","7":"product_cat-kuluttaja-tuotteet","8":"product_cat-puhdistus","10":"first","11":"instock","12":"sale","13":"taxable","14":"shipping-taxable","15":"purchasable","16":"product-type-variable"},"supplier_id":null,"supplier_sku":"","barcode":null,"atum_controlled":true,"out_stock_date":null,"out_stock_threshold":null,"inheritable":true,"inbound_stock":0,"stock_on_hold":0,"sold_today":0,"sales_last_days":2,"reserved_stock":0,"customer_returns":0,"warehouse_damage":0,"lost_in_post":0,"other_logs":0,"out_stock_days":0,"lost_sales":0,"has_location":false,"update_date":"2026-04-18T00:10:54","atum_locations":[],"atum_stock_status":"instock","restock_status":false,"low_stock_amount":"","sales_update_date":"2026-04-16T09:40:57","calc_backorders":null,"acf":[],"_links":{"self":[{"href":"https:\/\/cristelstudio.com\/et\/wp-json\/wp\/v2\/product\/13987","targetHints":{"allow":["GET"]}}],"collection":[{"href":"https:\/\/cristelstudio.com\/et\/wp-json\/wp\/v2\/product"}],"about":[{"href":"https:\/\/cristelstudio.com\/et\/wp-json\/wp\/v2\/types\/product"}],"replies":[{"embeddable":true,"href":"https:\/\/cristelstudio.com\/et\/wp-json\/wp\/v2\/comments?post=13987"}],"wp:featuredmedia":[{"embeddable":true,"href":"https:\/\/cristelstudio.com\/et\/wp-json\/wp\/v2\/media\/51532"}],"wp:attachment":[{"href":"https:\/\/cristelstudio.com\/et\/wp-json\/wp\/v2\/media?parent=13987"}],"wp:term":[{"taxonomy":"product_brand","embeddable":true,"href":"https:\/\/cristelstudio.com\/et\/wp-json\/wp\/v2\/product_brand?post=13987"},{"taxonomy":"product_cat","embeddable":true,"href":"https:\/\/cristelstudio.com\/et\/wp-json\/wp\/v2\/product_cat?post=13987"},{"taxonomy":"product_tag","embeddable":true,"href":"https:\/\/cristelstudio.com\/et\/wp-json\/wp\/v2\/product_tag?post=13987"},{"taxonomy":"giftcard-category","embeddable":true,"href":"https:\/\/cristelstudio.com\/et\/wp-json\/wp\/v2\/giftcard-category?post=13987"}],"curies":[{"name":"wp","href":"https:\/\/api.w.org\/{rel}","templated":true}]}}