{"id":13653,"date":"2019-07-21T20:40:53","date_gmt":"2019-07-21T18:40:53","guid":{"rendered":"https:\/\/cristelstudio.com\/?post_type=product&#038;p=13653"},"modified":"2026-04-06T14:40:10","modified_gmt":"2026-04-06T12:40:10","slug":"globaderm-hoitovoide","status":"publish","type":"product","link":"https:\/\/cristelstudio.com\/et\/toode\/globaderm-hoitovoide\/","title":{"rendered":"Globaderm\u00ae ravikreem"},"content":{"rendered":"","protected":false},"excerpt":{"rendered":"<p>Igap\u00e4evaseks kasutamiseks sobiv kerge antiseptiline hoolduskreem, mis muudab naha pehmeks ja elastseks ning aitab s\u00e4ilitada naha loomulikku kaitsev\u00f5imet.<\/p>\n<p>Taastab kuiva, kareda ja l\u00f5henenud naha normaalse oleku.<\/p>\n<p>Ideaalne kasutamiseks tervishoiuasutustes, toiduainet\u00f6\u00f6stuses ja mujal, kus nahk kuivab kergesti sagedase pesemise ja desinfitseerimise t\u00f5ttu.<\/p>\n<p>Sisaldab looduslikku eukal\u00fcpti\u00f5li, mis annab kreemile antiseptilised omadused ja v\u00e4rskendava l\u00f5hna.<\/p>\n<p>Ei sisalda kunstlikke v\u00e4rv- ega l\u00f5hnaaineid.<\/p>","protected":false},"featured_media":48628,"comment_status":"open","ping_status":"closed","template":"","meta":[],"product_brand":[],"product_cat":[152,92],"product_tag":[],"giftcard-category":[],"class_list":{"0":"post-13653","1":"product","2":"type-product","3":"status-publish","4":"has-post-thumbnail","6":"product_cat-kuluttaja-tuotteet","7":"product_cat-tarvikkeet","9":"first","10":"instock","11":"taxable","12":"shipping-taxable","13":"purchasable","14":"product-type-simple"},"supplier_id":null,"supplier_sku":"","barcode":null,"atum_controlled":true,"out_stock_date":null,"out_stock_threshold":null,"inheritable":false,"inbound_stock":0,"stock_on_hold":0,"sold_today":0,"sales_last_days":2,"reserved_stock":0,"customer_returns":0,"warehouse_damage":0,"lost_in_post":0,"other_logs":0,"out_stock_days":0,"lost_sales":0,"has_location":false,"update_date":"2026-04-16T07:32:54","atum_locations":[],"atum_stock_status":"instock","restock_status":false,"low_stock_amount":"","sales_update_date":"2026-04-16T07:32:54","calc_backorders":null,"acf":[],"_links":{"self":[{"href":"https:\/\/cristelstudio.com\/et\/wp-json\/wp\/v2\/product\/13653","targetHints":{"allow":["GET"]}}],"collection":[{"href":"https:\/\/cristelstudio.com\/et\/wp-json\/wp\/v2\/product"}],"about":[{"href":"https:\/\/cristelstudio.com\/et\/wp-json\/wp\/v2\/types\/product"}],"replies":[{"embeddable":true,"href":"https:\/\/cristelstudio.com\/et\/wp-json\/wp\/v2\/comments?post=13653"}],"wp:featuredmedia":[{"embeddable":true,"href":"https:\/\/cristelstudio.com\/et\/wp-json\/wp\/v2\/media\/48628"}],"wp:attachment":[{"href":"https:\/\/cristelstudio.com\/et\/wp-json\/wp\/v2\/media?parent=13653"}],"wp:term":[{"taxonomy":"product_brand","embeddable":true,"href":"https:\/\/cristelstudio.com\/et\/wp-json\/wp\/v2\/product_brand?post=13653"},{"taxonomy":"product_cat","embeddable":true,"href":"https:\/\/cristelstudio.com\/et\/wp-json\/wp\/v2\/product_cat?post=13653"},{"taxonomy":"product_tag","embeddable":true,"href":"https:\/\/cristelstudio.com\/et\/wp-json\/wp\/v2\/product_tag?post=13653"},{"taxonomy":"giftcard-category","embeddable":true,"href":"https:\/\/cristelstudio.com\/et\/wp-json\/wp\/v2\/giftcard-category?post=13653"}],"curies":[{"name":"wp","href":"https:\/\/api.w.org\/{rel}","templated":true}]}}