{"id":13645,"date":"2019-07-21T20:36:18","date_gmt":"2019-07-21T18:36:18","guid":{"rendered":"https:\/\/cristelstudio.com\/?post_type=product&#038;p=13645"},"modified":"2026-02-11T20:11:50","modified_gmt":"2026-02-11T18:11:50","slug":"globaquatrtu","status":"publish","type":"product","link":"https:\/\/cristelstudio.com\/et\/toode\/globaquatrtu\/","title":{"rendered":"Globaquat\u00aeRTU 1L"},"content":{"rendered":"","protected":false},"excerpt":{"rendered":"<p>GLOBAQUAT\u00aeRTU materiaaliyst\u00e4v\u00e4llinen pintojen puhdistus- ja desinfiointiaine.<\/p>\n<p>Kolmen erilaisen kvaternaarisen ammoniumyhdisteen ja pinta-aktiivisten aineiden ainutlaatuinen yhdistelm\u00e4 antaa tuotteelle erinomaiset puhdistus- ja desinfiointiominaisuudet.<\/p>\n<p>K\u00e4ytet\u00e4\u00e4n akryylipintojen, erilaisten muovien, kuntosalilaitteiden, tietokoneiden, leikkikalujen, patjojen ym. puhdistamiseen ja desinfiointiin.<\/p>","protected":false},"featured_media":48629,"comment_status":"open","ping_status":"closed","template":"","meta":[],"product_brand":[],"product_cat":[96],"product_tag":[],"giftcard-category":[],"class_list":{"0":"post-13645","1":"product","2":"type-product","3":"status-publish","4":"has-post-thumbnail","6":"product_cat-puhdistus","8":"first","9":"instock","10":"taxable","11":"shipping-taxable","12":"purchasable","13":"product-type-simple"},"supplier_id":null,"supplier_sku":"","barcode":null,"atum_controlled":true,"out_stock_date":null,"out_stock_threshold":null,"inheritable":false,"inbound_stock":0,"stock_on_hold":0,"sold_today":0,"sales_last_days":0,"reserved_stock":0,"customer_returns":0,"warehouse_damage":0,"lost_in_post":0,"other_logs":0,"out_stock_days":0,"lost_sales":0,"has_location":false,"update_date":"2026-04-19T00:17:32","atum_locations":[],"atum_stock_status":"instock","restock_status":false,"low_stock_amount":"","sales_update_date":"2026-04-19T00:17:30","calc_backorders":null,"acf":[],"_links":{"self":[{"href":"https:\/\/cristelstudio.com\/et\/wp-json\/wp\/v2\/product\/13645","targetHints":{"allow":["GET"]}}],"collection":[{"href":"https:\/\/cristelstudio.com\/et\/wp-json\/wp\/v2\/product"}],"about":[{"href":"https:\/\/cristelstudio.com\/et\/wp-json\/wp\/v2\/types\/product"}],"replies":[{"embeddable":true,"href":"https:\/\/cristelstudio.com\/et\/wp-json\/wp\/v2\/comments?post=13645"}],"wp:featuredmedia":[{"embeddable":true,"href":"https:\/\/cristelstudio.com\/et\/wp-json\/wp\/v2\/media\/48629"}],"wp:attachment":[{"href":"https:\/\/cristelstudio.com\/et\/wp-json\/wp\/v2\/media?parent=13645"}],"wp:term":[{"taxonomy":"product_brand","embeddable":true,"href":"https:\/\/cristelstudio.com\/et\/wp-json\/wp\/v2\/product_brand?post=13645"},{"taxonomy":"product_cat","embeddable":true,"href":"https:\/\/cristelstudio.com\/et\/wp-json\/wp\/v2\/product_cat?post=13645"},{"taxonomy":"product_tag","embeddable":true,"href":"https:\/\/cristelstudio.com\/et\/wp-json\/wp\/v2\/product_tag?post=13645"},{"taxonomy":"giftcard-category","embeddable":true,"href":"https:\/\/cristelstudio.com\/et\/wp-json\/wp\/v2\/giftcard-category?post=13645"}],"curies":[{"name":"wp","href":"https:\/\/api.w.org\/{rel}","templated":true}]}}