{"id":51059,"date":"2022-04-12T12:56:49","date_gmt":"2022-04-12T10:56:49","guid":{"rendered":"https:\/\/cristelstudio.com\/?page_id=51059"},"modified":"2022-04-20T19:44:21","modified_gmt":"2022-04-20T17:44:21","slug":"auto-draft","status":"publish","type":"page","link":"https:\/\/cristelstudio.com\/et\/lash-competition\/auto-draft\/","title":{"rendered":"Cristel Studio 10v"},"content":{"rendered":"<p>[section label=&#8221;Hero&#8221; bg=&#8221;51062&#8243; bg_overlay__sm=&#8221;rgba(0, 0, 0, 0.2)&#8221; bg_pos=&#8221;55% 20%&#8221; dark=&#8221;true&#8221; height=&#8221;900px&#8221; height__sm=&#8221;400px&#8221; height__md=&#8221;500px&#8221;]<\/p>\n<p>[gap]<\/p>\n<p>[row h_align=&#8221;center&#8221;]<\/p>\n<p>[col span=&#8221;9&#8243; span__sm=&#8221;12&#8243; align=&#8221;center&#8221;]<\/p>\n<p>[\/col]<\/p>\n<p>[\/row]<br \/>\n[ux_text font_size=&#8221;2&#8243; font_size__sm=&#8221;1.5&#8243; text_align=&#8221;center&#8221;]<\/p>\n<h1><\/h1>\n<h1><\/h1>\n<h1 style=\"text-align: center;\">Cristel Studio 10v<\/h1>\n<p>[\/ux_text]<\/p>\n<p>[\/section]<br \/>\n[section label=&#8221;Product Highlight&#8221;]<\/p>\n<p>[gap height=&#8221;170px&#8221; height__sm=&#8221;50px&#8221; height__md=&#8221;75px&#8221;]<\/p>\n<p>[row style=&#8221;large&#8221; width=&#8221;custom&#8221; custom_width=&#8221;1300px&#8221;]<\/p>\n<p>[col span=&#8221;6&#8243; span__sm=&#8221;12&#8243; span__md=&#8221;12&#8243;]<\/p>\n<p>[ux_text font_size=&#8221;1.1&#8243; font_size__sm=&#8221;1.5&#8243;]<\/p>\n<h5 class=\"lead\" style=\"text-align: left;\">Cristel Studio t\u00e4ytt\u00e4\u00e4 kes\u00e4ll\u00e4 jo huimat 10 vuotta! Olemme tehneet paljon t\u00f6it\u00e4 tarjotaksemme teille alamme parhaat koulutukset ja tuotteet. Aherruksemme on tuottanut tulosta ja olemmekin nousseet Suomen yhdeksi johtavista ripsibr\u00e4ndeist\u00e4. Kiitos jokaiselle asiakkaalle ja yhteisty\u00f6kumppanille, te olette mahdollistaneet t\u00e4m\u00e4n.<\/h5>\n<h5 style=\"text-align: left;\">Hein\u00e4kuun alussa p\u00e4\u00e4semme juhlimaan t\u00e4t\u00e4 t\u00e4rke\u00e4\u00e4 merkkip\u00e4iv\u00e4\u00e4 ja haluamme tietenkin teid\u00e4t mukaan juhlimaan. J\u00e4rjest\u00e4mme 2.-3. hein\u00e4kuuta Helsingiss\u00e4 syntym\u00e4p\u00e4iv\u00e4tapahtuman. Tapahtumassa on luvassa ripsiteknikoille suunnattuja workshoppeja, ripsikilpailu sek\u00e4 iltajuhla.<br \/>\nTervetulleita ovat kaikki Cristel Studion oppilaat, verkkokauppa-asiakkaamme sek\u00e4 ripsiteknikot, jotka haluavat tutustua Cristel Studion tuotteisiin ja koulutuksiin. Paikkoja on rajoitetusti, joten varaa paikkasi nopeasti. <strong>Aikaa ilmoittautua on 5. kes\u00e4kuuta asti.<\/strong><\/h5>\n<p>[\/ux_text]<br \/>\n[gap height=&#8221;60px&#8221; height__md=&#8221;20px&#8221;]<\/p>\n<p>[\/col]<br \/>\n[col span=&#8221;6&#8243; span__sm=&#8221;12&#8243; span__md=&#8221;12&#8243;]<\/p>\n<p>[ux_image_box img=&#8221;48425&#8243; image_height=&#8221;400px&#8221; image_hover=&#8221;zoom-fade&#8221; link=&#8221;#&#8221; text_align=&#8221;left&#8221;]<\/p>\n<p>[button text=&#8221;Kouluttajat&#8221; style=&#8221;shade&#8221; radius=&#8221;14&#8243; depth=&#8221;3&#8243; depth_hover=&#8221;5&#8243; expand=&#8221;true&#8221; link=&#8221;https:\/\/cristelstudio.com\/kouluttajat\/#kristel&#8221;]<\/p>\n<p>[\/ux_image_box]<\/p>\n<p>[\/col]<\/p>\n<p>[\/row]<br \/>\n[gap height=&#8221;100px&#8221; height__sm=&#8221;30px&#8221; height__md=&#8221;80px&#8221;]<\/p>\n<p>[divider align=&#8221;center&#8221; width=&#8221;700px&#8221; height=&#8221;4px&#8221; margin=&#8221;0px&#8221; color=&#8221;rgb(224, 224, 224)&#8221;]<\/p>\n<p>[\/section]<br \/>\n[gap height=&#8221;70px&#8221; height__sm=&#8221;10px&#8221; height__md=&#8221;50px&#8221;]<\/p>\n<p>[section label=&#8221;Article&#8221; padding=&#8221;50px&#8221;]<\/p>\n<p>[row style=&#8221;large&#8221; width=&#8221;custom&#8221; custom_width=&#8221;1300px&#8221; v_align=&#8221;middle&#8221;]<\/p>\n<p>[col span=&#8221;6&#8243; span__sm=&#8221;12&#8243; span__md=&#8221;12&#8243;]<\/p>\n<p>[ux_banner height=&#8221;750px&#8221; height__sm=&#8221;300px&#8221; height__md=&#8221;500px&#8221; bg=&#8221;51060&#8243; bg_color=&#8221;rgb(255, 255, 255)&#8221;]<\/p>\n<p>[text_box width__sm=&#8221;60&#8243; position_x=&#8221;50&#8243; position_y=&#8221;50&#8243;]<\/p>\n<p>[\/text_box]<\/p>\n<p>[\/ux_banner]<\/p>\n<p>[\/col]<br \/>\n[col span=&#8221;6&#8243; span__sm=&#8221;12&#8243; span__md=&#8221;12&#8243;]<\/p>\n<p>[ux_text font_size=&#8221;1&#8243; font_size__sm=&#8221;1.5&#8243;]<\/p>\n<p><strong>Pandemian vaikeuksien j\u00e4lkeen on ihana p\u00e4\u00e4st\u00e4 h\u00f6p\u00f6ttelem\u00e4\u00e4n ripsist\u00e4<\/strong><br \/>\n<strong>rennosti\u00a0 kollegoiden kanssa. Juhlissa DJ soittaa musikkia ja tarjolla<\/strong><br \/>\n<strong>on naposteltavaa ja juomista. Pukukoodi cocktail dress.<\/strong><\/p>\n<p>Tapahtuma j\u00e4rjestet\u00e4\u00e4n Dancest-tanssistudion tiloissa osoitteessa Orapihlajatie\u00a0 37.<br \/>\nSaapumisohjeet: Rautatieasemalta\/Pasilasta junat P,U,E tai A. J\u00e4\u00e4<br \/>\nHuopalahden asemalla ja k\u00e4vele 800m perille. Bussi keskustasta: bussi 40. J\u00e4\u00e4 pys\u00e4kill\u00e4 Thalianaukio ja k\u00e4vele 600m perille. Bussit jotka pys\u00e4htyv\u00e4t my\u00f6s Thalianaukiolla: 56, 52, 41.<\/p>\n<p>Voit katsoa reitin my\u00f6s<br \/>\nt\u00e4st\u00e4:\u00a0<a href=\"https:\/\/www.hsl.fi\/?fromJourneyPlanner=true\" target=\"_blank\" rel=\"noopener noreferrer\" data-saferedirecturl=\"https:\/\/www.google.com\/url?q=https:\/\/www.hsl.fi\/?fromJourneyPlanner%3Dtrue&amp;source=gmail&amp;ust=1649836372353000&amp;usg=AOvVaw2GP198KUOUNMzZ1-2LQXzJ\">https:\/\/www.hsl.fi\/?fromJourne<wbr \/>yPlanner=true<\/a><br \/>\n[\/ux_text]<\/p>\n<p>[\/col]<\/p>\n<p>[\/row]<br \/>\n[gap height=&#8221;100px&#8221; height__sm=&#8221;0px&#8221; height__md=&#8221;30px&#8221;]<\/p>\n<p>[\/section]<br \/>\n[section label=&#8221;Image Block&#8221; bg_color=&#8221;rgb(83, 238, 213)&#8221; padding=&#8221;100px&#8221; padding__sm=&#8221;50px&#8221; padding__md=&#8221;100px&#8221;]<\/p>\n<p>[gap]<\/p>\n<p>[row style=&#8221;large&#8221; width=&#8221;custom&#8221; custom_width=&#8221;1300px&#8221;]<\/p>\n<p>[col span=&#8221;6&#8243; span__sm=&#8221;12&#8243; span__md=&#8221;12&#8243;]<\/p>\n<p>[ux_text font_size=&#8221;3&#8243; font_size__sm=&#8221;2&#8243; line_height=&#8221;1.25&#8243;]<\/p>\n<p style=\"text-align: center;\"><span style=\"color: #282828;\">Ripsikilpailu<\/span><\/p>\n<p>[\/ux_text]<br \/>\n[ux_image id=&#8221;51061&#8243; width=&#8221;59&#8243; width__sm=&#8221;100&#8243; width__md=&#8221;50&#8243;]<\/p>\n<p>[\/col]<br \/>\n[col span=&#8221;6&#8243; span__sm=&#8221;12&#8243; span__md=&#8221;12&#8243;]<\/p>\n<p>[ux_banner height=&#8221;700px&#8221; height__sm=&#8221;400px&#8221; height__md=&#8221;500px&#8221; bg_color=&#8221;#adadad&#8221; bg_overlay=&#8221;rgb(148, 244, 218)&#8221;]<\/p>\n<p>[text_box width=&#8221;88&#8243; width__sm=&#8221;60&#8243; position_x=&#8221;10&#8243; position_y=&#8221;5&#8243;]<\/p>\n<p>[ux_text font_size=&#8221;0.9&#8243;]<\/p>\n<p style=\"text-align: left;\"><span style=\"color: #000000;\">Ripsikilpailu on tarkoitettu kaikille ripsiteknikoille, jotka haluavat <\/span><span style=\"color: #000000;\">haastaa itse\u00e4\u00e4n. T\u00e4m\u00e4 kilpailu sopii t\u00e4ydellisesti sinulle, joka olet <\/span><span style=\"color: #000000;\">haaveillut kisoihin osallistumisesta, mutta et ole viel\u00e4 uskaltanut <\/span><span style=\"color: #000000;\">osallistua. Meid\u00e4n tarkoituksemme on j\u00e4rjest\u00e4\u00e4 matalan kynnyksen <\/span><span style=\"color: #000000;\">ripsikilpailu, johon jokainen ripsiteknikko uskaltaa osallistua. <\/span><span style=\"color: #000000;\">Osallistua saa kaikki, jotka eiv\u00e4t ole aikaisemmin voittaneet <\/span><span style=\"color: #000000;\">live-kisoja. Online-kisojen voittoja ei lasketa. Tuomareina toimivat <\/span><span style=\"color: #000000;\">kaikki Cristel Studion kouluttajat ja meid\u00e4n tiimin lis\u00e4ksi paikalle <\/span><span style=\"color: #000000;\">saapuu viel\u00e4 yll\u00e4tystuomari.<\/span><\/p>\n<p style=\"text-align: left;\"><span style=\"color: #000000;\">Kun ostat lipun kisoihin, laita s\u00e4hkopostiin <a style=\"color: #000000;\" href=\"mailto:cristelstudio@gmail.com\" target=\"_blank\" rel=\"noopener\">cristelstudio@gmail.com <\/a><\/span><span style=\"color: #000000;\">kopio sertifikaatistasi ja ilmoita t-paitasi koko. Osallistujan tulee <\/span><span style=\"color: #000000;\">tuoda mukanaan oma malli, valo, ripsitarvikkeet sek\u00e4 halutessasi my\u00f6s <\/span><span style=\"color: #000000;\">oma satulatuoli. Laita meille viesti\u00e4 mik\u00e4li sinulla ei ole <\/span><span style=\"color: #000000;\">mahdollisuutta tuoda omaa valoa. T\u00e4ll\u00f6in teemme parhaamme <\/span><span style=\"color: #000000;\">j\u00e4rjest\u00e4\u00e4ksemme sinulle valon. <\/span><span style=\"color: #000000;\">Cristel Studiolla on oikeus perua osallistumisesi mik\u00e4li selvi\u00e4\u00e4, ett\u00e4 <\/span><span style=\"color: #000000;\">olet ilmoittanut meille v\u00e4\u00e4r\u00e4\u00e4 tietoa sinun tasostasi tai kisojen <\/span><span style=\"color: #000000;\">voitoista.<\/span><\/p>\n<h5 style=\"text-align: center;\"><span style=\"color: #000000;\">Tasot:<\/span><br \/>\n<span style=\"color: #000000;\">Junior 0-1,5 vuotta kokemusta<\/span><br \/>\n<span style=\"color: #000000;\">Master 1,5-3 vuotta kokemusta<\/span><br \/>\n<span style=\"color: #000000;\">Expert yli 3 vuotta kokemusta (kouluttajat eiv\u00e4tk\u00e4 live-kisojen<\/span><br \/>\n<span style=\"color: #000000;\">voittajat saa osallistua)<\/span><\/h5>\n<p>[\/ux_text]<\/p>\n<p>[\/text_box]<\/p>\n<p>[\/ux_banner]<\/p>\n<p>[\/col]<\/p>\n<p>[\/row]<\/p>\n<p>[\/section]<br \/>\n[divider]<\/p>\n<p>[section label=&#8221;Image Block&#8221; bg_color=&#8221;rgb(187, 187, 187)&#8221; padding=&#8221;100px&#8221; padding__sm=&#8221;50px&#8221; padding__md=&#8221;100px&#8221;]<\/p>\n<p>[gap]<\/p>\n<p>[row style=&#8221;large&#8221; width=&#8221;custom&#8221; custom_width=&#8221;1300px&#8221;]<\/p>\n<p>[col span=&#8221;6&#8243; span__sm=&#8221;12&#8243; span__md=&#8221;12&#8243;]<\/p>\n<p>[ux_text font_size=&#8221;3&#8243; font_size__sm=&#8221;2&#8243; line_height=&#8221;1.25&#8243;]<\/p>\n<h2 style=\"text-align: center;\">Aikataulu<\/h2>\n<p>[\/ux_text]<br \/>\n[ux_banner height=&#8221;700px&#8221; height__sm=&#8221;400px&#8221; height__md=&#8221;500px&#8221; bg_color=&#8221;#adadad&#8221; bg_overlay=&#8221;rgb(148, 244, 218)&#8221;]<\/p>\n<p>[text_box width=&#8221;88&#8243; width__sm=&#8221;60&#8243; position_x=&#8221;10&#8243; position_y=&#8221;5&#8243;]<\/p>\n<p>[ux_text font_size=&#8221;0.9&#8243;]<\/p>\n<p style=\"text-align: left;\"><span style=\"color: #282828;\">2.7<\/span><br \/>\n<span style=\"color: #282828;\">9.00-10.30 Kilpailuworkshop. T\u00e4ss\u00e4 workshopissa k\u00e4yd\u00e4\u00e4n l\u00e4pi<\/span><br \/>\n<span style=\"color: #282828;\">kilpailus\u00e4\u00e4nt\u00f6j\u00e4 ja jaetaan omia kokemuksia kisoista.<\/span><br \/>\n<span style=\"color: #282828;\">10.45-11.45 Motivaatioworkshop<\/span><br \/>\n<span style=\"color: #282828;\">12.00-13.00 Tuoteworkshop. P\u00e4\u00e4set tutustumaan ja testamaan Cristel<\/span><br \/>\n<span style=\"color: #282828;\">Studion tuotteita.<\/span><br \/>\n<span style=\"color: #282828;\">14.00 Ilmoittautuminen klassisten ripsien kisaan alkaa.<\/span><br \/>\n<span style=\"color: #282828;\">14.15-14.30 Mallin ripsien pesu, lappujen asettelu, lashmapin<\/span><br \/>\n<span style=\"color: #282828;\">piirt\u00e4minen ja esik\u00e4sittelyaineen levitys<\/span><br \/>\n<span style=\"color: #282828;\">Ripsien tekeminen:<\/span><br \/>\n<span style=\"color: #282828;\">Juniorit 14.30-17.00<\/span><br \/>\n<span style=\"color: #282828;\">Master ja Expert 14.30-16.30<\/span><\/p>\n<p style=\"text-align: left;\"><span style=\"color: #282828;\">3.7<\/span><br \/>\n<span style=\"color: #282828;\">10.00 Ilmoittautuminen 3-5D volyymiripsien kilpailuun alkaa<\/span><br \/>\n<span style=\"color: #282828;\">10.15-10.30 Mallin ripsien pesu, lappujen asettelu, lashmapin<\/span><br \/>\n<span style=\"color: #282828;\">piirt\u00e4minen ja esik\u00e4sittelyaineen levitys<\/span><br \/>\n<span style=\"color: #282828;\">Ripsien tekeminen:<\/span><br \/>\n<span style=\"color: #282828;\">Juniorit<\/span><br \/>\n<span style=\"color: #282828;\">10.30-14.00<\/span><br \/>\n<span style=\"color: #282828;\">Master ja Expert<\/span><br \/>\n<span style=\"color: #282828;\">10.30-13.30<\/span><br \/>\n<span style=\"color: #282828;\">\u00a0<\/span><br \/>\n<span style=\"color: #282828;\">19.00 Palkintojenjako, jonka j\u00e4lkeen alkaa iltajuhla<\/span><\/p>\n<p>[\/ux_text]<\/p>\n<p>[\/text_box]<\/p>\n<p>[\/ux_banner]<\/p>\n<p>[\/col]<br \/>\n[col span=&#8221;6&#8243; span__sm=&#8221;12&#8243; span__md=&#8221;12&#8243;]<\/p>\n<p>[ux_text font_size=&#8221;3&#8243; font_size__sm=&#8221;2&#8243; line_height=&#8221;1.25&#8243;]<\/p>\n<h2 style=\"text-align: center;\">Hinnasto<\/h2>\n<p>[\/ux_text]<br \/>\n[ux_banner height=&#8221;700px&#8221; height__sm=&#8221;400px&#8221; height__md=&#8221;500px&#8221; bg_color=&#8221;#adadad&#8221; bg_overlay=&#8221;rgb(148, 244, 218)&#8221;]<\/p>\n<p>[text_box width=&#8221;88&#8243; width__sm=&#8221;60&#8243; position_x=&#8221;50&#8243; position_y=&#8221;50&#8243;]<\/p>\n<p>[ux_text font_size=&#8221;0.9&#8243;]<\/p>\n<p style=\"text-align: center;\"><span style=\"color: #282828;\">Workshoppien sis\u00e4\u00e4np\u00e4\u00e4sy 10\u20ac, hintaan sis\u00e4ltyy my\u00f6s pieni lahjapussi.<\/span><br \/>\n<span style=\"color: #282828;\">Ripsikilpailun lipun hintaan sis\u00e4ltyy osallistuminen iltajuhlaan<\/span><br \/>\n<span style=\"color: #282828;\">1\u00a0 lippu 55\u20ac sis. ALV<\/span><br \/>\n<span style=\"color: #282828;\">2 lippua 45\u20ac+45\u20ac sis. ALV<\/span><br \/>\n<span style=\"color: #282828;\">\u00a0<\/span><br \/>\n<span style=\"color: #282828;\">Iltajuhlan lippu, jos et osallistu kisoihin on 20\u20ac sis\u00e4lt\u00e4en ALV.<\/span><\/p>\n<p>[\/ux_text]<br \/>\n[button text=&#8221;Osta lippu&#8221; color=&#8221;secondary&#8221; style=&#8221;shade&#8221; size=&#8221;large&#8221; radius=&#8221;5&#8243; depth=&#8221;3&#8243; depth_hover=&#8221;5&#8243; expand=&#8221;true&#8221; link=&#8221;https:\/\/cristelstudio.com\/tuote\/cristel-studio-10v\/&#8221;]<\/p>\n<p>[\/text_box]<\/p>\n<p>[\/ux_banner]<\/p>\n<p>[\/col]<\/p>\n<p>[\/row]<\/p>\n<p>[\/section]<br \/>\n[section label=&#8221;Image Block&#8221; bg_color=&#8221;rgb(83, 238, 213)&#8221; padding=&#8221;100px&#8221; padding__sm=&#8221;50px&#8221; padding__md=&#8221;100px&#8221;]<\/p>\n<p>[ux_text font_size=&#8221;3&#8243; font_size__sm=&#8221;2&#8243; line_height=&#8221;1.25&#8243;]<\/p>\n<p style=\"text-align: center;\"><span style=\"color: #282828;\">Kriteerit<\/span><\/p>\n<p>[\/ux_text]<br \/>\n[gap]<\/p>\n<p>[ux_text font_size=&#8221;0.9&#8243;]<\/p>\n<h4 style=\"text-align: left;\"><span style=\"color: #000000;\">Klassisten ripsien s\u00e4\u00e4nn\u00f6t <\/span><\/h4>\n<h5 style=\"text-align: left;\"><span style=\"color: #000000;\">1. Yleisilme 10 points \u2013 T\u00e4ss\u00e4 katsotaan kokonaisuutta, melkein kaikki otetaan huomioon. <\/span><\/h5>\n<h5 style=\"text-align: left;\"><span style=\"color: #000000;\">2. Cleanliness of the work 10 points- Ty\u00f6n siisteys. Ripsiss\u00e4 ei saa olla meikki\u00e4, geelilappujen geeli\u00e4. Liima m\u00e4\u00e4r\u00e4 on sopiva, eik\u00e4 ty\u00f6 n\u00e4yt\u00e4 raskaalta. <\/span><\/h5>\n<h5 style=\"text-align: left;\"><span style=\"color: #000000;\">3. Et\u00e4isyys luomesta 5 points- Et\u00e4isyys luomesta 0,2mm <\/span><\/h5>\n<h5 style=\"text-align: left;\"><span style=\"color: #000000;\">4. Suunta 10 points- Kaikki kuidut katsoo samansuuntaisesti eik\u00e4 oo ristiss\u00e4<\/span><\/h5>\n<h5 style=\"text-align: left;\"><span style=\"color: #000000;\"> 5. T\u00e4ydellinen ripsikaari 5 points- Ripsikaari on tasainen, pituuksien vaihto on sujuva. <\/span><\/h5>\n<h5 style=\"text-align: left;\"><span style=\"color: #000000;\">6. T\u00e4yttyvyys 5 points<\/span><\/h5>\n<h5 style=\"text-align: left;\"><span style=\"color: #000000;\"> 7. Muotoilu 10 points \u2013 muotoilun pit\u00e4\u00e4 olla sopiva asiakkaan silm\u00e4muotoon ja kasvojen muotoon.<\/span><\/h5>\n<h5 style=\"text-align: left;\"><span style=\"color: #000000;\"> 8. Symmetria 10 points-Molemmat silm\u00e4t on symmetriset. <\/span><\/h5>\n<h5 style=\"text-align: left;\"><span style=\"color: #000000;\">9. Mallille sopiva kuitujen paksuus ja pituus 5p <\/span><\/h5>\n<h5 style=\"text-align: left;\"><span style=\"color: #000000;\">10. Sis\u00e4nurkat 5p <\/span><\/h5>\n<h5 style=\"text-align: left;\"><span style=\"color: #000000;\">11. Ulkonurkat 5p <\/span><\/h5>\n<h5 style=\"text-align: left;\"><span style=\"color: #000000;\">12. Kiinnitys 10p- Kuidut on tyvest\u00e4 kunnolla kiinni. T\u00e4ss\u00e4 saat miinus pisteit\u00e4 irti l\u00e4hteneist\u00e4 kuiduista. <\/span><\/h5>\n<h5 style=\"text-align: left;\"><span style=\"color: #000000;\">13. Erottelu 10p- <\/span><\/h5>\n<h4>\u00a0<\/h4>\n<h4 style=\"text-align: left;\"><span style=\"color: #000000;\">Volyymiripset 3-5D <\/span><\/h4>\n<h5 style=\"text-align: left;\"><span style=\"color: #000000;\">1. Yleisilme 10 points \u2013 T\u00e4ss\u00e4 katsotaan kokonaisuutta, melkein kaikki otetaan huomioon. <\/span><\/h5>\n<h5 style=\"text-align: left;\"><span style=\"color: #000000;\">2. Cleanliness of the work 10 points- Ty\u00f6n siisteys. Ripsiss\u00e4 ei saa olla meikki\u00e4, geelilappujen geeli\u00e4. Liima m\u00e4\u00e4r\u00e4 on sopiva, eik\u00e4 ty\u00f6 n\u00e4yt\u00e4 raskaalta. <\/span><\/h5>\n<h5 style=\"text-align: left;\"><span style=\"color: #000000;\">3. Et\u00e4isyys luomesta 5 points- Et\u00e4isyys luomesta 0,2mm <\/span><\/h5>\n<h5 style=\"text-align: left;\"><span style=\"color: #000000;\">4. Suunta 10 points- Kaikki viuhkat katsoo samansuuntaisesti eik\u00e4 oo ristiss\u00e4 <\/span><\/h5>\n<h5 style=\"text-align: left;\"><span style=\"color: #000000;\">5. T\u00e4ydellinen ripsikaari 5 points- Ripsikaari on tasainen, pituuksien vaihto on sujuva 6. T\u00e4yttyvyys 5 points <\/span><\/h5>\n<h5 style=\"text-align: left;\"><span style=\"color: #000000;\">7. Muotoilu 10 points \u2013 muotoilun pit\u00e4\u00e4 olla sopiva asiakkaan silm\u00e4muotoon ja kasvojen muotoon. <\/span><\/h5>\n<h5 style=\"text-align: left;\"><span style=\"color: #000000;\">8. Symmetria 10 points-Molemmat silm\u00e4t on symmetriset. <\/span><\/h5>\n<h5 style=\"text-align: left;\"><span style=\"color: #000000;\">9. Mallille sopiva kuitujen paksuus ja pituus 5p <\/span><\/h5>\n<h5 style=\"text-align: left;\"><span style=\"color: #000000;\">10. Sis\u00e4nurkat 5p <\/span><\/h5>\n<h5 style=\"text-align: left;\"><span style=\"color: #000000;\">11. Ulkonurkat 5p <\/span><\/h5>\n<h5 style=\"text-align: left;\"><span style=\"color: #000000;\">12. Kiinnitys 10p- Kuidut on tyvest\u00e4 kunnolla kiinni. T\u00e4ss\u00e4 saat miinus pisteit\u00e4 irti l\u00e4hteneist\u00e4 kuiduista. <\/span><\/h5>\n<h5 style=\"text-align: left;\"><span style=\"color: #000000;\">13. Erottelu 10p- <\/span><\/h5>\n<h5 style=\"text-align: left;\"><span style=\"color: #000000;\">14. Viuhkat \u2013 T\u00e4ss\u00e4 katotaan viuhkojen symmetri\u00e4 ja leveys, my\u00f6s liimajalka otetaan huomioon. <\/span><\/h5>\n<h5 style=\"text-align: left;\"><span style=\"color: #000000;\">15. Viuhkan koko 5p<\/span><\/h5>\n<p>[\/ux_text]<br \/>\n[row style=&#8221;large&#8221; width=&#8221;custom&#8221; custom_width=&#8221;1300px&#8221;]<\/p>\n<p>[col span=&#8221;6&#8243; span__sm=&#8221;12&#8243; span__md=&#8221;12&#8243;]<\/p>\n<p>[\/col]<\/p>\n<p>[\/row]<\/p>\n<p>[\/section]<\/p>\n","protected":false},"excerpt":{"rendered":"<p>[section label=&#8221;Hero&#8221; bg=&#8221;51062&#8243; bg_overlay__sm=&#8221;rgba(0, 0, 0, 0.2)&#8221; bg_pos=&#8221;55% 20%&#8221; dark=&#8221;true&#8221; height=&#8221;900px&#8221; height__sm=&#8221;400px&#8221; height__md=&#8221;500px&#8221;] [gap] [row h_align=&#8221;center&#8221;] [col span=&#8221;9&#8243; span__sm=&#8221;12&#8243; align=&#8221;center&#8221;] [\/col] [\/row] [ux_text font_size=&#8221;2&#8243; font_size__sm=&#8221;1.5&#8243; text_align=&#8221;center&#8221;] Cristel Studio 10v [\/ux_text] [&hellip;]<\/p>\n","protected":false},"author":2,"featured_media":0,"parent":16077,"menu_order":0,"comment_status":"closed","ping_status":"closed","template":"","meta":{"_breakdance_hide_in_design_set":false,"_breakdance_tags":"","footnotes":""},"class_list":["post-51059","page","type-page","status-publish","hentry"],"acf":[],"_links":{"self":[{"href":"https:\/\/cristelstudio.com\/et\/wp-json\/wp\/v2\/pages\/51059","targetHints":{"allow":["GET"]}}],"collection":[{"href":"https:\/\/cristelstudio.com\/et\/wp-json\/wp\/v2\/pages"}],"about":[{"href":"https:\/\/cristelstudio.com\/et\/wp-json\/wp\/v2\/types\/page"}],"author":[{"embeddable":true,"href":"https:\/\/cristelstudio.com\/et\/wp-json\/wp\/v2\/users\/2"}],"replies":[{"embeddable":true,"href":"https:\/\/cristelstudio.com\/et\/wp-json\/wp\/v2\/comments?post=51059"}],"version-history":[{"count":6,"href":"https:\/\/cristelstudio.com\/et\/wp-json\/wp\/v2\/pages\/51059\/revisions"}],"predecessor-version":[{"id":51233,"href":"https:\/\/cristelstudio.com\/et\/wp-json\/wp\/v2\/pages\/51059\/revisions\/51233"}],"up":[{"embeddable":true,"href":"https:\/\/cristelstudio.com\/et\/wp-json\/wp\/v2\/pages\/16077"}],"wp:attachment":[{"href":"https:\/\/cristelstudio.com\/et\/wp-json\/wp\/v2\/media?parent=51059"}],"curies":[{"name":"wp","href":"https:\/\/api.w.org\/{rel}","templated":true}]}}