{"id":2702,"date":"2018-05-25T23:06:24","date_gmt":"2018-05-25T21:06:24","guid":{"rendered":"https:\/\/cristelstudio.com\/?page_id=2702"},"modified":"2025-10-13T16:47:20","modified_gmt":"2025-10-13T14:47:20","slug":"rekisteriseloste","status":"publish","type":"page","link":"https:\/\/cristelstudio.com\/et\/rekisteriseloste\/","title":{"rendered":"Rekisteriseloste"},"content":{"rendered":"<p><strong>GDRP tietosuoja-asetus, Rekisteriseloste ja ev\u00e4steet (cookies)<\/strong><\/p>\n<p><strong>GDRP TIETOSUOJA ASETUS Cristel Studio verkkokauppa ja liikkeen asiakas<\/strong><\/p>\n<p>EU:n uusi tietosuoja-asetus GDPR astuu voimaan 25. toukokuuta, jolloin se korvaa nykyisen henkil\u00f6tietolains\u00e4\u00e4d\u00e4nn\u00f6n.<\/p>\n<p>GDPR tuo mukanaan merkitt\u00e4vi\u00e4 muutoksia henkil\u00f6tietojen k\u00e4sittelyyn, tallentamiseen ja poistamiseen yrityksiss\u00e4, joiden asiakkaina on EU:n kansalaisia. Konkreettisesti t\u00e4m\u00e4 tarkoittaa, ett\u00e4 yritys saa ker\u00e4t\u00e4 ja tallentaa asiakkaistaan vain sellaisia tietoja, joilla on selke\u00e4 tarkoitus yrityksen liiketoiminnan puitteissa.<\/p>\n<p>Niinkuin aikaisemminkin voit peruttaa tilauksesi milloin haluat. Voit my\u00f6s pyyt\u00e4\u00e4 otteen asiakastiedoistasi. Jos jostain syyst\u00e4 haluat lopettaa asiakastilisi, voit vaatia sinua koskevien asiakastietojen poistamista rekistereist\u00e4mme \u00a0mik\u00e4 tehd\u00e4\u00e4n v\u00e4lit\u00f6m\u00e4sti tiedon saatuamme ( voit tehd\u00e4 sen s.postilla cristelstudio@gmail.com)<\/p>\n<p>Meid\u00e4n on kuitenkin s\u00e4ilytett\u00e4v\u00e4 myyntitapahtumia ( verkkokauppa, ei liikkeen asiakastiedot) koskevat tiedot, jotta voisimme noudattaa voimassa olevia tilinp\u00e4\u00e4t\u00f6st\u00e4 ja kirjanpitoa koskevia lakeja.<br \/>\nK\u00e4yntitilastot poistetaan automaattisesti.<br \/>\nVerkkokauppa asiakkaan tiedot joita s\u00e4ilyt\u00e4mme 1\/2 vuotta tilauksesta ovat nimi, osoite , puh.numero ja s\u00e4hk\u00f6postiosoite (ker\u00e4t\u00e4\u00e4n tilauksista )<\/p>\n<p>Liikkeen asiakkaan tiedot joita s\u00e4ilyt\u00e4mme viimeisest\u00e4 k\u00e4ynnist\u00e4 1v ovat : Nimi , puh.numero , s\u00e4hk\u00f6postiosoite (ker\u00e4t\u00e4\u00e4n nettiajanvarauksesta).<\/p>\n<p>&nbsp;<\/p>\n<p><strong>REGISTREERIMISKIRI<\/strong><\/p>\n<p>Henkil\u00f6tietolain (523\/99) 10 \u00a7:n mukainen rekisteriseloste<\/p>\n<p><strong>KONTAKT<\/strong><br \/>\nCristel Studio<br \/>\nKauppatie 64, Kauhava, 62200<br \/>\nY-tunnus: 24916144<\/p>\n<p>Rekisteriasioista vastaava yhteyshenkil\u00f6<br \/>\nKristel Sammalkivi<\/p>\n<p>info@cristelstudio.com<\/p>\n<p><strong>Rekisterin nimi<br \/>\n<\/strong>Cristel Studio -verkkokaupan ja liikkeen asiakasrekisteri.<\/p>\n<p><strong>Henkil\u00f6tietojen k\u00e4sittelyn tarkoitus<\/strong><br \/>\nRekisteri\u00e4 k\u00e4ytet\u00e4\u00e4n ainoastaan Cristel Studio:n ja asiakkaan v\u00e4liseen asiakassuhteen yll\u00e4pitoon. Tilauksen tekeminen ei edellyt\u00e4 rekister\u00f6itymist\u00e4 asiakasrekisteriin<\/p>\n<p><strong>Rekisterin tietosis\u00e4lt\u00f6<\/strong><br \/>\nAsiakkaan perustiedot: asiakasnumero, sukunimi, etunimi, postiosoite, postinumero, postitoimipaikka, \u00a0matkapuhelinnumero, s\u00e4hk\u00f6postiosoite\u00a0, lis\u00e4ksi verkkokaupassa tilaushistoria ja toimituksen seurantatiedot.<br \/>\nRekisteriin tallennetaan asiakkaan antama lupa l\u00e4hett\u00e4\u00e4\u00a0markkinointiviestint\u00e4\u00e4.<\/p>\n<p><strong>Henkil\u00f6tiedot<\/strong><br \/>\nCristel Studio suhtautuu antamiisi henkil\u00f6tietoihin vastuullisesti. Tietoja s\u00e4ilytet\u00e4\u00e4n suojattuina, jotta voimme t\u00e4ytt\u00e4\u00e4 sitoumuksemme asiakasta kohtaan. Niit\u00e4 voidaan k\u00e4ytt\u00e4\u00e4 markkinointitarkoituksiin. Voit koska tahansa muuttaa tietojasi kirjautumalla sis\u00e4\u00e4n verkkosivustollemme saamillasi k\u00e4ytt\u00e4j\u00e4tunnuksella ja salasanalla. Voit koska tahansa peruuttaa uutiskirjeen tilauksen ja muun markkinoinnin ottamalla yhteytt\u00e4 s.postitse cristelstudio@gmail.com tai napsauttamalla uutiskirjeess\u00e4mme olevaa linkki\u00e4.<br \/>\nUutena asiakkaana sinun on annettava nimi, \u00a0osoite ,\u00a0puhelinnumero ja\u00a0s\u00e4hk\u00f6postiosoite\u00a0 Rekister\u00f6ityess\u00e4si ja tilatessasi hyv\u00e4ksyt, ett\u00e4 Cristel Studio s\u00e4ilytt\u00e4\u00e4 ja k\u00e4ytt\u00e4\u00e4 tietojasi voidakseen hoitaa kuljetuksen , ottaa yhteytt\u00e4 tarvittaessa verkkokauppatilauksesta ja varmistaa tilaamasi ajan nettiajanvarauksessa. Verkkokauppatilauksissa tietojasi voidaan v\u00e4litt\u00e4\u00e4 edelleen logistiikkakumppaneillemme(posti) , jotta ne voivat t\u00e4ytt\u00e4\u00e4 velvollisuutensa. Muutoin tietojasi ei luovuteta kolmansille osapuolille.<br \/>\nSinulla on aina oikeus n\u00e4hd\u00e4 rekister\u00f6idyt tiedot. Jos ne ovat virheellisi\u00e4, vaillinaisia tai ep\u00e4olennaisia, voit pyyt\u00e4\u00e4 tietojen oikaisua. Sinulla on aina oikeus perustelematta pyyt\u00e4\u00e4 tietojen poistamista.<\/p>\n<p><strong>S\u00e4\u00e4nn\u00f6nmukaiset tietol\u00e4hteet<\/strong><br \/>\nYhteystiedot tallennetaan asiakkaan rekister\u00f6itymisen yhteydess\u00e4. Muut tiedot tallentuvat asiakkaan tehdess\u00e4 ostoksia verkkokaupassa.<\/p>\n<p><strong>S\u00e4\u00e4nn\u00f6nmukaiset tietojen luovutukset\u00a0 ja tietojen siirto EU:n tai Euroopan talousalueen ulkopuolelle<\/strong><br \/>\nRekisterin yll\u00e4pit\u00e4j\u00e4 ei luovuta tietoja ulkopuolisille tahoille.<\/p>\n<p><strong>Rekisterin suojauksen periaatteet<\/strong><br \/>\nRekisterinpit\u00e4j\u00e4n tietoj\u00e4rjestelm\u00e4 sek\u00e4 tiedostot on suojattu normaalisti k\u00e4yt\u00f6ss\u00e4 olevilla teknisill\u00e4 sujausmenetelmill\u00e4. Rekisterin k\u00e4ytt\u00f6oikeus edellytt\u00e4\u00e4 henkil\u00f6kohtaista k\u00e4ytt\u00e4j\u00e4tunnusta ja salasanaa, jotka my\u00f6nnet\u00e4\u00e4n vain rekisterinpit\u00e4j\u00e4n henkil\u00f6kuntaan kuuluvalle, jonka asemaan ja teht\u00e4viin mainittu k\u00e4ytt\u00f6oikeus liittyy.<\/p>\n<p><strong>Ev\u00e4steet , Cookies<\/strong><\/p>\n<p>MIK\u00c4 ON COOKIE (EV\u00c4STE)?<br \/>\nCookiet (suomeksi ev\u00e4ste) ovat pieni\u00e4 tiedostoja, jotka selain tallentaa tietokoneellesi k\u00e4ytt\u00e4ess\u00e4si verkkosivustoja. Monilla verkkosivuilla k\u00e4ytett\u00e4vien ev\u00e4steiden avulla voidaan tarjota sivustojen k\u00e4ytt\u00e4jille erilaisia toimintoja. Ev\u00e4steiden sis\u00e4lt\u00e4mien tietojen avulla voidaan my\u00f6s seurata vierailujasi samaa ev\u00e4stett\u00e4 k\u00e4ytt\u00e4vill\u00e4 verkkosivuilla.<\/p>\n<p>Ev\u00e4steit\u00e4 on kahdenlaisia. Pysyv\u00e4t ev\u00e4steet tallentuvat tietokoneellesi m\u00e4\u00e4r\u00e4tyksi ajaksi ja niill\u00e4 on tietty vanhenemisp\u00e4iv\u00e4. Niiden avulla voidaan esimerkiksi seurata, mit\u00e4 uutta kyseiselle verkkosivustolle on tullut edellisen vierailusi j\u00e4lkeen. Vanhenemisp\u00e4iv\u00e4n\u00e4 ev\u00e4ste poistetaan automaattisesti, kun palaat ev\u00e4steen luoneelle verkkosivustolle.<\/p>\n<p>Toinen ev\u00e4stetyyppi on istuntokohtainen ev\u00e4ste, jolla ei ole vanhenemisp\u00e4iv\u00e4\u00e4. Ne tallentuvat tietokoneellesi tilap\u00e4isesti vieraillessasi verkkosivustolla, ja niit\u00e4 k\u00e4ytet\u00e4\u00e4n tilap\u00e4isten asetusten, kuten kieliasetusten, s\u00e4ilytt\u00e4miseen. Istuntokohtaisia ev\u00e4steit\u00e4 ei tallenneta tietokoneellesi pitk\u00e4ksi aikaa, vaan ne poistetaan, kun suljet selaimesi.<\/p>\n<p>MITEN Cristel Studio\u00a0 K\u00c4YTT\u00c4\u00c4 EV\u00c4STEIT\u00c4?<br \/>\nCristel Studio k\u00e4ytt\u00e4\u00e4 ev\u00e4steit\u00e4, jotta sin\u00e4 voisit kirjautua sis\u00e4\u00e4n, lis\u00e4t\u00e4 tuotteita ostosk\u00e4rryyn ja tilata tuotteita tai voit kirjautua sis\u00e4\u00e4n ja tehd\u00e4 ajanvarauksen nettiajanvarauksessa<\/p>\n<p>K\u00e4yt\u00e4mme verkkokaupassamme ja nettiajanvarauksessa sek\u00e4 omia ett\u00e4 kolmannen osapuolen ev\u00e4steit\u00e4. Ensin mainittujen avulla voimme mukauttaa ja parantaa k\u00e4yntikokemustasi Cristel Studion verkkosivuilla.<\/p>\n<p>Kolmannen osapuolen ev\u00e4steit\u00e4 k\u00e4ytet\u00e4\u00e4n esimerkiksi tunnistamaan sinut, kun vierailet sivustolla jonkin muun kanavan kautta, kuten AdWords-mainosten tai sosiaalisen median kautta.<\/p>\n<p>Jos et halua tallentaa ev\u00e4steit\u00e4, voit helposti est\u00e4\u00e4 ev\u00e4steet selaimesi asetuksista. Ota yhteys internet-palveluntarjoajaasi, jos sinulla on kysytt\u00e4v\u00e4\u00e4.<\/p>","protected":false},"excerpt":{"rendered":"<p>GDRP tietosuoja-asetus, Rekisteriseloste ja ev\u00e4steet (cookies) GDRP TIETOSUOJA ASETUS Cristel Studio verkkokauppa ja liikkeen asiakas EU:n uusi tietosuoja-asetus GDPR astuu voimaan 25. toukokuuta, jolloin se korvaa nykyisen henkil\u00f6tietolains\u00e4\u00e4d\u00e4nn\u00f6n. GDPR tuo [&hellip;]<\/p>\n","protected":false},"author":2,"featured_media":0,"parent":0,"menu_order":0,"comment_status":"closed","ping_status":"closed","template":"","meta":{"_breakdance_hide_in_design_set":false,"_breakdance_tags":"","footnotes":""},"class_list":["post-2702","page","type-page","status-publish","hentry"],"acf":[],"_links":{"self":[{"href":"https:\/\/cristelstudio.com\/et\/wp-json\/wp\/v2\/pages\/2702","targetHints":{"allow":["GET"]}}],"collection":[{"href":"https:\/\/cristelstudio.com\/et\/wp-json\/wp\/v2\/pages"}],"about":[{"href":"https:\/\/cristelstudio.com\/et\/wp-json\/wp\/v2\/types\/page"}],"author":[{"embeddable":true,"href":"https:\/\/cristelstudio.com\/et\/wp-json\/wp\/v2\/users\/2"}],"replies":[{"embeddable":true,"href":"https:\/\/cristelstudio.com\/et\/wp-json\/wp\/v2\/comments?post=2702"}],"version-history":[{"count":3,"href":"https:\/\/cristelstudio.com\/et\/wp-json\/wp\/v2\/pages\/2702\/revisions"}],"predecessor-version":[{"id":80896,"href":"https:\/\/cristelstudio.com\/et\/wp-json\/wp\/v2\/pages\/2702\/revisions\/80896"}],"wp:attachment":[{"href":"https:\/\/cristelstudio.com\/et\/wp-json\/wp\/v2\/media?parent=2702"}],"curies":[{"name":"wp","href":"https:\/\/api.w.org\/{rel}","templated":true}]}}