{"id":84840,"date":"2026-04-30T13:08:05","date_gmt":"2026-04-30T11:08:05","guid":{"rendered":"https:\/\/cristelstudio.com\/?post_type=product&#038;p=84840"},"modified":"2026-05-13T13:14:18","modified_gmt":"2026-05-13T11:14:18","slug":"ultra-thin-ultra-sticky-flat-shields-1-pari","status":"publish","type":"product","link":"https:\/\/cristelstudio.com\/en\/product\/ultra-thin-ultra-sticky-flat-shields-1-pari\/","title":{"rendered":"Ultra-Thin &#038; Ultra-Sticky Flat Shields | 1 pari"},"content":{"rendered":"<div>\n<div class=\"standard-markdown grid-cols-1 grid [&amp;_&gt;_*]:min-w-0 gap-3\">\n<p class=\"font-claude-response-body break-words whitespace-normal leading-[1.7]\">Eritt\u00e4in ohut, eritt\u00e4in tahmainen flat shield -muotti, joka kiinnittyy luomelle t\u00e4ydellisesti. Sama muotti toimii sek\u00e4 Korean Lash Liftiss\u00e4 ett\u00e4 alaripsien suojana.<\/p>\n<\/div>\n<\/div>\n<div>\n<div class=\"standard-markdown grid-cols-1 grid [&amp;_&gt;_*]:min-w-0 gap-3\"><\/div>\n<\/div>\n<div>\n<div class=\"standard-markdown grid-cols-1 grid [&amp;_&gt;_*]:min-w-0 gap-3\">\n<p class=\"font-claude-response-body break-words whitespace-normal leading-[1.7]\">Toisin kuin tavalliset flat shieldit, jotka ovat tahmaisia vain yhdelt\u00e4 puolelta, <strong>t\u00e4m\u00e4 muotti on tahmainen molemmilta puolilta<\/strong>.<\/p>\n<\/div>\n<\/div>\n<div>\n<div class=\"standard-markdown grid-cols-1 grid [&amp;_&gt;_*]:min-w-0 gap-3\">\n<p class=\"font-claude-response-body break-words whitespace-normal leading-[1.7]\"><strong>Ominaisuudet:<\/strong><\/p>\n<\/div>\n<\/div>\n<div>\n<div class=\"standard-markdown grid-cols-1 grid [&amp;_&gt;_*]:min-w-0 gap-3\">\n<ul class=\"[li_&amp;]:mb-0 [li_&amp;]:mt-1 [li_&amp;]:gap-1 [&amp;:not(:last-child)_ul]:pb-1 [&amp;:not(:last-child)_ol]:pb-1 list-disc flex flex-col gap-1 pl-8 mb-3\">\n<li class=\"whitespace-normal break-words pl-2\">Ultra-thin, t\u00e4ydellinen Korean Lash Liftin tekniikkaan<\/li>\n<li class=\"whitespace-normal break-words pl-2\">Ultra-sticky molemmilta puolilta<\/li>\n<li class=\"whitespace-normal break-words pl-2\">Soveltuu sek\u00e4 yl\u00e4ripsille (lift) ett\u00e4 alaripsien suojaksi<\/li>\n<li class=\"whitespace-normal break-words pl-2\">Kiinnittyy luomelle ilman liimaa<\/li>\n<li class=\"whitespace-normal break-words pl-2\">Pehme\u00e4, mukava asiakkaalle<\/li>\n<li class=\"whitespace-normal break-words pl-2\">Uudelleenk\u00e4ytett\u00e4v\u00e4: pest\u00e4\u00e4n miedolla saippualla ja desinfioidaan k\u00e4yt\u00f6n j\u00e4lkeen<\/li>\n<li class=\"whitespace-normal break-words pl-2\"><strong>Pakkauksessa: 1 pari<\/strong><\/li>\n<\/ul>\n<\/div>\n<\/div>\n<div>\n<div class=\"standard-markdown grid-cols-1 grid [&amp;_&gt;_*]:min-w-0 gap-3\"><\/div>\n<\/div>\n<div>\n<div class=\"standard-markdown grid-cols-1 grid [&amp;_&gt;_*]:min-w-0 gap-3\">\n<p class=\"font-claude-response-body break-words whitespace-normal leading-[1.7]\">\n<\/div>\n<\/div>\n","protected":false},"excerpt":{"rendered":"<p>Eritt\u00e4in ohut, eritt\u00e4in tahmainen flat shield -muotti, joka kiinnittyy luomelle t\u00e4ydellisesti. Sama muotti toimii sek\u00e4 Korean Lash Liftiss\u00e4 ett\u00e4 alaripsien suojana. Toisin kuin tavalliset flat shieldit, jotka ovat tahmaisia vain [&hellip;]<\/p>\n","protected":false},"featured_media":84842,"comment_status":"closed","ping_status":"closed","template":"","meta":[],"product_brand":[],"product_cat":[204,168,95],"product_tag":[],"giftcard-category":[],"class_list":{"0":"post-84840","1":"product","2":"type-product","3":"status-publish","4":"has-post-thumbnail","6":"product_cat-korean-lash-lift","7":"product_cat-inlei","8":"product_cat-teipit","10":"first","11":"instock","12":"taxable","13":"shipping-taxable","14":"purchasable","15":"product-type-variable"},"supplier_id":null,"supplier_sku":"","barcode":null,"atum_controlled":true,"out_stock_date":null,"out_stock_threshold":null,"inheritable":true,"inbound_stock":0,"stock_on_hold":0,"sold_today":1,"sales_last_days":7,"reserved_stock":0,"customer_returns":0,"warehouse_damage":0,"lost_in_post":0,"other_logs":0,"out_stock_days":null,"lost_sales":0,"has_location":false,"update_date":"2026-05-13T12:12:08","atum_locations":[],"atum_stock_status":"instock","restock_status":false,"low_stock_amount":"","sales_update_date":"2026-05-13T08:41:25","calc_backorders":null,"acf":[],"_links":{"self":[{"href":"https:\/\/cristelstudio.com\/en\/wp-json\/wp\/v2\/product\/84840","targetHints":{"allow":["GET"]}}],"collection":[{"href":"https:\/\/cristelstudio.com\/en\/wp-json\/wp\/v2\/product"}],"about":[{"href":"https:\/\/cristelstudio.com\/en\/wp-json\/wp\/v2\/types\/product"}],"replies":[{"embeddable":true,"href":"https:\/\/cristelstudio.com\/en\/wp-json\/wp\/v2\/comments?post=84840"}],"wp:featuredmedia":[{"embeddable":true,"href":"https:\/\/cristelstudio.com\/en\/wp-json\/wp\/v2\/media\/84842"}],"wp:attachment":[{"href":"https:\/\/cristelstudio.com\/en\/wp-json\/wp\/v2\/media?parent=84840"}],"wp:term":[{"taxonomy":"product_brand","embeddable":true,"href":"https:\/\/cristelstudio.com\/en\/wp-json\/wp\/v2\/product_brand?post=84840"},{"taxonomy":"product_cat","embeddable":true,"href":"https:\/\/cristelstudio.com\/en\/wp-json\/wp\/v2\/product_cat?post=84840"},{"taxonomy":"product_tag","embeddable":true,"href":"https:\/\/cristelstudio.com\/en\/wp-json\/wp\/v2\/product_tag?post=84840"},{"taxonomy":"giftcard-category","embeddable":true,"href":"https:\/\/cristelstudio.com\/en\/wp-json\/wp\/v2\/giftcard-category?post=84840"}],"curies":[{"name":"wp","href":"https:\/\/api.w.org\/{rel}","templated":true}]}}