{"id":82715,"date":"2026-01-04T12:10:20","date_gmt":"2026-01-04T10:10:20","guid":{"rendered":"https:\/\/cristelstudio.com\/?post_type=product&#038;p=82715"},"modified":"2026-04-15T06:54:36","modified_gmt":"2026-04-15T04:54:36","slug":"kelmu-kulmien-laminointiin-ja-korean-lash-liftiin","status":"publish","type":"product","link":"https:\/\/cristelstudio.com\/en\/product\/kelmu-kulmien-laminointiin-ja-korean-lash-liftiin\/","title":{"rendered":"Wrap for brow lamination and Korean Lash Lift"},"content":{"rendered":"<p>This flexible and lightweight wrap enhances the effectiveness of products by keeping heat and moisture exactly where they need to be.<\/p>\n<p data-start=\"266\" data-end=\"294\"><strong data-start=\"266\" data-end=\"294\">Why this wrap works:<\/strong><\/p>\n<ul data-start=\"295\" data-end=\"525\">\n<li data-start=\"295\" data-end=\"349\">\n<p data-start=\"297\" data-end=\"349\">Enhances the effect of lamination and lift products<\/p>\n<\/li>\n<li data-start=\"350\" data-end=\"402\">\n<p data-start=\"352\" data-end=\"402\">Helps active ingredients absorb evenly<\/p>\n<\/li>\n<li data-start=\"454\" data-end=\"493\">\n<p data-start=\"456\" data-end=\"493\">Can be cut to the perfect size<\/p>\n<\/li>\n<li data-start=\"494\" data-end=\"525\">\n<p data-start=\"496\" data-end=\"525\">Hygienic and clean to use<\/p>\n<p data-start=\"527\" data-end=\"545\"><strong data-start=\"527\" data-end=\"545\">Suitable for:<\/strong><\/p>\n<ul data-start=\"546\" data-end=\"655\">\n<li data-start=\"546\" data-end=\"568\">\n<p data-start=\"548\" data-end=\"568\">Brow lamination<\/p>\n<\/li>\n<li data-start=\"569\" data-end=\"589\">\n<p data-start=\"571\" data-end=\"589\">Korean lash lift<\/p>\n<\/li>\n<li data-start=\"590\" data-end=\"655\">\n<p data-start=\"592\" data-end=\"655\">Other lash and brow treatments requiring a covering wrap<\/p>\n<\/li>\n<\/ul>\n<p data-start=\"657\" data-end=\"677\">\n<\/li>\n<\/ul>","protected":false},"excerpt":{"rendered":"<p>T\u00e4m\u00e4 joustava ja kevyt kelmu tehostaa tuotteiden vaikutusta pit\u00e4m\u00e4ll\u00e4 l\u00e4mm\u00f6n ja kosteuden juuri siell\u00e4 miss\u00e4 pit\u00e4\u00e4. Miksi t\u00e4m\u00e4 kelmu toimii: Tehostaa laminointi- ja lift-tuotteiden vaikutusta Auttaa vaikuttavia aineita imeytym\u00e4\u00e4n tasaisesti [&hellip;]<\/p>\n","protected":false},"featured_media":82702,"comment_status":"closed","ping_status":"closed","template":"","meta":[],"product_brand":[],"product_cat":[204,168],"product_tag":[],"giftcard-category":[],"class_list":{"0":"post-82715","1":"product","2":"type-product","3":"status-publish","4":"has-post-thumbnail","6":"product_cat-korean-lash-lift","7":"product_cat-inlei","9":"first","10":"instock","11":"taxable","12":"shipping-taxable","13":"purchasable","14":"product-type-simple"},"supplier_id":null,"supplier_sku":"","barcode":null,"atum_controlled":true,"out_stock_date":null,"out_stock_threshold":null,"inheritable":false,"inbound_stock":0,"stock_on_hold":0,"sold_today":0,"sales_last_days":7,"reserved_stock":0,"customer_returns":0,"warehouse_damage":0,"lost_in_post":0,"other_logs":0,"out_stock_days":0,"lost_sales":0,"has_location":false,"update_date":"2026-04-17T14:10:10","atum_locations":[],"atum_stock_status":"instock","restock_status":false,"low_stock_amount":"","sales_update_date":"2026-04-17T14:10:10","calc_backorders":null,"acf":[],"_links":{"self":[{"href":"https:\/\/cristelstudio.com\/en\/wp-json\/wp\/v2\/product\/82715","targetHints":{"allow":["GET"]}}],"collection":[{"href":"https:\/\/cristelstudio.com\/en\/wp-json\/wp\/v2\/product"}],"about":[{"href":"https:\/\/cristelstudio.com\/en\/wp-json\/wp\/v2\/types\/product"}],"replies":[{"embeddable":true,"href":"https:\/\/cristelstudio.com\/en\/wp-json\/wp\/v2\/comments?post=82715"}],"wp:featuredmedia":[{"embeddable":true,"href":"https:\/\/cristelstudio.com\/en\/wp-json\/wp\/v2\/media\/82702"}],"wp:attachment":[{"href":"https:\/\/cristelstudio.com\/en\/wp-json\/wp\/v2\/media?parent=82715"}],"wp:term":[{"taxonomy":"product_brand","embeddable":true,"href":"https:\/\/cristelstudio.com\/en\/wp-json\/wp\/v2\/product_brand?post=82715"},{"taxonomy":"product_cat","embeddable":true,"href":"https:\/\/cristelstudio.com\/en\/wp-json\/wp\/v2\/product_cat?post=82715"},{"taxonomy":"product_tag","embeddable":true,"href":"https:\/\/cristelstudio.com\/en\/wp-json\/wp\/v2\/product_tag?post=82715"},{"taxonomy":"giftcard-category","embeddable":true,"href":"https:\/\/cristelstudio.com\/en\/wp-json\/wp\/v2\/giftcard-category?post=82715"}],"curies":[{"name":"wp","href":"https:\/\/api.w.org\/{rel}","templated":true}]}}