{"id":82533,"date":"2025-12-23T11:01:06","date_gmt":"2025-12-23T09:01:06","guid":{"rendered":"https:\/\/cristelstudio.com\/?post_type=product&#038;p=82533"},"modified":"2026-04-16T12:17:16","modified_gmt":"2026-04-16T10:17:16","slug":"silikoniset-lash-lift-kompensaattorit","status":"publish","type":"product","link":"https:\/\/cristelstudio.com\/en\/product\/silikoniset-lash-lift-kompensaattorit\/","title":{"rendered":"Silicone lash lift compensators"},"content":{"rendered":"<p data-start=\"215\" data-end=\"426\">Cristel Studio\u2019s silicone lash lift compensators are designed to make lash lift treatments easier and improve the final result. They keep <strong data-start=\"346\" data-end=\"363\">natural lashes<\/strong> firmly on the shield and in the correct direction throughout the process.<\/p>\n<p data-start=\"428\" data-end=\"635\">The silicone guards are placed over the lashes on top of the shield. They prevent the lashes from lifting, shifting, or twisting into the wrong position. This ensures that the solutions process evenly and the end result is neat and controlled.<\/p>\n<p data-start=\"637\" data-end=\"661\"><strong data-start=\"637\" data-end=\"659\">What they help with:<\/strong><\/p>\n<ul data-start=\"662\" data-end=\"869\">\n<li data-start=\"662\" data-end=\"717\">\n<p data-start=\"664\" data-end=\"717\">Keep natural lashes on the shield and in the right direction<\/p>\n<\/li>\n<li data-start=\"718\" data-end=\"763\">\n<p data-start=\"720\" data-end=\"763\">Prevent lashes from moving during the treatment<\/p>\n<\/li>\n<li data-start=\"764\" data-end=\"812\">\n<p data-start=\"766\" data-end=\"812\">Help the solutions process more evenly<\/p>\n<\/li>\n<\/ul>\n<p data-start=\"871\" data-end=\"897\"><strong data-start=\"871\" data-end=\"895\">Why they\u2019re a great choice:<\/strong><\/p>\n<ul data-start=\"898\" data-end=\"1008\">\n<li data-start=\"898\" data-end=\"929\">\n<p data-start=\"900\" data-end=\"929\">Soft and flexible silicone<\/p>\n<\/li>\n<li data-start=\"954\" data-end=\"985\">\n<p data-start=\"956\" data-end=\"985\">Easy to use and clean<\/p>\n<\/li>\n<li data-start=\"986\" data-end=\"1008\">\n<p data-start=\"988\" data-end=\"1008\">Reusable<\/p>\n<\/li>\n<\/ul>\n<p>&nbsp;<\/p>","protected":false},"excerpt":{"rendered":"<p>Cristel Studio silikoniset lash lift -suojat on suunniteltu helpottamaan lash lift -hoitoa ja parantamaan lopputulosta. Ne pit\u00e4v\u00e4t luonnonripset napakasti muotilla ja oikeassa suunnassa koko k\u00e4sittelyn ajan. Silikonisuojat asetetaan ripsien p\u00e4\u00e4lle [&hellip;]<\/p>\n","protected":false},"featured_media":82520,"comment_status":"closed","ping_status":"closed","template":"","meta":[],"product_brand":[],"product_cat":[204],"product_tag":[],"giftcard-category":[],"class_list":{"0":"post-82533","1":"product","2":"type-product","3":"status-publish","4":"has-post-thumbnail","6":"product_cat-korean-lash-lift","8":"first","9":"instock","10":"taxable","11":"shipping-taxable","12":"purchasable","13":"product-type-simple"},"supplier_id":null,"supplier_sku":"","barcode":null,"atum_controlled":true,"out_stock_date":null,"out_stock_threshold":null,"inheritable":false,"inbound_stock":0,"stock_on_hold":0,"sold_today":0,"sales_last_days":0,"reserved_stock":0,"customer_returns":0,"warehouse_damage":0,"lost_in_post":0,"other_logs":0,"out_stock_days":0,"lost_sales":0,"has_location":false,"update_date":"2026-04-17T08:42:57","atum_locations":[],"atum_stock_status":"instock","restock_status":false,"low_stock_amount":"","sales_update_date":"2026-04-17T08:42:57","calc_backorders":null,"acf":[],"_links":{"self":[{"href":"https:\/\/cristelstudio.com\/en\/wp-json\/wp\/v2\/product\/82533","targetHints":{"allow":["GET"]}}],"collection":[{"href":"https:\/\/cristelstudio.com\/en\/wp-json\/wp\/v2\/product"}],"about":[{"href":"https:\/\/cristelstudio.com\/en\/wp-json\/wp\/v2\/types\/product"}],"replies":[{"embeddable":true,"href":"https:\/\/cristelstudio.com\/en\/wp-json\/wp\/v2\/comments?post=82533"}],"wp:featuredmedia":[{"embeddable":true,"href":"https:\/\/cristelstudio.com\/en\/wp-json\/wp\/v2\/media\/82520"}],"wp:attachment":[{"href":"https:\/\/cristelstudio.com\/en\/wp-json\/wp\/v2\/media?parent=82533"}],"wp:term":[{"taxonomy":"product_brand","embeddable":true,"href":"https:\/\/cristelstudio.com\/en\/wp-json\/wp\/v2\/product_brand?post=82533"},{"taxonomy":"product_cat","embeddable":true,"href":"https:\/\/cristelstudio.com\/en\/wp-json\/wp\/v2\/product_cat?post=82533"},{"taxonomy":"product_tag","embeddable":true,"href":"https:\/\/cristelstudio.com\/en\/wp-json\/wp\/v2\/product_tag?post=82533"},{"taxonomy":"giftcard-category","embeddable":true,"href":"https:\/\/cristelstudio.com\/en\/wp-json\/wp\/v2\/giftcard-category?post=82533"}],"curies":[{"name":"wp","href":"https:\/\/api.w.org\/{rel}","templated":true}]}}