{"id":82465,"date":"2025-12-18T12:42:20","date_gmt":"2025-12-18T10:42:20","guid":{"rendered":"https:\/\/cristelstudio.com\/?post_type=product&#038;p=82465"},"modified":"2026-04-02T12:06:38","modified_gmt":"2026-04-02T10:06:38","slug":"hydrashield-3-repair-shine-serum-ripsille-ja-kulmille-10ml","status":"publish","type":"product","link":"https:\/\/cristelstudio.com\/en\/product\/hydrashield-3-repair-shine-serum-ripsille-ja-kulmille-10ml\/","title":{"rendered":"HydraShield 3 Repair &amp; Shine Serum for lashes and brows 10ml"},"content":{"rendered":"<p>HydraShield 3 completes the treatment as a leave-on care gel that forms a light, flexible protective film around the hair. It helps maintain a beautiful result while making lashes and brows feel softer and shinier.<\/p>\n<p>Also suitable for clients as a home-care product!<\/p>\n<p data-start=\"4560\" data-end=\"4592\">Nourishing and protective ingredients:<\/p>\n<ul data-start=\"4594\" data-end=\"5320\">\n<li data-start=\"4594\" data-end=\"4676\">\n<p data-start=\"4596\" data-end=\"4676\"><strong data-start=\"4596\" data-end=\"4635\">Hyaluronic acid <\/strong>\u00a0binds water and supports moisture balance<\/p>\n<\/li>\n<li data-start=\"4677\" data-end=\"4849\">\n<p data-start=\"4679\" data-end=\"4849\"><strong data-start=\"4679\" data-end=\"4770\">Collagen, keratin &amp; silk <\/strong>\u00a0help smooth and strengthen treated hair and add shine<\/p>\n<\/li>\n<li data-start=\"4850\" data-end=\"4921\">\n<p data-start=\"4852\" data-end=\"4921\"><strong data-start=\"4852\" data-end=\"4865\">Panthenol<\/strong> supports hair health and gives a smoother surface<\/p>\n<\/li>\n<li data-start=\"4922\" data-end=\"5002\">\n<p data-start=\"4924\" data-end=\"5002\"><strong data-start=\"4924\" data-end=\"4950\">Biotinoyl Tripeptide-1<\/strong> helps promote the feeling of stronger, more resilient hairs<\/p>\n<\/li>\n<li data-start=\"5003\" data-end=\"5069\">\n<p data-start=\"5005\" data-end=\"5069\"><strong data-start=\"5005\" data-end=\"5030\">Lactobacillus Ferment<\/strong> helps balance and condition<\/p>\n<\/li>\n<li data-start=\"5070\" data-end=\"5146\">\n<p data-start=\"5072\" data-end=\"5146\"><strong data-start=\"5072\" data-end=\"5100\">Tocopherol (Vitamin E)<\/strong> acts as an antioxidant and provides extra protection<\/p>\n<\/li>\n<li data-start=\"5147\" data-end=\"5234\">\n<p data-start=\"5149\" data-end=\"5234\"><strong data-start=\"5149\" data-end=\"5168\">VP\/VA Copolymer<\/strong> forms a lightweight film that helps keep shape and shine<\/p>\n<\/li>\n<li data-start=\"5235\" data-end=\"5320\">\n<p data-start=\"5237\" data-end=\"5320\"><strong data-start=\"5237\" data-end=\"5261\">Cetrimonium Chloride<\/strong> v\u00e4hent\u00e4\u00e4 karheutta ja auttaa karvaa asettumaan kauniist<\/p>\n<\/li>\n<\/ul>\n<p>&nbsp;<\/p>\n<p><a href=\"https:\/\/cristelstudio.com\/en\/nutrifill-vai-hydrashield\/\">NutriFill vai HydraShield?<\/a><\/p>","protected":false},"excerpt":{"rendered":"<p>HydraShield 3 viimeistelee k\u00e4sittelyn hoitogeelin\u00e4, joka j\u00e4\u00e4 karvaan luoden kevyen, joustavan suojakalvon. Se auttaa pit\u00e4m\u00e4\u00e4n tuloksen kauniina ja tekee ripsist\u00e4 ja kulmista pehme\u00e4mm\u00e4n ja kiilt\u00e4v\u00e4mm\u00e4n tuntuiset. Sopi my\u00f6s kotihoitotuotteena asiakkaille! [&hellip;]<\/p>\n","protected":false},"featured_media":81478,"comment_status":"closed","ping_status":"closed","template":"","meta":[],"product_brand":[],"product_cat":[204,168],"product_tag":[],"giftcard-category":[],"class_list":{"0":"post-82465","1":"product","2":"type-product","3":"status-publish","4":"has-post-thumbnail","6":"product_cat-korean-lash-lift","7":"product_cat-inlei","9":"first","10":"instock","11":"taxable","12":"shipping-taxable","13":"purchasable","14":"product-type-simple"},"supplier_id":null,"supplier_sku":"","barcode":null,"atum_controlled":true,"out_stock_date":null,"out_stock_threshold":null,"inheritable":false,"inbound_stock":0,"stock_on_hold":0,"sold_today":0,"sales_last_days":6,"reserved_stock":0,"customer_returns":0,"warehouse_damage":0,"lost_in_post":0,"other_logs":0,"out_stock_days":0,"lost_sales":0,"has_location":false,"update_date":"2026-04-10T10:02:32","atum_locations":[],"atum_stock_status":"instock","restock_status":false,"low_stock_amount":"","sales_update_date":"2026-04-10T10:02:32","calc_backorders":null,"acf":[],"_links":{"self":[{"href":"https:\/\/cristelstudio.com\/en\/wp-json\/wp\/v2\/product\/82465","targetHints":{"allow":["GET"]}}],"collection":[{"href":"https:\/\/cristelstudio.com\/en\/wp-json\/wp\/v2\/product"}],"about":[{"href":"https:\/\/cristelstudio.com\/en\/wp-json\/wp\/v2\/types\/product"}],"replies":[{"embeddable":true,"href":"https:\/\/cristelstudio.com\/en\/wp-json\/wp\/v2\/comments?post=82465"}],"wp:featuredmedia":[{"embeddable":true,"href":"https:\/\/cristelstudio.com\/en\/wp-json\/wp\/v2\/media\/81478"}],"wp:attachment":[{"href":"https:\/\/cristelstudio.com\/en\/wp-json\/wp\/v2\/media?parent=82465"}],"wp:term":[{"taxonomy":"product_brand","embeddable":true,"href":"https:\/\/cristelstudio.com\/en\/wp-json\/wp\/v2\/product_brand?post=82465"},{"taxonomy":"product_cat","embeddable":true,"href":"https:\/\/cristelstudio.com\/en\/wp-json\/wp\/v2\/product_cat?post=82465"},{"taxonomy":"product_tag","embeddable":true,"href":"https:\/\/cristelstudio.com\/en\/wp-json\/wp\/v2\/product_tag?post=82465"},{"taxonomy":"giftcard-category","embeddable":true,"href":"https:\/\/cristelstudio.com\/en\/wp-json\/wp\/v2\/giftcard-category?post=82465"}],"curies":[{"name":"wp","href":"https:\/\/api.w.org\/{rel}","templated":true}]}}