{"id":80568,"date":"2025-09-18T17:46:26","date_gmt":"2025-09-18T15:46:26","guid":{"rendered":"https:\/\/cristelstudio.com\/?post_type=product&#038;p=80568"},"modified":"2026-02-13T08:13:55","modified_gmt":"2026-02-13T06:13:55","slug":"webinaari-kuinka-esitella-ripsityosi-somessa-ammattimaisesti","status":"publish","type":"product","link":"https:\/\/cristelstudio.com\/en\/product\/webinaari-kuinka-esitella-ripsityosi-somessa-ammattimaisesti\/","title":{"rendered":"WEBINAARI: Kuinka esitell\u00e4 ripsity\u00f6si somessa ammattimaisesti"},"content":{"rendered":"","protected":false},"excerpt":{"rendered":"<p data-start=\"412\" data-end=\"639\"><strong>Oletko tehnyt t\u00e4ydelliset ripset, mutta kuva ei tuo esille ty\u00f6n upeutta?<\/strong><\/p>\n<p data-start=\"412\" data-end=\"639\"><br data-start=\"484\" data-end=\"487\" \/>Et ole ainoa. Sosiaalinen media on t\u00e4n\u00e4 p\u00e4iv\u00e4n\u00e4 t\u00e4rkein ty\u00f6kalumme \u2013 ja siksi jokaisen ripsiteknikon on osattava n\u00e4ytt\u00e4\u00e4 oma ty\u00f6ns\u00e4 parhaassa valossa.<\/p>\n<p data-start=\"641\" data-end=\"796\">T\u00e4ss\u00e4 webinaarissa saat k\u00e4yt\u00e4nn\u00f6n vinkit ja strategiat, joilla nostat kuvasi ja videosi uudelle tasolle.<\/p>\n<p data-start=\"798\" data-end=\"827\">\ud83d\udccc <strong data-start=\"801\" data-end=\"825\">Koulutuksen sis\u00e4lt\u00f6:<\/strong><\/p>\n<p data-start=\"798\" data-end=\"827\">Koulutuksen pituus on huikeat 3 tuntia ja 45 minuuttia<\/p>\n<ul data-start=\"828\" data-end=\"1542\">\n<li data-start=\"828\" data-end=\"876\">\n<p data-start=\"830\" data-end=\"876\">Br\u00e4nd\u00e4ys &amp; somen merkitys asiakashankinnassa<\/p>\n<\/li>\n<li data-start=\"877\" data-end=\"936\">\n<p data-start=\"879\" data-end=\"936\">Algoritmit: miten Instagram oikeasti toimi<\/p>\n<\/li>\n<li data-start=\"937\" data-end=\"989\">\n<p data-start=\"939\" data-end=\"989\">Asiakaspsykologia: mit\u00e4 asiakkaat haluavat n\u00e4hd\u00e4<\/p>\n<\/li>\n<li data-start=\"990\" data-end=\"1025\">\n<p data-start=\"992\" data-end=\"1025\">Postausideat &amp; sis\u00e4lt\u00f6strategia<\/p>\n<\/li>\n<li data-start=\"1026\" data-end=\"1072\">\n<p data-start=\"1028\" data-end=\"1072\">Tekstit &amp; kuvatekstit, jotka houkuttelevat<\/p>\n<\/li>\n<li data-start=\"1073\" data-end=\"1109\">\n<p data-start=\"1075\" data-end=\"1109\">Videot &amp; trendit<\/p>\n<\/li>\n<li data-start=\"1110\" data-end=\"1169\">\n<p data-start=\"1112\" data-end=\"1169\">Kuvauskalusto: puhelin vs kamera, valaistus, macro lens, erilaiset puhelimet<\/p>\n<\/li>\n<li data-start=\"1170\" data-end=\"1227\">\n<p data-start=\"1172\" data-end=\"1227\">Kuvauskulmat &amp; editointisovellukset (esimerkkieditit)<\/p>\n<\/li>\n<li data-start=\"1228\" data-end=\"1265\">\n<p data-start=\"1230\" data-end=\"1265\">Catchy content &amp; content batching<\/p>\n<\/li>\n<li data-start=\"1266\" data-end=\"1345\">\n<p data-start=\"1268\" data-end=\"1345\">Ajanhallinta: miten pysyt johdonmukaisena ilman, ett\u00e4 some vie liikaa aikaa<\/p>\n<\/li>\n<li data-start=\"1346\" data-end=\"1420\">\n<p data-start=\"1348\" data-end=\"1420\">Sis\u00e4ll\u00f6n kierr\u00e4tt\u00e4minen: miten yhdest\u00e4 kuvauksesta saa monta postausta<\/p>\n<\/li>\n<li data-start=\"1421\" data-end=\"1477\">\n<p data-start=\"1423\" data-end=\"1477\">K\u00e4yt\u00e4nn\u00f6n ty\u00f6kalut: suunnittelu, editointi &amp; ajastus<\/p>\n<\/li>\n<li data-start=\"1478\" data-end=\"1542\">\n<p data-start=\"1480\" data-end=\"1542\">Tulosten seuraaminen: mitk\u00e4 mittarit kertovat onnistumisesta<\/p>\n<\/li>\n<\/ul>\n<p data-start=\"1544\" data-end=\"1706\">\ud83d\udc69\u200d\ud83c\udfeb <strong data-start=\"1550\" data-end=\"1571\">Kouluttajana min\u00e4<\/strong> \u2013 14 vuoden kokemuksella ripsialalta, lukuisilla kuvaus-, editointi- ja somekursseilla sek\u00e4 valtavalla m\u00e4\u00e4r\u00e4ll\u00e4 k\u00e4yt\u00e4nn\u00f6n testailua.<\/p>\n<p>&nbsp;<\/p>","protected":false},"featured_media":80569,"comment_status":"closed","ping_status":"closed","template":"","meta":[],"product_brand":[],"product_cat":[184],"product_tag":[],"giftcard-category":[],"class_list":{"0":"post-80568","1":"product","2":"type-product","3":"status-publish","4":"has-post-thumbnail","6":"product_cat-online-koulutukset","8":"first","9":"instock","10":"sale","11":"virtual","12":"taxable","13":"purchasable","14":"product-type-simple"},"supplier_id":null,"supplier_sku":"","barcode":null,"atum_controlled":true,"out_stock_date":null,"out_stock_threshold":null,"inheritable":false,"inbound_stock":0,"stock_on_hold":0,"sold_today":0,"sales_last_days":0,"reserved_stock":0,"customer_returns":0,"warehouse_damage":0,"lost_in_post":0,"other_logs":0,"out_stock_days":0,"lost_sales":0,"has_location":false,"update_date":"2026-04-17T08:43:02","atum_locations":[],"atum_stock_status":"instock","restock_status":false,"low_stock_amount":"","sales_update_date":"2026-04-17T08:43:02","calc_backorders":null,"acf":[],"_links":{"self":[{"href":"https:\/\/cristelstudio.com\/en\/wp-json\/wp\/v2\/product\/80568","targetHints":{"allow":["GET"]}}],"collection":[{"href":"https:\/\/cristelstudio.com\/en\/wp-json\/wp\/v2\/product"}],"about":[{"href":"https:\/\/cristelstudio.com\/en\/wp-json\/wp\/v2\/types\/product"}],"replies":[{"embeddable":true,"href":"https:\/\/cristelstudio.com\/en\/wp-json\/wp\/v2\/comments?post=80568"}],"wp:featuredmedia":[{"embeddable":true,"href":"https:\/\/cristelstudio.com\/en\/wp-json\/wp\/v2\/media\/80569"}],"wp:attachment":[{"href":"https:\/\/cristelstudio.com\/en\/wp-json\/wp\/v2\/media?parent=80568"}],"wp:term":[{"taxonomy":"product_brand","embeddable":true,"href":"https:\/\/cristelstudio.com\/en\/wp-json\/wp\/v2\/product_brand?post=80568"},{"taxonomy":"product_cat","embeddable":true,"href":"https:\/\/cristelstudio.com\/en\/wp-json\/wp\/v2\/product_cat?post=80568"},{"taxonomy":"product_tag","embeddable":true,"href":"https:\/\/cristelstudio.com\/en\/wp-json\/wp\/v2\/product_tag?post=80568"},{"taxonomy":"giftcard-category","embeddable":true,"href":"https:\/\/cristelstudio.com\/en\/wp-json\/wp\/v2\/giftcard-category?post=80568"}],"curies":[{"name":"wp","href":"https:\/\/api.w.org\/{rel}","templated":true}]}}