{"id":75700,"date":"2025-01-21T13:36:38","date_gmt":"2025-01-21T11:36:38","guid":{"rendered":"https:\/\/cristelstudio.com\/?post_type=product&#038;p=75700"},"modified":"2026-04-09T12:28:42","modified_gmt":"2026-04-09T10:28:42","slug":"xxl-valmisviuhkat-open-base-006-6d","status":"publish","type":"product","link":"https:\/\/cristelstudio.com\/en\/product\/xxl-valmisviuhkat-open-base-006-6d\/","title":{"rendered":"XXL valmisviuhkat OPEN BASE 0,06 6D"},"content":{"rendered":"<p data-start=\"138\" data-end=\"445\">Open base valmisviuhkat on suunniteltu niin, ett\u00e4 niiden tyvi on auki. T\u00e4m\u00e4 mahdollistaa <strong data-start=\"286\" data-end=\"336\">viuhkan &#8220;wrappaamisen&#8221; luonnonripsen ymp\u00e4rille<\/strong> \u2013 aivan kuten k\u00e4sintehdyt viuhkat \u2013 mik\u00e4 v\u00e4hent\u00e4\u00e4 liiman k\u00e4ytt\u00f6\u00e4 ja tekee ty\u00f6st\u00e4 nopeampaa ja hallitumpaa.<\/p>\n<h3 data-start=\"447\" data-end=\"486\"><strong data-start=\"451\" data-end=\"486\">T\u00e4rkeimm\u00e4t edut ripsiteknikolle<\/strong><\/h3>\n<ul data-start=\"488\" data-end=\"1105\">\n<li data-start=\"488\" data-end=\"619\">\n<p data-start=\"490\" data-end=\"619\"><strong data-start=\"490\" data-end=\"521\">Tehokas ja nopeampi ty\u00f6tapa<\/strong><br data-start=\"521\" data-end=\"524\" \/>Valmisviuhkat lyhent\u00e4v\u00e4t laiton aika.<\/p>\n<\/li>\n<li data-start=\"621\" data-end=\"786\">\n<p data-start=\"623\" data-end=\"786\"><strong data-start=\"623\" data-end=\"661\">V\u00e4hemm\u00e4n liimaa<\/strong><br data-start=\"661\" data-end=\"664\" \/>Pienemman liima m\u00e4\u00e4r\u00e4n ansiosta ty\u00f6skentely on nopeampi, liima kovettuu nopeammin.<\/p>\n<\/li>\n<li data-start=\"788\" data-end=\"955\">\n<p data-start=\"790\" data-end=\"955\"><strong data-start=\"790\" data-end=\"833\">Parempi pysyvyys &#8220;wrappauksen&#8221; ansiosta<\/strong><br data-start=\"833\" data-end=\"836\" \/>Viuhkan wrap-tekniikka antaa paremman kontaktipinnan luonnonripsen ymp\u00e4rill\u00e4, mik\u00e4 saattaa pident\u00e4\u00e4 viuhkan kestoa.<\/p>\n<\/li>\n<li data-start=\"957\" data-end=\"1105\">\n<p data-start=\"959\" data-end=\"1105\"><b>Kapeat viuhkat<br \/>\n<\/b>T\u00e4ydellisen geometrian ansiosta saataan luotua asiakkaille ihanan tumma lopputulos, kuin k\u00e4sintehtyiss\u00e4 viuhkoissa.<\/p>\n<\/li>\n<\/ul>","protected":false},"excerpt":{"rendered":"<p>Open base valmisviuhkat on suunniteltu niin, ett\u00e4 niiden tyvi on auki. T\u00e4m\u00e4 mahdollistaa viuhkan &#8220;wrappaamisen&#8221; luonnonripsen ymp\u00e4rille \u2013 aivan kuten k\u00e4sintehdyt viuhkat \u2013 mik\u00e4 v\u00e4hent\u00e4\u00e4 liiman k\u00e4ytt\u00f6\u00e4 ja tekee ty\u00f6st\u00e4 [&hellip;]<\/p>\n","protected":false},"featured_media":71344,"comment_status":"closed","ping_status":"closed","template":"","meta":[],"product_brand":[],"product_cat":[181],"product_tag":[],"giftcard-category":[],"class_list":{"0":"post-75700","1":"product","2":"type-product","3":"status-publish","4":"has-post-thumbnail","6":"product_cat-valmisviuhkat","8":"first","9":"instock","10":"taxable","11":"shipping-taxable","12":"purchasable","13":"product-type-variable"},"supplier_id":null,"supplier_sku":"","barcode":null,"atum_controlled":true,"out_stock_date":null,"out_stock_threshold":null,"inheritable":true,"inbound_stock":0,"stock_on_hold":0,"sold_today":0,"sales_last_days":9,"reserved_stock":0,"customer_returns":0,"warehouse_damage":0,"lost_in_post":0,"other_logs":0,"out_stock_days":0,"lost_sales":0,"has_location":false,"update_date":"2026-04-16T06:55:29","atum_locations":[],"atum_stock_status":"instock","restock_status":false,"low_stock_amount":"","sales_update_date":"2026-04-16T06:55:29","calc_backorders":null,"acf":[],"_links":{"self":[{"href":"https:\/\/cristelstudio.com\/en\/wp-json\/wp\/v2\/product\/75700","targetHints":{"allow":["GET"]}}],"collection":[{"href":"https:\/\/cristelstudio.com\/en\/wp-json\/wp\/v2\/product"}],"about":[{"href":"https:\/\/cristelstudio.com\/en\/wp-json\/wp\/v2\/types\/product"}],"replies":[{"embeddable":true,"href":"https:\/\/cristelstudio.com\/en\/wp-json\/wp\/v2\/comments?post=75700"}],"wp:featuredmedia":[{"embeddable":true,"href":"https:\/\/cristelstudio.com\/en\/wp-json\/wp\/v2\/media\/71344"}],"wp:attachment":[{"href":"https:\/\/cristelstudio.com\/en\/wp-json\/wp\/v2\/media?parent=75700"}],"wp:term":[{"taxonomy":"product_brand","embeddable":true,"href":"https:\/\/cristelstudio.com\/en\/wp-json\/wp\/v2\/product_brand?post=75700"},{"taxonomy":"product_cat","embeddable":true,"href":"https:\/\/cristelstudio.com\/en\/wp-json\/wp\/v2\/product_cat?post=75700"},{"taxonomy":"product_tag","embeddable":true,"href":"https:\/\/cristelstudio.com\/en\/wp-json\/wp\/v2\/product_tag?post=75700"},{"taxonomy":"giftcard-category","embeddable":true,"href":"https:\/\/cristelstudio.com\/en\/wp-json\/wp\/v2\/giftcard-category?post=75700"}],"curies":[{"name":"wp","href":"https:\/\/api.w.org\/{rel}","templated":true}]}}