{"id":2993,"date":"2018-07-06T12:34:10","date_gmt":"2018-07-06T10:34:10","guid":{"rendered":"https:\/\/cristelstudio.com\/?post_type=product&#038;p=2993"},"modified":"2026-04-06T12:38:36","modified_gmt":"2026-04-06T10:38:36","slug":"vitasept-gel-75ml","status":"publish","type":"product","link":"https:\/\/cristelstudio.com\/en\/product\/vitasept-gel-75ml\/","title":{"rendered":"Vitasept\u00aeGel Alkoholipitoinen antiseptinen k\u00e4sienpuhdistusgeeli 400ml"},"content":{"rendered":"<h3>Description<\/h3>\n<p>Eritt\u00e4in tehokas geelim\u00e4inen k\u00e4sien desinfiointiaine. Sis\u00e4lt\u00e4\u00e4 tasapainotettua alkoholiseosta, joka takaa kvaternaarisiin ammoniumyhdisteisiin ja sitrus\u00f6ljyyn yhdistettyn\u00e4 laajan k\u00e4ytt\u00f6alueen.<\/p>\n<p>Tuotteeseen on lis\u00e4tty ihonhoitoainetta.<\/p>\n<p><strong>Product features <\/strong><\/p>\n<ul>\n<li>laaja antimikrobinen vaikutus<\/li>\n<li>nopea vaikutusaika (30 sek)<\/li>\n<li>ei kuivata k\u00e4si\u00e4<\/li>\n<li>ei j\u00e4ta k\u00e4si\u00e4 tahmeaks<\/li>\n<\/ul>\n<p><strong>Koostumus:<\/strong><\/p>\n<p>isopropanoli<br \/>\nkvatern\u00e4\u00e4riset<br \/>\nsitruunansiemen\u00f6ljy\u00e4, ihonhoitoaineet<\/p>\n<div class=\"page\" title=\"Page 1\">\n<div class=\"layoutArea\">\n<div class=\"column\">\n<div class=\"page\" title=\"Page 1\">\n<div class=\"layoutArea\">\n<div class=\"column\">\n<div class=\"page\" title=\"Page 1\">\n<div class=\"layoutArea\">\n<div class=\"column\">\n<p><strong>Vaikutusspektri:<\/strong><\/p>\n<\/div>\n<\/div>\n<\/div>\n<p>Bakteerit: E.coli, Salmonella spp., Staphylococcus spp, (MRSA), Streptococcus spp, Listeria spp, Enterococcus faecalis, Acinetobacter baumannii, Corynebacterium ammoniagenes, Mycoplasma spp, Pseudomonas aeruginosa, Enterobacter aerogenes, Klebsiella pneumoniae, Serratia marcescens, Shigella dysenterriae, Vibrio cholerae, Bacillus cereus, Mycobacterium, Clostridium spp ym Virukset: HBV, HCV, HIV, Korona, Adeno, Rota, Influenssa-virus (my\u00f6s ns. sikainfluenssa) ym. Sienet: Candida albicans<\/p>\n<\/div>\n<\/div>\n<\/div>\n<\/div>\n<\/div>\n<\/div>","protected":false},"excerpt":{"rendered":"<p>Kuvaus Eritt\u00e4in tehokas geelim\u00e4inen k\u00e4sien desinfiointiaine. Sis\u00e4lt\u00e4\u00e4 tasapainotettua alkoholiseosta, joka takaa kvaternaarisiin ammoniumyhdisteisiin ja sitrus\u00f6ljyyn yhdistettyn\u00e4 laajan k\u00e4ytt\u00f6alueen. Tuotteeseen on lis\u00e4tty ihonhoitoainetta. Tuotteen ominaisuudet laaja antimikrobinen vaikutus nopea vaikutusaika (30 [&hellip;]<\/p>\n","protected":false},"featured_media":22344,"comment_status":"open","ping_status":"closed","template":"","meta":[],"product_brand":[],"product_cat":[96],"product_tag":[],"giftcard-category":[],"class_list":{"0":"post-2993","1":"product","2":"type-product","3":"status-publish","4":"has-post-thumbnail","6":"product_cat-puhdistus","8":"first","9":"instock","10":"taxable","11":"shipping-taxable","12":"purchasable","13":"product-type-simple"},"supplier_id":null,"supplier_sku":"","barcode":null,"atum_controlled":true,"out_stock_date":null,"out_stock_threshold":null,"inheritable":false,"inbound_stock":0,"stock_on_hold":7,"sold_today":0,"sales_last_days":0,"reserved_stock":0,"customer_returns":0,"warehouse_damage":0,"lost_in_post":0,"other_logs":0,"out_stock_days":0,"lost_sales":0,"has_location":false,"update_date":"2026-04-18T00:18:10","atum_locations":[],"atum_stock_status":"instock","restock_status":false,"low_stock_amount":"","sales_update_date":"2026-04-18T00:18:08","calc_backorders":null,"acf":[],"_links":{"self":[{"href":"https:\/\/cristelstudio.com\/en\/wp-json\/wp\/v2\/product\/2993","targetHints":{"allow":["GET"]}}],"collection":[{"href":"https:\/\/cristelstudio.com\/en\/wp-json\/wp\/v2\/product"}],"about":[{"href":"https:\/\/cristelstudio.com\/en\/wp-json\/wp\/v2\/types\/product"}],"replies":[{"embeddable":true,"href":"https:\/\/cristelstudio.com\/en\/wp-json\/wp\/v2\/comments?post=2993"}],"wp:featuredmedia":[{"embeddable":true,"href":"https:\/\/cristelstudio.com\/en\/wp-json\/wp\/v2\/media\/22344"}],"wp:attachment":[{"href":"https:\/\/cristelstudio.com\/en\/wp-json\/wp\/v2\/media?parent=2993"}],"wp:term":[{"taxonomy":"product_brand","embeddable":true,"href":"https:\/\/cristelstudio.com\/en\/wp-json\/wp\/v2\/product_brand?post=2993"},{"taxonomy":"product_cat","embeddable":true,"href":"https:\/\/cristelstudio.com\/en\/wp-json\/wp\/v2\/product_cat?post=2993"},{"taxonomy":"product_tag","embeddable":true,"href":"https:\/\/cristelstudio.com\/en\/wp-json\/wp\/v2\/product_tag?post=2993"},{"taxonomy":"giftcard-category","embeddable":true,"href":"https:\/\/cristelstudio.com\/en\/wp-json\/wp\/v2\/giftcard-category?post=2993"}],"curies":[{"name":"wp","href":"https:\/\/api.w.org\/{rel}","templated":true}]}}