{"id":29612,"date":"2020-10-23T10:48:23","date_gmt":"2020-10-23T08:48:23","guid":{"rendered":"https:\/\/cristelstudio.com\/?post_type=product&#038;p=29612"},"modified":"2024-02-19T17:13:53","modified_gmt":"2024-02-19T15:13:53","slug":"inlei-preppauskoulutus-online-ripsetkulmat","status":"publish","type":"product","link":"https:\/\/cristelstudio.com\/en\/product\/inlei-preppauskoulutus-online-ripsetkulmat\/","title":{"rendered":"InLei\u00ae Preppauskoulutus ONLINE!"},"content":{"rendered":"","protected":false},"excerpt":{"rendered":"<p>Tallennetun koulutusvideon linkki ja kirjalliset materiaalit laitetaan 48 tunnin sis\u00e4ll\u00e4 teille s\u00e4hkopostiin.<\/p>\n<p>Koulutus sopi, jos sinulla on jo kestotaivutuksesta kokemusta, laita sertifikaatin kopio cristelstudio@gmail.com<\/p>\n<p>&nbsp;<\/p>\n<p>Teooria:<\/p>\n<p>-Inlei br\u00e4ndi<br \/>\n-Ripsien biokemia ja taivutuksen kemiallinen vaikutus<br \/>\n-Disulfidisidoksien struktuuri<br \/>\n-Tuotteiden kemiallinen vaikutus taivutuksessa<br \/>\n-Palauttava reaktio<br \/>\n-Karvojen v\u00e4rinpoisto ja v\u00e4rj\u00e4ys<br \/>\n-Lash Fillerin ero muihin tuotesarjoihin<br \/>\n-Oikean muotin valinta<br \/>\n-PH arvo ja taivutus<br \/>\n-Kestov\u00e4rj\u00e4ys<br \/>\n-Lash Filler: ainesosat, joista on tiedett\u00e4v\u00e4<br \/>\n-Ripsien halkaisijan suurennusprosessi<br \/>\n-InLei\u00ae tuotteet<\/p>\n<p>-Filler vs Brow bomber<\/p>\n<p>-Vasta-aiheet<br \/>\n-Ripsien asettelu taivutusmuotille<br \/>\n-T\u00e4ydellisen taivutuksen salaisuudet<br \/>\n-Taivutuksen korjaus<br \/>\n-Brow Bomber<br \/>\n&#8211; 2 kulmien laminointi demo videoa, yksi filler tuotteilla ja yksi brow bomber tuotteilla<\/p>\n<p>-Ripsien kestotaivutuksen vinkki video<\/p>\n<p>-Koulutuksesta saa 2 sertifikaattia, sertifikaatit l\u00e4hetet\u00e4\u00e4n s\u00e4hkopostiin!<\/p>","protected":false},"featured_media":24650,"comment_status":"open","ping_status":"closed","template":"","meta":[],"product_brand":[],"product_cat":[102],"product_tag":[],"giftcard-category":[],"class_list":{"0":"post-29612","1":"product","2":"type-product","3":"status-publish","4":"has-post-thumbnail","6":"product_cat-koulutukset","8":"first","9":"instock","10":"taxable","11":"shipping-taxable","12":"purchasable","13":"product-type-simple"},"supplier_id":null,"supplier_sku":"","barcode":null,"atum_controlled":true,"out_stock_date":null,"out_stock_threshold":null,"inheritable":false,"inbound_stock":0,"stock_on_hold":2,"sold_today":0,"sales_last_days":0,"reserved_stock":0,"customer_returns":0,"warehouse_damage":0,"lost_in_post":0,"other_logs":0,"out_stock_days":0,"lost_sales":0,"has_location":false,"update_date":"2026-04-17T15:01:21","atum_locations":[],"atum_stock_status":"instock","restock_status":false,"low_stock_amount":"","sales_update_date":"2026-04-17T15:01:21","calc_backorders":null,"acf":[],"_links":{"self":[{"href":"https:\/\/cristelstudio.com\/en\/wp-json\/wp\/v2\/product\/29612","targetHints":{"allow":["GET"]}}],"collection":[{"href":"https:\/\/cristelstudio.com\/en\/wp-json\/wp\/v2\/product"}],"about":[{"href":"https:\/\/cristelstudio.com\/en\/wp-json\/wp\/v2\/types\/product"}],"replies":[{"embeddable":true,"href":"https:\/\/cristelstudio.com\/en\/wp-json\/wp\/v2\/comments?post=29612"}],"wp:featuredmedia":[{"embeddable":true,"href":"https:\/\/cristelstudio.com\/en\/wp-json\/wp\/v2\/media\/24650"}],"wp:attachment":[{"href":"https:\/\/cristelstudio.com\/en\/wp-json\/wp\/v2\/media?parent=29612"}],"wp:term":[{"taxonomy":"product_brand","embeddable":true,"href":"https:\/\/cristelstudio.com\/en\/wp-json\/wp\/v2\/product_brand?post=29612"},{"taxonomy":"product_cat","embeddable":true,"href":"https:\/\/cristelstudio.com\/en\/wp-json\/wp\/v2\/product_cat?post=29612"},{"taxonomy":"product_tag","embeddable":true,"href":"https:\/\/cristelstudio.com\/en\/wp-json\/wp\/v2\/product_tag?post=29612"},{"taxonomy":"giftcard-category","embeddable":true,"href":"https:\/\/cristelstudio.com\/en\/wp-json\/wp\/v2\/giftcard-category?post=29612"}],"curies":[{"name":"wp","href":"https:\/\/api.w.org\/{rel}","templated":true}]}}