{"id":2183,"date":"2018-05-06T19:35:40","date_gmt":"2018-05-06T17:35:40","guid":{"rendered":"https:\/\/cristelstudio.com\/?post_type=product&#038;p=2183"},"modified":"2026-04-09T07:08:14","modified_gmt":"2026-04-09T05:08:14","slug":"silikoniset-ripsiharjat-50-kpl","status":"publish","type":"product","link":"https:\/\/cristelstudio.com\/en\/product\/silikoniset-ripsiharjat-50-kpl\/","title":{"rendered":"Silicone Eyelash Brushes 50pcs"},"content":{"rendered":"<h3><strong>THE DESCRIPTION OF THE PRODUCT<\/strong><\/h3>\n<h4><strong>DESCRIPTION<br \/>\n<\/strong><\/h4>\n<p>Silikoniset harjat ei ker\u00e4 p\u00f6ly\u00e4.<\/p>\n<div class=\"oSioSc\">\n<div id=\"tw-target\">\n<div id=\"tw-target-text-container\" class=\"tw-ta-container tw-nfl\">\n<h4><strong>DETAILS<\/strong><\/h4>\n<\/div>\n<\/div>\n<\/div>","protected":false},"excerpt":{"rendered":"<p>Silikoniset ripsiharjat<\/p>\n<p>&#8211; Silikoniset ripsiharjat eiv\u00e4t ker\u00e4\u00e4 p\u00f6ly\u00e4<\/p>\n<p>&#8211; Pesunkest\u00e4v\u00e4<\/p>\n<p>&nbsp;<\/p>","protected":false},"featured_media":74366,"comment_status":"open","ping_status":"closed","template":"","meta":[],"product_brand":[],"product_cat":[91],"product_tag":[],"giftcard-category":[],"class_list":{"0":"post-2183","1":"product","2":"type-product","3":"status-publish","4":"has-post-thumbnail","6":"product_cat-ripsiharjat","8":"first","9":"instock","10":"taxable","11":"shipping-taxable","12":"purchasable","13":"product-type-variable","14":"has-default-attributes"},"supplier_id":null,"supplier_sku":"","barcode":null,"atum_controlled":true,"out_stock_date":null,"out_stock_threshold":null,"inheritable":false,"inbound_stock":0,"stock_on_hold":5,"sold_today":0,"sales_last_days":1,"reserved_stock":0,"customer_returns":0,"warehouse_damage":0,"lost_in_post":0,"other_logs":0,"out_stock_days":0,"lost_sales":0,"has_location":false,"update_date":"2026-04-13T00:19:32","atum_locations":[],"atum_stock_status":"instock","restock_status":false,"low_stock_amount":"","sales_update_date":"2026-04-13T00:19:30","calc_backorders":null,"acf":[],"_links":{"self":[{"href":"https:\/\/cristelstudio.com\/en\/wp-json\/wp\/v2\/product\/2183","targetHints":{"allow":["GET"]}}],"collection":[{"href":"https:\/\/cristelstudio.com\/en\/wp-json\/wp\/v2\/product"}],"about":[{"href":"https:\/\/cristelstudio.com\/en\/wp-json\/wp\/v2\/types\/product"}],"replies":[{"embeddable":true,"href":"https:\/\/cristelstudio.com\/en\/wp-json\/wp\/v2\/comments?post=2183"}],"wp:featuredmedia":[{"embeddable":true,"href":"https:\/\/cristelstudio.com\/en\/wp-json\/wp\/v2\/media\/74366"}],"wp:attachment":[{"href":"https:\/\/cristelstudio.com\/en\/wp-json\/wp\/v2\/media?parent=2183"}],"wp:term":[{"taxonomy":"product_brand","embeddable":true,"href":"https:\/\/cristelstudio.com\/en\/wp-json\/wp\/v2\/product_brand?post=2183"},{"taxonomy":"product_cat","embeddable":true,"href":"https:\/\/cristelstudio.com\/en\/wp-json\/wp\/v2\/product_cat?post=2183"},{"taxonomy":"product_tag","embeddable":true,"href":"https:\/\/cristelstudio.com\/en\/wp-json\/wp\/v2\/product_tag?post=2183"},{"taxonomy":"giftcard-category","embeddable":true,"href":"https:\/\/cristelstudio.com\/en\/wp-json\/wp\/v2\/giftcard-category?post=2183"}],"curies":[{"name":"wp","href":"https:\/\/api.w.org\/{rel}","templated":true}]}}