{"id":13643,"date":"2019-07-21T20:24:39","date_gmt":"2019-07-21T18:24:39","guid":{"rendered":"https:\/\/cristelstudio.com\/?post_type=product&#038;p=13643"},"modified":"2026-04-18T13:16:55","modified_gmt":"2026-04-18T11:16:55","slug":"easy-fan","status":"publish","type":"product","link":"https:\/\/cristelstudio.com\/en\/product\/easy-fan\/","title":{"rendered":"Easy Fan"},"content":{"rendered":"","protected":false},"excerpt":{"rendered":"<p>Easy Fan<br \/>\n-Prevents the glue from climbing along the fan - no wrinkly lashes!<br \/>\n- Fans stay open more easily<br \/>\n- Compatible with all glues<br \/>\n&#8211; Levit\u00e4 ohutkerros ripsinauhalle 1mm tyvest\u00e4, varo levitt\u00e4m\u00e4st\u00e4 ensimm\u00e4isen 1mm matkalle.<br \/>\n- If necessary, add the product when the effect disappears (room temperature affects)<br \/>\n\u2013 6,5ml<br \/>\n-Made in Germany<\/p>","protected":false},"featured_media":74341,"comment_status":"open","ping_status":"closed","template":"","meta":[],"product_brand":[],"product_cat":[104,89],"product_tag":[],"giftcard-category":[],"class_list":{"0":"post-13643","1":"product","2":"type-product","3":"status-publish","4":"has-post-thumbnail","6":"product_cat-effortless-collection","7":"product_cat-liimat","9":"first","10":"instock","11":"taxable","12":"shipping-taxable","13":"purchasable","14":"product-type-simple"},"supplier_id":null,"supplier_sku":"","barcode":null,"atum_controlled":true,"out_stock_date":null,"out_stock_threshold":null,"inheritable":false,"inbound_stock":0,"stock_on_hold":6,"sold_today":1,"sales_last_days":10,"reserved_stock":0,"customer_returns":0,"warehouse_damage":0,"lost_in_post":0,"other_logs":0,"out_stock_days":0,"lost_sales":0,"has_location":false,"update_date":"2026-04-18T11:17:11","atum_locations":[],"atum_stock_status":"instock","restock_status":false,"low_stock_amount":"","sales_update_date":"2026-04-18T11:17:09","calc_backorders":null,"acf":[],"_links":{"self":[{"href":"https:\/\/cristelstudio.com\/en\/wp-json\/wp\/v2\/product\/13643","targetHints":{"allow":["GET"]}}],"collection":[{"href":"https:\/\/cristelstudio.com\/en\/wp-json\/wp\/v2\/product"}],"about":[{"href":"https:\/\/cristelstudio.com\/en\/wp-json\/wp\/v2\/types\/product"}],"replies":[{"embeddable":true,"href":"https:\/\/cristelstudio.com\/en\/wp-json\/wp\/v2\/comments?post=13643"}],"wp:featuredmedia":[{"embeddable":true,"href":"https:\/\/cristelstudio.com\/en\/wp-json\/wp\/v2\/media\/74341"}],"wp:attachment":[{"href":"https:\/\/cristelstudio.com\/en\/wp-json\/wp\/v2\/media?parent=13643"}],"wp:term":[{"taxonomy":"product_brand","embeddable":true,"href":"https:\/\/cristelstudio.com\/en\/wp-json\/wp\/v2\/product_brand?post=13643"},{"taxonomy":"product_cat","embeddable":true,"href":"https:\/\/cristelstudio.com\/en\/wp-json\/wp\/v2\/product_cat?post=13643"},{"taxonomy":"product_tag","embeddable":true,"href":"https:\/\/cristelstudio.com\/en\/wp-json\/wp\/v2\/product_tag?post=13643"},{"taxonomy":"giftcard-category","embeddable":true,"href":"https:\/\/cristelstudio.com\/en\/wp-json\/wp\/v2\/giftcard-category?post=13643"}],"curies":[{"name":"wp","href":"https:\/\/api.w.org\/{rel}","templated":true}]}}