{"id":81586,"date":"2025-11-17T17:17:32","date_gmt":"2025-11-17T15:17:32","guid":{"rendered":"https:\/\/cristelstudio.com\/?page_id=81586"},"modified":"2026-01-26T13:58:11","modified_gmt":"2026-01-26T11:58:11","slug":"laminointi-koulutukset","status":"publish","type":"page","link":"https:\/\/cristelstudio.com\/en\/laminointi-koulutukset\/","title":{"rendered":"Lamination trainings"},"content":{"rendered":"<section class=\"bde-section-81586-100 bde-section\">\n  \n  \n\t\n\n\n\n<div class=\"section-container\"><div class=\"bde-text-81586-112 bde-text\">\nCristel Studio Laminointi koulutukset\n<\/div><div class=\"bde-text-81586-177 bde-text\">\nKristel on tehny Lash Lifteja jo 9 vuoden ajan ja kouluttanut lash lifteja yli 7 vuoden kokemuksella ja ripsienpidennyksia viel\u00e4 pidemp\u00e4\u00e4n. Pitk\u00e4n ripsiteknikko- ja koulutusurani aikana olen opettanut yli 1000 ripsiteknikkoa, ja siksi osaan mukauttaa opetuksen jokaisen oppijan tyyliin \u2013 oli kyse aloittelijasta tai kokeneemmasta tekij\u00e4st\u00e4.<br>Olen kouluttanu meille vahvan kouluttajatiimin, joten saat yht\u00e4 laadukasta opetusta jokaisen kouluttajan parissa, valitse vaan itselle sopivin paikkakunta ja kouluttaja.<br>\n<\/div><div class=\"bde-button-81586-101 bde-button\">\n        \n    \n    \n    \n    \n            \n                    \n            \n            \n\n    \n    \n    \n    \n    \n    <a class=\"breakdance-link button-atom button-atom--secondary bde-button__button\" href=\"https:\/\/cristelstudio.com\/en\/oppilaiden-palautteet\/\" target=\"_self\" data-type=\"url\"  >\n\n    \n        <span class=\"button-atom__text\">OPPILAIDEN PALAUTTEET<\/span>\n\n        \n        \n                <\/a>\n\n    \n\n\n<\/div><div class=\"bde-columns-81586-102 bde-columns\"><div class=\"bde-column-81586-103 bde-column\">\n  \n  \n\t\n\n\n\n<div class=\"bde-gallery-81586-104 bde-gallery\">\n\n\n  \n\n\n\n\n\n\n\n  \n\n  <div class=\"ee-gallery-swiper breakdance-swiper-wrapper\" data-swiper-id=\"104\">\n    <div class=\"swiper\">\n\n<div class=\"ee-gallery ee-gallery--gallery-slider ee-gallery--slider ee-gallery--single ee-gallery--none ee-gallery-- ee-gallery--caption- ee-gallery--caption-none ee-gallery--ratio swiper-wrapper\">\n                  \n      <div class=\"ee-gallery-item ee-gallery-item--image ee-gallery-item--single swiper-slide\" href=\"https:\/\/cristelstudio.com\/wp-content\/uploads\/2023\/11\/IMG_8361-scaled-e1763138537872.png\"  data-sub-html=\"<span><\/span>\" data-category=\"1\"                  data-lg-size=\"1178-1382\"\n\n      >\n        <figure class=\"ee-gallery-item-figure\">\n                        <img decoding=\"async\" class=\"breakdance-image-object\" src=\"https:\/\/cristelstudio.com\/wp-content\/uploads\/2023\/11\/IMG_8361-921x2000.png\" width=\"921\" height=\"2000\" srcset=\"https:\/\/cristelstudio.com\/wp-content\/uploads\/2023\/11\/IMG_8361-scaled-e1763138537872.png 1178w, https:\/\/cristelstudio.com\/wp-content\/uploads\/2023\/11\/IMG_8361-scaled-e1763138537872-852x1000.png 852w, https:\/\/cristelstudio.com\/wp-content\/uploads\/2023\/11\/IMG_8361-scaled-e1763138537872-768x901.png 768w, https:\/\/cristelstudio.com\/wp-content\/uploads\/2023\/11\/IMG_8361-scaled-e1763138537872-10x12.png 10w, https:\/\/cristelstudio.com\/wp-content\/uploads\/2023\/11\/IMG_8361-scaled-e1763138537872-550x645.png 550w, https:\/\/cristelstudio.com\/wp-content\/uploads\/2023\/11\/IMG_8361-scaled-e1763138537872-64x75.png 64w\" sizes=\"(max-width: 1178px) 100vw, 1178px\">\n          \n                  <\/figure>\n      <\/div>\n\n      \n  <\/div>\n\n    <\/div>\n        \n            <div class=\"swiper-pagination\"><\/div>\n    \n  <\/div>\n\n\n<\/div>\n<\/div><div class=\"bde-column-81586-107 bde-column\">\n  \n  \n\t\n\n\n\n<h2 class=\"bde-heading-81586-108 bde-heading\">\nKOREAN LASH LIFT KOULUTUS<br>\n<\/h2><h6 class=\"bde-heading-81586-175 bde-heading\">\njo alalla oleville\n<\/h6><h4 class=\"bde-heading-81586-109 bde-heading\">\n450\u20ac\n<\/h4><h5 class=\"bde-heading-81586-110 bde-heading\">\nKesto 1 p\u00e4iv\u00e4\n<\/h5><div class=\"bde-text-81586-176 bde-text\">\nKorean Lash Lift on t\u00e4ysin oma metodinsa: pehme\u00e4 ripsille, mutta todella n\u00e4ytt\u00e4v\u00e4.  Olen kouluttautunut useilta johtavilta lash lift -kouluttajilta ja suorittanut koulutuksen my\u00f6s Korean Lash Lift kouluttajan kanssa, saadakseni t\u00e4ydellisen ymm\u00e4rryksen aidosta Korean liftist\u00e4. T\u00e4m\u00e4 on t\u00e4ll\u00e4 hetkell\u00e4 yksi kauneusalan nopeimmin kasvavista trendeist\u00e4 \u2013 ja jos otat Korean Lash Liftin k\u00e4ytt\u00f6\u00f6si ensimm\u00e4isten joukossa omassa kaupungissasi, sinulla on massiivinen etumatka kilpailijoihin.<br><br><strong>Sopii sinulle jolla:<\/strong><br><br>-Lash lifti\u00e4 jo tekeville, jotka haluavat lis\u00e4\u00e4 varmuutta, tasaisuutta ja parempia tuloksia<br>-Heille, jotka haluavat erottua markkinoilla -Heille, jotka haluavat tienata lash lifteilla enemm\u00e4n<br><br><strong>Koulutuksen tavoite:<\/strong><br><br>Koulutuksen voit suorittaa joko yhdell\u00e4 tai kahdella mallilla \u2013 valinta riippuu omasta oppimistyylist\u00e4si ja siit\u00e4, kuinka paljon k\u00e4dest\u00e4 pit\u00e4en ohjausta haluat. K\u00e4ymme l\u00e4pi useita Korean-liftin tekniikoita ja keskitymme jokaisessa vaiheessa tarkkaan, tekniseen tekemiseen. Jos valitset koulutuksen kahdella mallilla, pystymme jakamaan huomion sek\u00e4 tekniikan hiomiseen ett\u00e4 markkinointi- ja kuvauspuoleen, jotta opit tuottamaan laadukasta sis\u00e4lt\u00f6\u00e4 someen jo ensimm\u00e4isest\u00e4 p\u00e4iv\u00e4st\u00e4 l\u00e4htien.<br>Koulutuksen j\u00e4lkeen osaat tehd\u00e4 aidon, n\u00e4ytt\u00e4v\u00e4n ja tasaisen Korean Lash Liftin, hinnoitella ty\u00f6si kannattavasti ja markkinoida itse\u00e4si ammattimaisesti. Tavoitteena on, ett\u00e4 l\u00e4hdet koulutuksesta varmana omasta tekemisest\u00e4si \u2013 tekniikan, sis\u00e4ll\u00f6ntuotannon ja hinnoittelun osalta.<br><br><strong>Mit\u00e4 osaat koulutuksen j\u00e4lkeen?<\/strong><br><br>Koulutuksen j\u00e4lkeen sulla on selke\u00e4 ymm\u00e4rrys siit\u00e4, miten Korean lash lift oikeesti toimii. Ei arvailua, ei stressi\u00e4, vaan varmuutta tekemiseen.<br>Opit ratkaisemaan juuri ne ongelmat, joista lash lift -tekij\u00e4t kertoivat asiakaskyselyss\u00e4:<br><br>\u2714 Et en\u00e4\u00e4 arvuuttele vaikutusaikoja<br>Tied\u00e4t miten aine toimii, mill\u00e4 ajalla mik\u00e4kin ripsi taipuu ja miten v\u00e4lt\u00e4t ylik\u00e4sittely\u00e4. Ei en\u00e4\u00e4 \"toivottavasti n\u00e4m\u00e4 taipuu\" tilanteita.<br>\u2714 Muottivalinta ei oo en\u00e4\u00e4 arpapeli\u00e4<br>Opit valitsemaan oikean lash lift muotin eri silm\u00e4nmuodoille. <br>\u2714 Ymm\u00e4rr\u00e4t mit\u00e4 kemia tekee ripselle<br>Tied\u00e4t mit\u00e4 ripselle tapahtuu k\u00e4sittelyn aikana, ja miten teet ty\u00f6n niin ettei ripset k\u00e4rsi.<br>\u2714 Osaat kuvata sun ty\u00f6n niin, ett\u00e4 se oikeesti n\u00e4ytt\u00e4\u00e4 hyv\u00e4lt\u00e4<br>K\u00e4yd\u00e4\u00e4n l\u00e4pi kuvauskulmat ja miten somekuvat otetaan niin, ett\u00e4 ne myy ja tuo asiakkaita.<br>\u2714 Osaat hinnoitella ty\u00f6si j\u00e4rkev\u00e4sti<br>Saat selke\u00e4t ohjeet, miten lasketa sopiva hinta niin, ett\u00e4 ty\u00f6 on kannattavaa eik\u00e4 liian halpaa.<br>\u2714 Hallitset koko Korean liftin alusta loppuun.<br><br><strong>Koulutuksen sis\u00e4lt\u00f6:<\/strong><br><br>1. Korean lash lift -metodin perusteet<br>-Mit\u00e4 Korean Lash Lift oikeasti tarkoittaa<br>-Miten se eroaa perinteisest\u00e4 lash liftist\u00e4<br><br>2. Luonnonripsien analyysi<br>-Ripsityypit <br>-Silm\u00e4n muoto ja sopivan muotin valinta<br>-Yliprosessoinnin riskit ja niiden ehk\u00e4isy<br><br>3. Erilaiset muotit Korean Liftissa<br>-Flat shieldin k\u00e4ytt\u00f6<br>-Oikean muotti koon valinta<br><br>4. Ripsien valmistelu Korean-tyyliin<br><br>5. Korean lifting -tekniikkaat<br><br>6. Vaikutusajat & kemian perusteet<br>-Cysteamine vs TGA<br>-Mit\u00e4 liftin aikana ripsessa oikeesti tapahtuu<br>-Miten minimoida vauriot<br>-Vaikutusajat Korean Liftissa<br>-Incien lukeminen<br><br>7. pH tasot <br><br>8. Hoitoaineet<br><br>9. Kotihoito<br><br>10. Hinnoittelu ja markkinointi<br><br>11. Contentti kuvaus<br><br>ja paljon muuta...<br><br>\n<\/div>\n<\/div><\/div><\/div>\n<\/section><section class=\"bde-section-81586-191 bde-section\">\n  \n  \n\t\n\n\n\n<div class=\"section-container\"><div class=\"bde-text-81586-201 bde-text\">\nSTARTER KIT -VAIHTOEHDOT KOULUTUKSEN YHTEYDESS\u00c4<br>Koulutukseen osallistuvilla on mahdollisuus hankkia Korean Lash Lift -starter kit suoraan koulutusp\u00e4iv\u00e4n\u00e4 perus kit \u201320 % etuhintaan ja pro kit -25%.<br>Starter kitit on suunniteltu niin, ett\u00e4 p\u00e4\u00e4set tekem\u00e4\u00e4n hoitoja heti koulutuksen j\u00e4lkeen, ilman erillist\u00e4 s\u00e4\u00e4t\u00f6\u00e4 tuotteiden hankinnassa.<br><img decoding=\"async\" draggable=\"false\" role=\"img\" class= \"src=\"https:> Huom! Ilmoitathan kouluttajalle etuk\u00e4teen, mik\u00e4li haluat ostaa starter kitin ja kumman paketin valitset (Perus \/ Pro), jotta tuotteet varataan valmiiksi koulutukseen.\n<\/div><div class=\"bde-columns-81586-193 bde-columns\"><div class=\"bde-column-81586-194 bde-column\">\n  \n  \n\t\n\n\n\n<img decoding=\"async\" class=\"bde-image2-81586-196 bde-image2\" src=\"https:\/\/cristelstudio.com\/wp-content\/uploads\/2026\/01\/DSC08423.jpg\" loading=\"lazy\" srcset=\"https:\/\/cristelstudio.com\/wp-content\/uploads\/2026\/01\/DSC08423.jpg 2048w, https:\/\/cristelstudio.com\/wp-content\/uploads\/2026\/01\/DSC08423-1000x667.jpg 1000w, https:\/\/cristelstudio.com\/wp-content\/uploads\/2026\/01\/DSC08423-2000x1333.jpg 2000w, https:\/\/cristelstudio.com\/wp-content\/uploads\/2026\/01\/DSC08423-768x512.jpg 768w, https:\/\/cristelstudio.com\/wp-content\/uploads\/2026\/01\/DSC08423-1536x1024.jpg 1536w, https:\/\/cristelstudio.com\/wp-content\/uploads\/2026\/01\/DSC08423-18x12.jpg 18w, https:\/\/cristelstudio.com\/wp-content\/uploads\/2026\/01\/DSC08423-550x367.jpg 550w, https:\/\/cristelstudio.com\/wp-content\/uploads\/2026\/01\/DSC08423-64x43.jpg 64w\" sizes=\"(max-width: 2048px) 100vw, 2048px\"><div class=\"bde-text-81586-204 bde-text\">\nPRO STARTER KIT<br>Laajempi paketti ammattilaiselle, joka haluaa kaiken tarvittavan Korean Lash Liftiin <br>Sis\u00e4lt\u00e4\u00e4:<br>NutriLift Step 1 10ml<br>NutriFix Step 2 10ml<br>HydraShield Step 3 10ml<br>NutriFill -hoitotuote 10ml<br>Alba Balm<br>Fast Fix jauhe<br>Long head mikrotikut 100 kpl<br>Silikonisivellin<br>Lash lift kelmu<br>Silikoninen sekoituspaletti<br>Flat muotti<br>Aurora hearts 4 parin muottipakkaus<br>Paperikompensaattorit<br>Silikoni laput 1 pari<br><br>\u2705 Sopii sinulle, jos:<br>haluat heti kaiken tarvittavan sujuvan ty\u00f6skentelyn<br><br>Hinta 291,20. Hintaa oppilalle 218,40\n<\/div>\n<\/div><div class=\"bde-column-81586-195 bde-column\">\n  \n  \n\t\n\n\n\n<div class=\"bde-text-81586-202 bde-text\">\nPERUS STARTER KIT<br><br>Sis\u00e4lt\u00e4\u00e4:<br>NutriLift Step 1 10ml<br>NutriFix Step 2 10ml<br>HydraShield Step 3 10ml<br>NutriFill -hoitotuote 10ml<br>Alba Balm<br>Fast Fix jauhe<br><img decoding=\"async\" draggable=\"false\" role=\"img\" class=\"emoji\" alt=\"\u2705\" src=\"https:\/\/s.w.org\/images\/core\/emoji\/17.0.2\/svg\/2705.svg\"> Sopii sinulle, jos:<br>et tarvitse  laajaa ty\u00f6kalukokoelmaa<br><br>Normi hinta 191,40. Hinta oppilalle 153,10\u20ac<br><br><br><br><br><br><br><br>\n<\/div><img decoding=\"async\" class=\"bde-image2-81586-203 bde-image2\" src=\"https:\/\/cristelstudio.com\/wp-content\/uploads\/2026\/01\/Generative-Fill.jpg\" loading=\"lazy\" srcset=\"https:\/\/cristelstudio.com\/wp-content\/uploads\/2026\/01\/Generative-Fill.jpg 2048w, https:\/\/cristelstudio.com\/wp-content\/uploads\/2026\/01\/Generative-Fill-1000x667.jpg 1000w, https:\/\/cristelstudio.com\/wp-content\/uploads\/2026\/01\/Generative-Fill-2000x1333.jpg 2000w, https:\/\/cristelstudio.com\/wp-content\/uploads\/2026\/01\/Generative-Fill-768x512.jpg 768w, https:\/\/cristelstudio.com\/wp-content\/uploads\/2026\/01\/Generative-Fill-1536x1024.jpg 1536w, https:\/\/cristelstudio.com\/wp-content\/uploads\/2026\/01\/Generative-Fill-18x12.jpg 18w, https:\/\/cristelstudio.com\/wp-content\/uploads\/2026\/01\/Generative-Fill-550x367.jpg 550w, https:\/\/cristelstudio.com\/wp-content\/uploads\/2026\/01\/Generative-Fill-64x43.jpg 64w\" sizes=\"(max-width: 2048px) 100vw, 2048px\">\n<\/div><\/div><\/div>\n<\/section><section class=\"bde-section-81586-164 bde-section\">\n  \n  \n\t\n\n\n\n<div class=\"section-container\"><div class=\"bde-columns-81586-165 bde-columns\"><div class=\"bde-column-81586-166 bde-column\">\n  \n  \n\t\n\n\n\n<div class=\"bde-image-81586-167 bde-image\">\n<figure class=\"breakdance-image breakdance-image--70299\">\n\t<div class=\"breakdance-image-container\">\n\t\t<div class=\"breakdance-image-clip\"><img decoding=\"async\" class=\"breakdance-image-object\" src=\"https:\/\/cristelstudio.com\/wp-content\/uploads\/2024\/07\/23A8440.jpg\" width=\"1365\" height=\"2048\" srcset=\"https:\/\/cristelstudio.com\/wp-content\/uploads\/2024\/07\/23A8440.jpg 1365w, https:\/\/cristelstudio.com\/wp-content\/uploads\/2024\/07\/23A8440-667x1000.jpg 667w, https:\/\/cristelstudio.com\/wp-content\/uploads\/2024\/07\/23A8440-1333x2000.jpg 1333w, https:\/\/cristelstudio.com\/wp-content\/uploads\/2024\/07\/23A8440-768x1152.jpg 768w, https:\/\/cristelstudio.com\/wp-content\/uploads\/2024\/07\/23A8440-1024x1536.jpg 1024w, https:\/\/cristelstudio.com\/wp-content\/uploads\/2024\/07\/23A8440-8x12.jpg 8w, https:\/\/cristelstudio.com\/wp-content\/uploads\/2024\/07\/23A8440-550x825.jpg 550w, https:\/\/cristelstudio.com\/wp-content\/uploads\/2024\/07\/23A8440-64x96.jpg 64w\" sizes=\"(max-width: 1365px) 100vw, 1365px\"><\/div>\n\t<\/div><\/figure>\n\n<\/div>\n<\/div><div class=\"bde-column-81586-168 bde-column\">\n  \n  \n\t\n\n\n\n<div class=\"bde-div-81586-169 bde-div\">\n  \n  \n\t\n\n\n\n<div class=\"bde-text-81586-170 bde-text\">\nCristel Studio\n<\/div><h2 class=\"bde-heading-81586-171 bde-heading\">\nAbout Us\n<\/h2><div class=\"bde-rich-text-81586-172 bde-rich-text breakdance-rich-text-styles\">\n<p>Cristel Studio is a brand that was  founded in 2012, born out of the desire to bring the latest information and technique to the world of eyelash extensions in Finland. From this desire, a high-quality and innovative range of eyelash extension products was born for professionals. Brand owner Kristel Sammalkivi is a multiple award  winner of different lash extension competitions and a  highly reputable judge in the world of eyelash extension competitions.<\/p><p><strong>Why Choose Us?<\/strong>&nbsp;Cristel Studio has the most comprehensive eyelash training in Finland. We will continue supporting you on your professional journey even after completing the training with us.   You will not be left alone with your worries. In our trainings, there is no pressure, everyone can learn at their own pace. We believe in prodiving our students a safe, non-judgmental atmosphere to study in.<\/p>\n<\/div><div class=\"bde-button-81586-173 bde-button\">\n        \n    \n    \n    \n    \n            \n                    \n            \n            \n\n    \n    \n    \n    \n    \n    <a class=\"breakdance-link button-atom button-atom--secondary bde-button__button\" href=\"https:\/\/cristelstudio.com\/en\/verkkokauppa\/\" target=\"_self\" data-type=\"url\"  >\n\n    \n        <span class=\"button-atom__text\">Shop<\/span>\n\n        \n        \n                <\/a>\n\n    \n\n\n<\/div>\n<\/div><div class=\"bde-social-icons-81586-174 bde-social-icons\">\n                  \n            \n            \n\n    \n    \n    \n    \n    \n    <a class=\"breakdance-link bde-social-icons__icon-wrapper bde-social-icons__icon-facebook\" href=\"https:\/\/www.facebook.com\/\" target=\"_self\" data-type=\"url\" aria-label=\"facebook\" >\n\n             <svg xmlns=\"http:\/\/www.w3.org\/2000\/svg\" width=\"100%\" viewbox=\"0 0 24 24\">\n            <path d=\"M9 8h-3v4h3v12h5v-12h3.642l.358-4h-4v-1.667c0-.955.192-1.333 1.115-1.333h2.885v-5h-3.808c-3.596 0-5.192 1.583-5.192 4.615v3.385z\"\/>\n       <\/svg>\n              <\/a>\n\n                    \n            \n            \n\n    \n    \n    \n    \n    \n    <a class=\"breakdance-link bde-social-icons__icon-wrapper bde-social-icons__icon-twitter\" href=\"https:\/\/twitter.com\/\" target=\"_self\" data-type=\"url\" aria-label=\"twitter\" >\n\n              <svg xmlns=\"http:\/\/www.w3.org\/2000\/svg\" width=\"100%\" viewbox=\"0 0 512 512\">\n          <path d=\"M389.2 48h70.6L305.6 224.2 487 464H345L233.7 318.6 106.5 464H35.8L200.7 275.5 26.8 48H172.4L272.9 180.9 389.2 48zM364.4 421.8h39.1L151.1 88h-42L364.4 421.8z\" \/>\n        <\/svg>\n              <\/a>\n\n                    \n            \n            \n\n    \n    \n    \n    \n    \n    <a class=\"breakdance-link bde-social-icons__icon-wrapper bde-social-icons__icon-instagram\" href=\"https:\/\/www.instagram.com\/\" target=\"_self\" data-type=\"url\" aria-label=\"instagram\" >\n\n             <svg xmlns=\"http:\/\/www.w3.org\/2000\/svg\" width=\"100%\" viewbox=\"0 0 24 24\">\n            <path d=\"M12 2.163c3.204 0 3.584.012 4.85.07 3.252.148 4.771 1.691 4.919 4.919.058 1.265.069 1.645.069 4.849 0 3.205-.012 3.584-.069 4.849-.149 3.225-1.664 4.771-4.919 4.919-1.266.058-1.644.07-4.85.07-3.204 0-3.584-.012-4.849-.07-3.26-.149-4.771-1.699-4.919-4.92-.058-1.265-.07-1.644-.07-4.849 0-3.204.013-3.583.07-4.849.149-3.227 1.664-4.771 4.919-4.919 1.266-.057 1.645-.069 4.849-.069zm0-2.163c-3.259 0-3.667.014-4.947.072-4.358.2-6.78 2.618-6.98 6.98-.059 1.281-.073 1.689-.073 4.948 0 3.259.014 3.668.072 4.948.2 4.358 2.618 6.78 6.98 6.98 1.281.058 1.689.072 4.948.072 3.259 0 3.668-.014 4.948-.072 4.354-.2 6.782-2.618 6.979-6.98.059-1.28.073-1.689.073-4.948 0-3.259-.014-3.667-.072-4.947-.196-4.354-2.617-6.78-6.979-6.98-1.281-.059-1.69-.073-4.949-.073zm0 5.838c-3.403 0-6.162 2.759-6.162 6.162s2.759 6.163 6.162 6.163 6.162-2.759 6.162-6.163c0-3.403-2.759-6.162-6.162-6.162zm0 10.162c-2.209 0-4-1.79-4-4 0-2.209 1.791-4 4-4s4 1.791 4 4c0 2.21-1.791 4-4 4zm6.406-11.845c-.796 0-1.441.645-1.441 1.44s.645 1.44 1.441 1.44c.795 0 1.439-.645 1.439-1.44s-.644-1.44-1.439-1.44z\"\/>\n       <\/svg>\n              <\/a>\n\n                    \n            \n            \n\n    \n    \n    \n    \n    \n    <a class=\"breakdance-link bde-social-icons__icon-wrapper bde-social-icons__icon-linkedin\" href=\"http:\/\/linkedin.com\/\" target=\"_self\" data-type=\"url\" aria-label=\"linkedin\" >\n\n             <svg xmlns=\"http:\/\/www.w3.org\/2000\/svg\" width=\"100%\" viewbox=\"-4 -2 32 32\">\n            <path d=\"M4.98 3.5c0 1.381-1.11 2.5-2.48 2.5s-2.48-1.119-2.48-2.5c0-1.38 1.11-2.5 2.48-2.5s2.48 1.12 2.48 2.5zm.02 4.5h-5v16h5v-16zm7.982 0h-4.968v16h4.969v-8.399c0-4.67 6.029-5.052 6.029 0v8.399h4.988v-10.131c0-7.88-8.922-7.593-11.018-3.714v-2.155z\"\/>\n       <\/svg>\n              <\/a>\n\n                    \n            \n            \n\n    \n    \n    \n    \n    \n    <a class=\"breakdance-link bde-social-icons__icon-wrapper bde-social-icons__icon-youtube\" href=\"https:\/\/www.youtube.com\/\" target=\"_self\" data-type=\"url\" aria-label=\"youtube\" >\n\n             <svg xmlns=\"http:\/\/www.w3.org\/2000\/svg\" width=\"100%\" viewbox=\"0 0 24 24\">\n            <path d=\"M19.615 3.184c-3.604-.246-11.631-.245-15.23 0-3.897.266-4.356 2.62-4.385 8.816.029 6.185.484 8.549 4.385 8.816 3.6.245 11.626.246 15.23 0 3.897-.266 4.356-2.62 4.385-8.816-.029-6.185-.484-8.549-4.385-8.816zm-10.615 12.816v-8l8 3.993-8 4.007z\"\/>\n       <\/svg>\n              <\/a>\n\n    \n<\/div>\n<\/div><\/div><\/div>\n<\/section>","protected":false},"excerpt":{"rendered":"<p>Cristel Studio Laminointi koulutukset Kristel on tehny Lash Lifteja jo 9 vuoden ajan ja kouluttanut lash lifteja yli 7 vuoden kokemuksella ja ripsienpidennyksia viel\u00e4 pidemp\u00e4\u00e4n. Pitk\u00e4n ripsiteknikko- ja koulutusurani aikana [&hellip;]<\/p>\n","protected":false},"author":2,"featured_media":0,"parent":0,"menu_order":0,"comment_status":"closed","ping_status":"closed","template":"","meta":{"_breakdance_hide_in_design_set":false,"_breakdance_tags":"","footnotes":""},"class_list":["post-81586","page","type-page","status-publish","hentry"],"acf":[],"_links":{"self":[{"href":"https:\/\/cristelstudio.com\/en\/wp-json\/wp\/v2\/pages\/81586","targetHints":{"allow":["GET"]}}],"collection":[{"href":"https:\/\/cristelstudio.com\/en\/wp-json\/wp\/v2\/pages"}],"about":[{"href":"https:\/\/cristelstudio.com\/en\/wp-json\/wp\/v2\/types\/page"}],"author":[{"embeddable":true,"href":"https:\/\/cristelstudio.com\/en\/wp-json\/wp\/v2\/users\/2"}],"replies":[{"embeddable":true,"href":"https:\/\/cristelstudio.com\/en\/wp-json\/wp\/v2\/comments?post=81586"}],"version-history":[{"count":3,"href":"https:\/\/cristelstudio.com\/en\/wp-json\/wp\/v2\/pages\/81586\/revisions"}],"predecessor-version":[{"id":83106,"href":"https:\/\/cristelstudio.com\/en\/wp-json\/wp\/v2\/pages\/81586\/revisions\/83106"}],"wp:attachment":[{"href":"https:\/\/cristelstudio.com\/en\/wp-json\/wp\/v2\/media?parent=81586"}],"curies":[{"name":"wp","href":"https:\/\/api.w.org\/{rel}","templated":true}]}}