{"id":65817,"date":"2024-01-16T22:48:13","date_gmt":"2024-01-16T20:48:13","guid":{"rendered":"https:\/\/cristelstudio.com\/?page_id=65817"},"modified":"2024-01-16T22:51:39","modified_gmt":"2024-01-16T20:51:39","slug":"maintenance-mode","status":"publish","type":"page","link":"https:\/\/cristelstudio.com\/en\/maintenance-mode\/","title":{"rendered":"Maintenance mode"},"content":{"rendered":"<section class=\"bde-section-65817-100 bde-section\">\n  \n  \n\t\n\n\n\n<div class=\"section-container\"><div class=\"bde-image-65817-101 bde-image\">\n<figure class=\"breakdance-image breakdance-image--65804\">\n\t<div class=\"breakdance-image-container\">\n\t\t<div class=\"breakdance-image-clip\"><img decoding=\"async\" class=\"breakdance-image-object\" src=\"https:\/\/cristelstudio.com\/wp-content\/uploads\/2023\/11\/Cristel-Studio-main-logo-blue-08.png\" width=\"2000\" height=\"884\" srcset=\"https:\/\/cristelstudio.com\/wp-content\/uploads\/2023\/11\/Cristel-Studio-main-logo-blue-08.png 2000w, https:\/\/cristelstudio.com\/wp-content\/uploads\/2023\/11\/Cristel-Studio-main-logo-blue-08-1000x442.png 1000w, https:\/\/cristelstudio.com\/wp-content\/uploads\/2023\/11\/Cristel-Studio-main-logo-blue-08-768x339.png 768w, https:\/\/cristelstudio.com\/wp-content\/uploads\/2023\/11\/Cristel-Studio-main-logo-blue-08-1536x679.png 1536w, https:\/\/cristelstudio.com\/wp-content\/uploads\/2023\/11\/Cristel-Studio-main-logo-blue-08-18x8.png 18w, https:\/\/cristelstudio.com\/wp-content\/uploads\/2023\/11\/Cristel-Studio-main-logo-blue-08-550x243.png 550w, https:\/\/cristelstudio.com\/wp-content\/uploads\/2023\/11\/Cristel-Studio-main-logo-blue-08-64x28.png 64w\" sizes=\"(max-width: 2000px) 100vw, 2000px\"><\/div>\n\t<\/div><\/figure>\n\n<\/div><h1 class=\"bde-heading-65817-102 bde-heading\">\nNettisivut huolletaan\n<\/h1><div class=\"bde-text-65817-103 bde-text\">\nValmistaudu johonkin ihmeelliseen! Upouusi verkkosivustomme on tulossa pian, ja se on t\u00e4ynn\u00e4 j\u00e4nnitt\u00e4vi\u00e4 ominaisuuksia ja tietoa. Pysy kuulolla ja koe se ensimm\u00e4isten joukossa.\n<\/div><\/div>\n<\/section>","protected":false},"excerpt":{"rendered":"<p>Nettisivut huolletaan Valmistaudu johonkin ihmeelliseen! Upouusi verkkosivustomme on tulossa pian, ja se on t\u00e4ynn\u00e4 j\u00e4nnitt\u00e4vi\u00e4 ominaisuuksia ja tietoa. Pysy kuulolla ja koe se ensimm\u00e4isten joukossa.<\/p>","protected":false},"author":1,"featured_media":0,"parent":0,"menu_order":0,"comment_status":"closed","ping_status":"closed","template":"","meta":{"_breakdance_hide_in_design_set":false,"_breakdance_tags":"","footnotes":""},"class_list":["post-65817","page","type-page","status-publish","hentry"],"acf":[],"_links":{"self":[{"href":"https:\/\/cristelstudio.com\/en\/wp-json\/wp\/v2\/pages\/65817","targetHints":{"allow":["GET"]}}],"collection":[{"href":"https:\/\/cristelstudio.com\/en\/wp-json\/wp\/v2\/pages"}],"about":[{"href":"https:\/\/cristelstudio.com\/en\/wp-json\/wp\/v2\/types\/page"}],"author":[{"embeddable":true,"href":"https:\/\/cristelstudio.com\/en\/wp-json\/wp\/v2\/users\/1"}],"replies":[{"embeddable":true,"href":"https:\/\/cristelstudio.com\/en\/wp-json\/wp\/v2\/comments?post=65817"}],"version-history":[{"count":2,"href":"https:\/\/cristelstudio.com\/en\/wp-json\/wp\/v2\/pages\/65817\/revisions"}],"predecessor-version":[{"id":65820,"href":"https:\/\/cristelstudio.com\/en\/wp-json\/wp\/v2\/pages\/65817\/revisions\/65820"}],"wp:attachment":[{"href":"https:\/\/cristelstudio.com\/en\/wp-json\/wp\/v2\/media?parent=65817"}],"curies":[{"name":"wp","href":"https:\/\/api.w.org\/{rel}","templated":true}]}}